{"id":891,"date":"2022-04-25T15:14:05","date_gmt":"2022-04-25T13:14:05","guid":{"rendered":"https:\/\/www.bogensport-beier.de\/magazin\/?page_id=891"},"modified":"2023-05-15T15:00:29","modified_gmt":"2023-05-15T13:00:29","slug":"nachtsichtgeraete","status":"publish","type":"page","link":"https:\/\/www.bogensport-beier.de\/magazin\/nachtsichtgeraete\/","title":{"rendered":"Nachtsichtger\u00e4te"},"content":{"rendered":"\n<style type=\"text\/css\" data-created_by=\"avia_inline_auto\" id=\"style-css-av-l2er14ks-12d05570a4565a6e692ec1e70e397948\">\n#top .av-special-heading.av-l2er14ks-12d05570a4565a6e692ec1e70e397948{\npadding-bottom:10px;\n}\nbody .av-special-heading.av-l2er14ks-12d05570a4565a6e692ec1e70e397948 .av-special-heading-tag .heading-char{\nfont-size:25px;\n}\n.av-special-heading.av-l2er14ks-12d05570a4565a6e692ec1e70e397948 .av-subheading{\nfont-size:15px;\n}\n<\/style>\n<div  class='av-special-heading av-l2er14ks-12d05570a4565a6e692ec1e70e397948 av-special-heading-h1 blockquote modern-quote  avia-builder-el-0  el_before_av_image  avia-builder-el-first '><h1 class='av-special-heading-tag '  itemprop=\"headline\"  >Nachtsichtger\u00e4te<\/h1><div class='av-subheading av-subheading_below'><p>W\u00e4rmebildger\u00e4te und IR Aufheller<\/p>\n<\/div><div class=\"special-heading-border\"><div class=\"special-heading-inner-border\"><\/div><\/div><\/div>\n\n<style type=\"text\/css\" data-created_by=\"avia_inline_auto\" id=\"style-css-av-l2es9xu0-8964192a9ad82d1d93db6a7931335780\">\n.avia-image-container.av-l2es9xu0-8964192a9ad82d1d93db6a7931335780 img.avia_image{\nbox-shadow:none;\n}\n.avia-image-container.av-l2es9xu0-8964192a9ad82d1d93db6a7931335780 .av-image-caption-overlay-center{\ncolor:#ffffff;\n}\n<\/style>\n<div  class='avia-image-container av-l2es9xu0-8964192a9ad82d1d93db6a7931335780 av-styling- avia-align-center  avia-builder-el-1  el_after_av_heading  el_before_av_textblock '   itemprop=\"image\" itemscope=\"itemscope\" itemtype=\"https:\/\/schema.org\/ImageObject\" ><div class=\"avia-image-container-inner\"><div class=\"avia-image-overlay-wrap\"><img decoding=\"async\" fetchpriority=\"high\" class='wp-image-915 avia-img-lazy-loading-not-915 avia_image ' src=\"https:\/\/www.bogensport-beier.de\/magazin\/wp-content\/uploads\/2022\/04\/nachtsicht-waermebild-hydra-diycon-banner-bogensport-beier.jpg\" alt='' title='nachtsicht-waermebild-hydra-diycon-banner-bogensport-beier'  height=\"412\" width=\"900\"  itemprop=\"thumbnailUrl\" srcset=\"https:\/\/www.bogensport-beier.de\/magazin\/wp-content\/uploads\/2022\/04\/nachtsicht-waermebild-hydra-diycon-banner-bogensport-beier.jpg 900w, https:\/\/www.bogensport-beier.de\/magazin\/wp-content\/uploads\/2022\/04\/nachtsicht-waermebild-hydra-diycon-banner-bogensport-beier-300x137.jpg 300w, https:\/\/www.bogensport-beier.de\/magazin\/wp-content\/uploads\/2022\/04\/nachtsicht-waermebild-hydra-diycon-banner-bogensport-beier-768x352.jpg 768w, https:\/\/www.bogensport-beier.de\/magazin\/wp-content\/uploads\/2022\/04\/nachtsicht-waermebild-hydra-diycon-banner-bogensport-beier-705x323.jpg 705w\" sizes=\"(max-width: 900px) 100vw, 900px\" \/><\/div><\/div><\/div>\n<section  class='av_textblock_section av-7j3y3-876e1987cb8a9e431bd7cfea0831dd10 '   itemscope=\"itemscope\" itemtype=\"https:\/\/schema.org\/CreativeWork\" ><div class='avia_textblock'  itemprop=\"text\" ><p>DIYCON besch\u00e4ftigt sich schon seit 2009 mit der Entwicklung und Herstellung von <em>Nachtsichtger\u00e4ten<\/em> f\u00fcr die \u00f6ffentliche Hand, wie Beh\u00f6rden, Industrie und nat\u00fcrlich auch f\u00fcr die Jagd. Der Antrieb dazu war f\u00fcr den Inhaber die Unzufriedenheit mit den <em>Nachtsichtger\u00e4ten,<\/em> die es auf den Markt gab.<\/p>\n<p>Nach dem Motto:<\/p>\n<blockquote>\n<p><u>Siehst du die Sau nicht bei Nacht, brauchst du ein <em>Nachtsichtger\u00e4t<\/em> das helle macht!<\/u><\/p>\n<\/blockquote>\n<\/div><\/section>\n\n<section  class='av_textblock_section av-l2escac6-4f68f61f5f10955fd70fc6caf5c22ab9 '   itemscope=\"itemscope\" itemtype=\"https:\/\/schema.org\/CreativeWork\" ><div class='avia_textblock'  itemprop=\"text\" ><p>Eigens f\u00fcr DIYCON entwickelte, hochwertige, Elektronikkomponenten und Optiken sind der Garant f\u00fcr au\u00dfergew\u00f6hnlich gute Bildqualit\u00e4t, sowie Zuverl\u00e4ssigkeit der <em>Nachtsichtger\u00e4te<\/em> und das auch bei rauen Eins\u00e4tzen. Eines der Ziele bei der Entwicklung der <em>Nachtsichtger\u00e4te<\/em> und deren Zubeh\u00f6rteile war und ist die Praxistauglichkeit. Als J\u00e4ger wussten die Jungs von DIYCON nat\u00fcrlich worauf es ankommt und haben ihre Erfahrung stets mit in die Entwicklungen einflie\u00dfen lassen und diese umgesetzt.<\/p>\n<p><strong>Und warum Digital?<\/strong><\/p>\n<p><span dir=\"ltr\" role=\"presentation\">\u00dcber einen langen Zeitraum hinweg wurden <em>Nachtsichtger\u00e4te<\/em> mit Bildverst\u00e4rkern ausger\u00fcstet, welche das vorhandene Restlicht verst\u00e4rkten. <\/span><span dir=\"ltr\" role=\"presentation\">Ihrer Bauart geschuldet traten h\u00e4ufig Fehler in der Hochspannungelektronik auf, die auf den Schock zur\u00fcckzuf\u00fchren waren. So entstanden nicht selten teure Totalsch\u00e4den der Nachtsichtger\u00e4te. Die CMOS-Sensortechnologie beugt diesen Nachteilen in vielen F\u00e4llen vor und somit sie konsequent von DIYCON eingesetzt.<\/span><span dir=\"ltr\" style=\"left: 435.314px; top: 507.164px; font-size: 14.7663px; font-family: sans-serif; transform: scaleX(0.997796);\" role=\"presentation\"><br \/>\n<\/span><\/p>\n<\/div><\/section>\n<div  class='avia-button-wrap av-l2errsac-d1bb08b60efed3eabb4c943495525de3-wrap avia-button-center  avia-builder-el-5  el_after_av_textblock  avia-builder-el-last '><a href='https:\/\/www.nachtsicht-jagd.de' class='avia-button av-l2errsac-d1bb08b60efed3eabb4c943495525de3 av-link-btn avia-icon_select-yes-right-icon avia-size-small avia-position-center avia-color-theme-color' target=\"_blank\" rel=\"noopener noreferrer\" aria-label=\"zu den Nachtsichtger\u00e4ten im Shop\"><span class='avia_iconbox_title' >zu den Nachtsichtger\u00e4ten im Shop<\/span><span class='avia_button_icon avia_button_icon_right' aria-hidden='true' data-av_icon='\ue889' data-av_iconfont='entypo-fontello'><\/span><\/a><\/div>\n","protected":false},"excerpt":{"rendered":"","protected":false},"author":1,"featured_media":0,"parent":0,"menu_order":1,"comment_status":"closed","ping_status":"closed","template":"","meta":{"footnotes":""},"class_list":["post-891","page","type-page","status-publish","hentry"],"yoast_head":"<!-- This site is optimized with the Yoast SEO plugin v27.1.1 - https:\/\/yoast.com\/product\/yoast-seo-wordpress\/ -->\n<title>Nachtsichtger\u00e4te - Magazin - Bogensport Beier<\/title>\n<meta name=\"description\" content=\"Nachtsichtger\u00e4te von DIYCON f\u00fcr Beh\u00f6rden, Industrie und besonders die Jagd sind hochpr\u00e4zise Instrumente um die Nacht zum Tag zu machen.\" \/>\n<meta name=\"robots\" content=\"index, follow, max-snippet:-1, max-image-preview:large, max-video-preview:-1\" \/>\n<link rel=\"canonical\" href=\"https:\/\/www.bogensport-beier.de\/magazin\/nachtsichtgeraete\/\" \/>\n<meta property=\"og:locale\" content=\"de_DE\" \/>\n<meta property=\"og:type\" content=\"article\" \/>\n<meta property=\"og:title\" content=\"Nachtsichtger\u00e4te - Magazin - Bogensport Beier\" \/>\n<meta property=\"og:description\" content=\"Nachtsichtger\u00e4te von DIYCON f\u00fcr Beh\u00f6rden, Industrie und besonders die Jagd sind hochpr\u00e4zise Instrumente um die Nacht zum Tag zu machen.\" \/>\n<meta property=\"og:url\" content=\"https:\/\/www.bogensport-beier.de\/magazin\/nachtsichtgeraete\/\" \/>\n<meta property=\"og:site_name\" content=\"Magazin - Bogensport Beier\" \/>\n<meta property=\"article:modified_time\" content=\"2023-05-15T13:00:29+00:00\" \/>\n<meta name=\"twitter:card\" content=\"summary_large_image\" \/>\n<meta name=\"twitter:label1\" content=\"Gesch\u00e4tzte Lesezeit\" \/>\n\t<meta name=\"twitter:data1\" content=\"3\u00a0Minuten\" \/>\n<script type=\"application\/ld+json\" class=\"yoast-schema-graph\">{\"@context\":\"https:\/\/schema.org\",\"@graph\":[{\"@type\":\"WebPage\",\"@id\":\"https:\/\/www.bogensport-beier.de\/magazin\/nachtsichtgeraete\/\",\"url\":\"https:\/\/www.bogensport-beier.de\/magazin\/nachtsichtgeraete\/\",\"name\":\"Nachtsichtger\u00e4te - Magazin - Bogensport Beier\",\"isPartOf\":{\"@id\":\"https:\/\/www.bogensport-beier.de\/magazin\/#website\"},\"datePublished\":\"2022-04-25T13:14:05+00:00\",\"dateModified\":\"2023-05-15T13:00:29+00:00\",\"description\":\"Nachtsichtger\u00e4te von DIYCON f\u00fcr Beh\u00f6rden, Industrie und besonders die Jagd sind hochpr\u00e4zise Instrumente um die Nacht zum Tag zu machen.\",\"breadcrumb\":{\"@id\":\"https:\/\/www.bogensport-beier.de\/magazin\/nachtsichtgeraete\/#breadcrumb\"},\"inLanguage\":\"de\",\"potentialAction\":[{\"@type\":\"ReadAction\",\"target\":[\"https:\/\/www.bogensport-beier.de\/magazin\/nachtsichtgeraete\/\"]}]},{\"@type\":\"BreadcrumbList\",\"@id\":\"https:\/\/www.bogensport-beier.de\/magazin\/nachtsichtgeraete\/#breadcrumb\",\"itemListElement\":[{\"@type\":\"ListItem\",\"position\":1,\"name\":\"Startseite\",\"item\":\"https:\/\/www.bogensport-beier.de\/magazin\/\"},{\"@type\":\"ListItem\",\"position\":2,\"name\":\"Nachtsichtger\u00e4te\"}]},{\"@type\":\"WebSite\",\"@id\":\"https:\/\/www.bogensport-beier.de\/magazin\/#website\",\"url\":\"https:\/\/www.bogensport-beier.de\/magazin\/\",\"name\":\"Magazin - Bogensport Beier\",\"description\":\"Alles rund um den Bogensport\",\"potentialAction\":[{\"@type\":\"SearchAction\",\"target\":{\"@type\":\"EntryPoint\",\"urlTemplate\":\"https:\/\/www.bogensport-beier.de\/magazin\/?s={search_term_string}\"},\"query-input\":{\"@type\":\"PropertyValueSpecification\",\"valueRequired\":true,\"valueName\":\"search_term_string\"}}],\"inLanguage\":\"de\"}]}<\/script>\n<!-- \/ Yoast SEO plugin. -->","yoast_head_json":{"title":"Nachtsichtger\u00e4te - Magazin - Bogensport Beier","description":"Nachtsichtger\u00e4te von DIYCON f\u00fcr Beh\u00f6rden, Industrie und besonders die Jagd sind hochpr\u00e4zise Instrumente um die Nacht zum Tag zu machen.","robots":{"index":"index","follow":"follow","max-snippet":"max-snippet:-1","max-image-preview":"max-image-preview:large","max-video-preview":"max-video-preview:-1"},"canonical":"https:\/\/www.bogensport-beier.de\/magazin\/nachtsichtgeraete\/","og_locale":"de_DE","og_type":"article","og_title":"Nachtsichtger\u00e4te - Magazin - Bogensport Beier","og_description":"Nachtsichtger\u00e4te von DIYCON f\u00fcr Beh\u00f6rden, Industrie und besonders die Jagd sind hochpr\u00e4zise Instrumente um die Nacht zum Tag zu machen.","og_url":"https:\/\/www.bogensport-beier.de\/magazin\/nachtsichtgeraete\/","og_site_name":"Magazin - Bogensport Beier","article_modified_time":"2023-05-15T13:00:29+00:00","twitter_card":"summary_large_image","twitter_misc":{"Gesch\u00e4tzte Lesezeit":"3\u00a0Minuten"},"schema":{"@context":"https:\/\/schema.org","@graph":[{"@type":"WebPage","@id":"https:\/\/www.bogensport-beier.de\/magazin\/nachtsichtgeraete\/","url":"https:\/\/www.bogensport-beier.de\/magazin\/nachtsichtgeraete\/","name":"Nachtsichtger\u00e4te - Magazin - Bogensport Beier","isPartOf":{"@id":"https:\/\/www.bogensport-beier.de\/magazin\/#website"},"datePublished":"2022-04-25T13:14:05+00:00","dateModified":"2023-05-15T13:00:29+00:00","description":"Nachtsichtger\u00e4te von DIYCON f\u00fcr Beh\u00f6rden, Industrie und besonders die Jagd sind hochpr\u00e4zise Instrumente um die Nacht zum Tag zu machen.","breadcrumb":{"@id":"https:\/\/www.bogensport-beier.de\/magazin\/nachtsichtgeraete\/#breadcrumb"},"inLanguage":"de","potentialAction":[{"@type":"ReadAction","target":["https:\/\/www.bogensport-beier.de\/magazin\/nachtsichtgeraete\/"]}]},{"@type":"BreadcrumbList","@id":"https:\/\/www.bogensport-beier.de\/magazin\/nachtsichtgeraete\/#breadcrumb","itemListElement":[{"@type":"ListItem","position":1,"name":"Startseite","item":"https:\/\/www.bogensport-beier.de\/magazin\/"},{"@type":"ListItem","position":2,"name":"Nachtsichtger\u00e4te"}]},{"@type":"WebSite","@id":"https:\/\/www.bogensport-beier.de\/magazin\/#website","url":"https:\/\/www.bogensport-beier.de\/magazin\/","name":"Magazin - Bogensport Beier","description":"Alles rund um den Bogensport","potentialAction":[{"@type":"SearchAction","target":{"@type":"EntryPoint","urlTemplate":"https:\/\/www.bogensport-beier.de\/magazin\/?s={search_term_string}"},"query-input":{"@type":"PropertyValueSpecification","valueRequired":true,"valueName":"search_term_string"}}],"inLanguage":"de"}]}},"_links":{"self":[{"href":"https:\/\/www.bogensport-beier.de\/magazin\/wp-json\/wp\/v2\/pages\/891","targetHints":{"allow":["GET"]}}],"collection":[{"href":"https:\/\/www.bogensport-beier.de\/magazin\/wp-json\/wp\/v2\/pages"}],"about":[{"href":"https:\/\/www.bogensport-beier.de\/magazin\/wp-json\/wp\/v2\/types\/page"}],"author":[{"embeddable":true,"href":"https:\/\/www.bogensport-beier.de\/magazin\/wp-json\/wp\/v2\/users\/1"}],"replies":[{"embeddable":true,"href":"https:\/\/www.bogensport-beier.de\/magazin\/wp-json\/wp\/v2\/comments?post=891"}],"version-history":[{"count":15,"href":"https:\/\/www.bogensport-beier.de\/magazin\/wp-json\/wp\/v2\/pages\/891\/revisions"}],"predecessor-version":[{"id":981,"href":"https:\/\/www.bogensport-beier.de\/magazin\/wp-json\/wp\/v2\/pages\/891\/revisions\/981"}],"wp:attachment":[{"href":"https:\/\/www.bogensport-beier.de\/magazin\/wp-json\/wp\/v2\/media?parent=891"}],"curies":[{"name":"wp","href":"https:\/\/api.w.org\/{rel}","templated":true}]}}