{"id":746,"date":"2022-03-14T14:43:35","date_gmt":"2022-03-14T13:43:35","guid":{"rendered":"https:\/\/www.bogensport-beier.de\/magazin\/?page_id=746"},"modified":"2024-03-06T13:30:17","modified_gmt":"2024-03-06T12:30:17","slug":"armbrust-bolzen","status":"publish","type":"page","link":"https:\/\/www.bogensport-beier.de\/magazin\/armbrust-bolzen\/","title":{"rendered":"Armbrust Bolzen"},"content":{"rendered":"\n<style type=\"text\/css\" data-created_by=\"avia_inline_auto\" id=\"style-css-av-dcyma-d63f3922b3cfe945a3363a8badd476cd\">\n#top .av-special-heading.av-dcyma-d63f3922b3cfe945a3363a8badd476cd{\npadding-bottom:10px;\n}\nbody .av-special-heading.av-dcyma-d63f3922b3cfe945a3363a8badd476cd .av-special-heading-tag .heading-char{\nfont-size:25px;\n}\n.av-special-heading.av-dcyma-d63f3922b3cfe945a3363a8badd476cd .av-subheading{\nfont-size:15px;\n}\n<\/style>\n<div  class='av-special-heading av-dcyma-d63f3922b3cfe945a3363a8badd476cd av-special-heading-h1 blockquote modern-quote  avia-builder-el-0  el_before_av_one_half  avia-builder-el-first '><h1 class='av-special-heading-tag '  itemprop=\"headline\"  >Armbrustbolzen kaufen<\/h1><div class=\"special-heading-border\"><div class=\"special-heading-inner-border\"><\/div><\/div><\/div>\n<div  class='flex_column av-gry36-be38bfa8bd480863efcea8d37fc62552 av_one_half  avia-builder-el-1  el_after_av_heading  el_before_av_one_half  first flex_column_div  '     ><style type=\"text\/css\" data-created_by=\"avia_inline_auto\" id=\"style-css-av-l265t3s9-8b4368f4d455fbe494587969fa83c2b5\">\n.avia-image-container.av-l265t3s9-8b4368f4d455fbe494587969fa83c2b5 img.avia_image{\nbox-shadow:none;\n}\n.avia-image-container.av-l265t3s9-8b4368f4d455fbe494587969fa83c2b5 .av-image-caption-overlay-center{\ncolor:#ffffff;\n}\n<\/style>\n<div  class='avia-image-container av-l265t3s9-8b4368f4d455fbe494587969fa83c2b5 av-styling- avia-align-center  avia-builder-el-2  avia-builder-el-no-sibling '   itemprop=\"image\" itemscope=\"itemscope\" itemtype=\"https:\/\/schema.org\/ImageObject\" ><div class=\"avia-image-container-inner\"><div class=\"avia-image-overlay-wrap\"><img decoding=\"async\" fetchpriority=\"high\" class='wp-image-868 avia-img-lazy-loading-not-868 avia_image ' src=\"https:\/\/www.bogensport-beier.de\/magazin\/wp-content\/uploads\/2022\/04\/armbrust-bolzen-goldtip-swift-20-zoll-bogensport-beier-1-300x300.jpg\" alt='' title='armbrust-bolzen-goldtip-swift-20-zoll-bogensport-beier-1'  height=\"300\" width=\"300\"  itemprop=\"thumbnailUrl\" srcset=\"https:\/\/www.bogensport-beier.de\/magazin\/wp-content\/uploads\/2022\/04\/armbrust-bolzen-goldtip-swift-20-zoll-bogensport-beier-1-300x300.jpg 300w, https:\/\/www.bogensport-beier.de\/magazin\/wp-content\/uploads\/2022\/04\/armbrust-bolzen-goldtip-swift-20-zoll-bogensport-beier-1-1030x1030.jpg 1030w, https:\/\/www.bogensport-beier.de\/magazin\/wp-content\/uploads\/2022\/04\/armbrust-bolzen-goldtip-swift-20-zoll-bogensport-beier-1-80x80.jpg 80w, https:\/\/www.bogensport-beier.de\/magazin\/wp-content\/uploads\/2022\/04\/armbrust-bolzen-goldtip-swift-20-zoll-bogensport-beier-1-768x768.jpg 768w, https:\/\/www.bogensport-beier.de\/magazin\/wp-content\/uploads\/2022\/04\/armbrust-bolzen-goldtip-swift-20-zoll-bogensport-beier-1-36x36.jpg 36w, https:\/\/www.bogensport-beier.de\/magazin\/wp-content\/uploads\/2022\/04\/armbrust-bolzen-goldtip-swift-20-zoll-bogensport-beier-1-180x180.jpg 180w, https:\/\/www.bogensport-beier.de\/magazin\/wp-content\/uploads\/2022\/04\/armbrust-bolzen-goldtip-swift-20-zoll-bogensport-beier-1-705x705.jpg 705w, https:\/\/www.bogensport-beier.de\/magazin\/wp-content\/uploads\/2022\/04\/armbrust-bolzen-goldtip-swift-20-zoll-bogensport-beier-1.jpg 1500w\" sizes=\"(max-width: 300px) 100vw, 300px\" \/><\/div><\/div><\/div><\/div>\n<div  class='flex_column av-nrii-35b12e05fb0d1b5b3bd921aed7c2f906 av_one_half  avia-builder-el-3  el_after_av_one_half  el_before_av_one_full  flex_column_div  '     ><style type=\"text\/css\" data-created_by=\"avia_inline_auto\" id=\"style-css-av-l2664u7f-830b4b0c691765386123b78d364cfcc8\">\n.avia-image-container.av-l2664u7f-830b4b0c691765386123b78d364cfcc8 img.avia_image{\nbox-shadow:none;\n}\n.avia-image-container.av-l2664u7f-830b4b0c691765386123b78d364cfcc8 .av-image-caption-overlay-center{\ncolor:#ffffff;\n}\n<\/style>\n<div  class='avia-image-container av-l2664u7f-830b4b0c691765386123b78d364cfcc8 av-styling- avia-align-center  avia-builder-el-4  avia-builder-el-no-sibling '   itemprop=\"image\" itemscope=\"itemscope\" itemtype=\"https:\/\/schema.org\/ImageObject\" ><div class=\"avia-image-container-inner\"><div class=\"avia-image-overlay-wrap\"><img decoding=\"async\" fetchpriority=\"high\" class='wp-image-870 avia-img-lazy-loading-not-870 avia_image ' src=\"https:\/\/www.bogensport-beier.de\/magazin\/wp-content\/uploads\/2022\/04\/armbrust-bolzen-mittelalter-bogensport-beier-300x300.jpg\" alt='' title='armbrust-bolzen-mittelalter-bogensport-beier'  height=\"300\" width=\"300\"  itemprop=\"thumbnailUrl\" srcset=\"https:\/\/www.bogensport-beier.de\/magazin\/wp-content\/uploads\/2022\/04\/armbrust-bolzen-mittelalter-bogensport-beier-300x300.jpg 300w, https:\/\/www.bogensport-beier.de\/magazin\/wp-content\/uploads\/2022\/04\/armbrust-bolzen-mittelalter-bogensport-beier-1030x1030.jpg 1030w, https:\/\/www.bogensport-beier.de\/magazin\/wp-content\/uploads\/2022\/04\/armbrust-bolzen-mittelalter-bogensport-beier-80x80.jpg 80w, https:\/\/www.bogensport-beier.de\/magazin\/wp-content\/uploads\/2022\/04\/armbrust-bolzen-mittelalter-bogensport-beier-768x768.jpg 768w, https:\/\/www.bogensport-beier.de\/magazin\/wp-content\/uploads\/2022\/04\/armbrust-bolzen-mittelalter-bogensport-beier-36x36.jpg 36w, https:\/\/www.bogensport-beier.de\/magazin\/wp-content\/uploads\/2022\/04\/armbrust-bolzen-mittelalter-bogensport-beier-180x180.jpg 180w, https:\/\/www.bogensport-beier.de\/magazin\/wp-content\/uploads\/2022\/04\/armbrust-bolzen-mittelalter-bogensport-beier-705x705.jpg 705w, https:\/\/www.bogensport-beier.de\/magazin\/wp-content\/uploads\/2022\/04\/armbrust-bolzen-mittelalter-bogensport-beier.jpg 1500w\" sizes=\"(max-width: 300px) 100vw, 300px\" \/><\/div><\/div><\/div><\/div>\n<div  class='flex_column av-lqley-21aad8d1141c7717c765d71674f4366d av_one_full  avia-builder-el-5  el_after_av_one_half  el_before_av_hr  first flex_column_div  column-top-margin'     ><section  class='av_textblock_section av-7z6je-a12b54434f80865e4285e83d43a53e03 '   itemscope=\"itemscope\" itemtype=\"https:\/\/schema.org\/CreativeWork\" ><div class='avia_textblock'  itemprop=\"text\" ><p>Wer sich eine <strong><em>Armbrust<\/em><\/strong> kauft, braucht auch <strong><em>Armbrustbolzen<\/em><\/strong>. Doch welcher ist der richtige?<\/p>\n<p>Nutze einfach die exzellente Auswahl an <em>Armbrustbolzen<\/em> bei uns im Shop. Bogensport Beier bietet alles von g\u00fcnstigen <em>Armbrustbolzen<\/em> Sets bis hin zu ganz hochwertigen <em>Armbrustbolzen<\/em> f\u00fcr deine <em>Armbrust<\/em>.<\/p>\n<p>Selbstverst\u00e4ndlich bekommst Du <em>Armbrustbolzen<\/em> f\u00fcr Miniarmbrust, die so genannte Pistolen \u2013 <em>Armbrust<\/em> bis hin zu den <em>Armbrustbolzen<\/em> f\u00fcr Hochgeschwindigkeitsarmbr\u00fcste.<\/p>\n<p>F\u00fcr diese <em>Armbrustbolzen<\/em> bekommst Du auch viel Zubeh\u00f6r wie Jagdspitzen und anderen Pfeilspitzen.<\/p>\n<p>Warum werden lange <em>Armbrustbolzen<\/em> von 18 bis 20 Zoll L\u00e4nge eingesetzt? Diese finden im sportlichen <em>Armbrust<\/em>schie\u00dfen, wo es auch aus sportlicher Sicht um Pr\u00e4zision geht um ein Turnier zu gewinnen und wo es auch mal um gr\u00f6\u00dfere Distanzen geht. Idealer weise nutzt man hier Carbon <em>Armbrustbolzen<\/em> die durch hohe Rundlaufgenauigkeiten gl\u00e4nzen. Diese Carbon <em>Armbrustbolzen<\/em> sind auch einfach zu handhaben und weisen eine hohe Stabilit\u00e4t aus.<\/p>\n<p>Um auf festmontierte Armbrustscheiben zu schie\u00dfen nimmt man in der Regel kurze <em>Armbrustbolzen<\/em>. Aufgrund der hohen Durchschlagskraft wird hier dringend eine schusssichere R\u00fcckwand gebraucht. F\u00fcr solche Zwecke kaufst Du am besten die g\u00fcnstigen <em>Armbrustbolzen<\/em> Sets, die haben meist eine L\u00e4nge von nur 6 Zoll. da profitierst Du von Vorteilspreis eines solchen Sets. Manche <em>Armbr\u00fcste<\/em> bieten die M\u00f6glichkeit Stahlkugeln zu verschie\u00dfen, auch diese Kugeln bekommt Du bei uns in Bogensport Beier Shop.<\/p>\n<p>Bei hochwertigen <em>Armbrustbolzen<\/em> lassen sich auch meist die Spitzen tauschen. so k\u00f6nntest Du die Scheibenspitzen auch gegen Jagdspitzen austauschen.<\/p>\n<p>Aber Vorsicht:<\/p>\n<ul>\n<li>Die meisten Verletzungen mit jagdtauglichen Pfeilen und Bolzen passieren beim Hantieren mit den solchen.<\/li>\n<li>Die Jagd mit Pfeil und <em>Armbrustbolzen<\/em> ist in Deutschland nicht erlaubt! Bitte immer die Landesgesetzte beachten.<\/li>\n<\/ul>\n<p>Grunds\u00e4tzlich gilt:<\/p>\n<p>Die <em>Armbrustbolzen<\/em> welche bei einem Set gleich vom Hersteller mitgeliefert wurden, sind sicherlich <em>Armbrustbolzen<\/em> die auch funktionieren, aber nicht immer die hochwertigsten <em>Armbrustbolzen<\/em>. Klar, besser geht immer, aber f\u00fcr den Anfang sind diese bestimmt ausreichend. Es d\u00fcrfen jedoch nur Bolzen verwendet werden, die vom Hersteller zugelassen und empfohlen werden.<\/p>\n<p>WICHTIG!<br \/>\nEs muss immer vor jedem Schuss eine \u00dcberpr\u00fcfung des verwendeten Bolzens, inkl. Nocke und Spitze, stattfinden. Besch\u00e4digte Bolzen m\u00fcssen aussortiert werden und d\u00fcrfen nicht mehr verwendet werden. Verschlei\u00df am Material sollte nicht \u00fcbersehen werden, da beim Abschuss enorme Kr\u00e4fte auf den gesamten Bolzen wirken. Du, die Armbrust, Personen, auch das Umfeld k\u00f6nnen hier erheblichen Schaden nehmen, wenn Du hier nachl\u00e4ssig bist!<\/p>\n<p>Rein grunds\u00e4tzlich empfehlen wir auf hochwertigerer <em>Armbrustbolzen<\/em> zur\u00fcckzugreifen. Sp\u00e4testens dann, wenn welche nachgekauft werden, dass der richtige Zeitpunkt um \u00fcber andere <em>Armbrustbolzen<\/em> nachzudenken. Wenn Du hier Hilfe brauchst um die richtigen Armbrustbolzen zu finden, kontaktiere uns bitte, wir helfen Dir weiter um die richtigen <em>Armbrustbolzen<\/em> f\u00fcr deine <em>Armbrust<\/em> zu finden<\/p>\n<p>Aber jetzt, viel Spa\u00df bei st\u00f6bern im unseren <em>Armbrust<\/em> Shop und viel Spa\u00df beim Kaufen und beim <em>Armbrustschie\u00dfen<\/em>.<\/p>\n<p>Wenn Du noch Fragen zum Thema Bogenschiesse und Armbrustschiessen hast. Darfst du und gerne kontaktieren. Wir freuen uns auf Nachricht von Dir.<\/p>\n<p>Gerne kannst Du dich auch in unserem YouTube-Kanal informieren \/ inspirieren.<\/p>\n<\/div><\/section><\/div><div  class='hr av-ahsvu-a30cc2d0a87a57446a9d982d64d46798 hr-default  avia-builder-el-7  el_after_av_one_full  el_before_av_button '><span class='hr-inner '><span class=\"hr-inner-style\"><\/span><\/span><\/div><\/p>\n<div  class='avia-button-wrap av-l265s8eb-a8360ab54043b448731649caa33ef517-wrap avia-button-center  avia-builder-el-8  el_after_av_hr  el_before_av_image '><a href='https:\/\/www.bogensport-beier.de\/armbrueste\/armbrust-bolzen\/' class='avia-button av-l265s8eb-a8360ab54043b448731649caa33ef517 av-link-btn avia-icon_select-yes-right-icon avia-size-small avia-position-center avia-color-theme-color' target=\"_blank\" rel=\"noopener noreferrer\" aria-label=\"zu den Armbrust Bolzen im Shop\"><span class='avia_iconbox_title' >zu den Armbrust Bolzen im Shop<\/span><span class='avia_button_icon avia_button_icon_right' aria-hidden='true' data-av_icon='\ue889' data-av_iconfont='entypo-fontello'><\/span><\/a><\/div>\n\n<style type=\"text\/css\" data-created_by=\"avia_inline_auto\" id=\"style-css-av-l265qycy-e687e353242f544af353acd72b19f2d6\">\n.avia-image-container.av-l265qycy-e687e353242f544af353acd72b19f2d6 img.avia_image{\nbox-shadow:none;\n}\n.avia-image-container.av-l265qycy-e687e353242f544af353acd72b19f2d6 .av-image-caption-overlay-center{\ncolor:#ffffff;\n}\n<\/style>\n<div  class='avia-image-container av-l265qycy-e687e353242f544af353acd72b19f2d6 av-styling- av-img-linked avia-align-center  avia-builder-el-9  el_after_av_button  avia-builder-el-last '   itemprop=\"image\" itemscope=\"itemscope\" itemtype=\"https:\/\/schema.org\/ImageObject\" ><div class=\"avia-image-container-inner\"><div class=\"avia-image-overlay-wrap\"><a href=\"https:\/\/www.bogensport-beier.de\/armbrueste\/armbrust-bolzen\/\" class='avia_image ' target=\"_blank\" rel=\"noopener noreferrer\" aria-label='armbrust-bolzen-goldtip-swift-20-zoll-bogensport-beier-2'><img decoding=\"async\" fetchpriority=\"high\" class='wp-image-867 avia-img-lazy-loading-not-867 avia_image ' src=\"https:\/\/www.bogensport-beier.de\/magazin\/wp-content\/uploads\/2022\/04\/armbrust-bolzen-goldtip-swift-20-zoll-bogensport-beier-2-300x300.jpg\" alt='' title='armbrust-bolzen-goldtip-swift-20-zoll-bogensport-beier-2'  height=\"300\" width=\"300\"  itemprop=\"thumbnailUrl\" srcset=\"https:\/\/www.bogensport-beier.de\/magazin\/wp-content\/uploads\/2022\/04\/armbrust-bolzen-goldtip-swift-20-zoll-bogensport-beier-2-300x300.jpg 300w, https:\/\/www.bogensport-beier.de\/magazin\/wp-content\/uploads\/2022\/04\/armbrust-bolzen-goldtip-swift-20-zoll-bogensport-beier-2-1030x1030.jpg 1030w, https:\/\/www.bogensport-beier.de\/magazin\/wp-content\/uploads\/2022\/04\/armbrust-bolzen-goldtip-swift-20-zoll-bogensport-beier-2-80x80.jpg 80w, https:\/\/www.bogensport-beier.de\/magazin\/wp-content\/uploads\/2022\/04\/armbrust-bolzen-goldtip-swift-20-zoll-bogensport-beier-2-768x768.jpg 768w, https:\/\/www.bogensport-beier.de\/magazin\/wp-content\/uploads\/2022\/04\/armbrust-bolzen-goldtip-swift-20-zoll-bogensport-beier-2-36x36.jpg 36w, https:\/\/www.bogensport-beier.de\/magazin\/wp-content\/uploads\/2022\/04\/armbrust-bolzen-goldtip-swift-20-zoll-bogensport-beier-2-180x180.jpg 180w, https:\/\/www.bogensport-beier.de\/magazin\/wp-content\/uploads\/2022\/04\/armbrust-bolzen-goldtip-swift-20-zoll-bogensport-beier-2-705x705.jpg 705w, https:\/\/www.bogensport-beier.de\/magazin\/wp-content\/uploads\/2022\/04\/armbrust-bolzen-goldtip-swift-20-zoll-bogensport-beier-2.jpg 1500w\" sizes=\"(max-width: 300px) 100vw, 300px\" \/><\/a><\/div><\/div><\/div>\n","protected":false},"excerpt":{"rendered":"","protected":false},"author":1,"featured_media":0,"parent":0,"menu_order":2,"comment_status":"closed","ping_status":"closed","template":"","meta":{"footnotes":""},"class_list":["post-746","page","type-page","status-publish","hentry"],"yoast_head":"<!-- This site is optimized with the Yoast SEO plugin v27.1.1 - https:\/\/yoast.com\/product\/yoast-seo-wordpress\/ -->\n<title>Armbrust Bolzen - Magazin - Bogensport Beier<\/title>\n<meta name=\"description\" content=\"Egal welchen Armbrust Typ du verwendest, zum schie\u00dfen ben\u00f6tigst du einen Armbrust Bolzen. Hier erf\u00e4hrst du was den Unterschied ausmacht.\" \/>\n<meta name=\"robots\" content=\"index, follow, max-snippet:-1, max-image-preview:large, max-video-preview:-1\" \/>\n<link rel=\"canonical\" href=\"https:\/\/www.bogensport-beier.de\/magazin\/armbrust-bolzen\/\" \/>\n<meta property=\"og:locale\" content=\"de_DE\" \/>\n<meta property=\"og:type\" content=\"article\" \/>\n<meta property=\"og:title\" content=\"Armbrust Bolzen - Magazin - Bogensport Beier\" \/>\n<meta property=\"og:description\" content=\"Egal welchen Armbrust Typ du verwendest, zum schie\u00dfen ben\u00f6tigst du einen Armbrust Bolzen. Hier erf\u00e4hrst du was den Unterschied ausmacht.\" \/>\n<meta property=\"og:url\" content=\"https:\/\/www.bogensport-beier.de\/magazin\/armbrust-bolzen\/\" \/>\n<meta property=\"og:site_name\" content=\"Magazin - Bogensport Beier\" \/>\n<meta property=\"article:modified_time\" content=\"2024-03-06T12:30:17+00:00\" \/>\n<meta name=\"twitter:card\" content=\"summary_large_image\" \/>\n<meta name=\"twitter:label1\" content=\"Gesch\u00e4tzte Lesezeit\" \/>\n\t<meta name=\"twitter:data1\" content=\"5\u00a0Minuten\" \/>\n<script type=\"application\/ld+json\" class=\"yoast-schema-graph\">{\"@context\":\"https:\/\/schema.org\",\"@graph\":[{\"@type\":\"WebPage\",\"@id\":\"https:\/\/www.bogensport-beier.de\/magazin\/armbrust-bolzen\/\",\"url\":\"https:\/\/www.bogensport-beier.de\/magazin\/armbrust-bolzen\/\",\"name\":\"Armbrust Bolzen - Magazin - Bogensport Beier\",\"isPartOf\":{\"@id\":\"https:\/\/www.bogensport-beier.de\/magazin\/#website\"},\"datePublished\":\"2022-03-14T13:43:35+00:00\",\"dateModified\":\"2024-03-06T12:30:17+00:00\",\"description\":\"Egal welchen Armbrust Typ du verwendest, zum schie\u00dfen ben\u00f6tigst du einen Armbrust Bolzen. Hier erf\u00e4hrst du was den Unterschied ausmacht.\",\"breadcrumb\":{\"@id\":\"https:\/\/www.bogensport-beier.de\/magazin\/armbrust-bolzen\/#breadcrumb\"},\"inLanguage\":\"de\",\"potentialAction\":[{\"@type\":\"ReadAction\",\"target\":[\"https:\/\/www.bogensport-beier.de\/magazin\/armbrust-bolzen\/\"]}]},{\"@type\":\"BreadcrumbList\",\"@id\":\"https:\/\/www.bogensport-beier.de\/magazin\/armbrust-bolzen\/#breadcrumb\",\"itemListElement\":[{\"@type\":\"ListItem\",\"position\":1,\"name\":\"Startseite\",\"item\":\"https:\/\/www.bogensport-beier.de\/magazin\/\"},{\"@type\":\"ListItem\",\"position\":2,\"name\":\"Armbrust Bolzen\"}]},{\"@type\":\"WebSite\",\"@id\":\"https:\/\/www.bogensport-beier.de\/magazin\/#website\",\"url\":\"https:\/\/www.bogensport-beier.de\/magazin\/\",\"name\":\"Magazin - Bogensport Beier\",\"description\":\"Alles rund um den Bogensport\",\"potentialAction\":[{\"@type\":\"SearchAction\",\"target\":{\"@type\":\"EntryPoint\",\"urlTemplate\":\"https:\/\/www.bogensport-beier.de\/magazin\/?s={search_term_string}\"},\"query-input\":{\"@type\":\"PropertyValueSpecification\",\"valueRequired\":true,\"valueName\":\"search_term_string\"}}],\"inLanguage\":\"de\"}]}<\/script>\n<!-- \/ Yoast SEO plugin. -->","yoast_head_json":{"title":"Armbrust Bolzen - Magazin - Bogensport Beier","description":"Egal welchen Armbrust Typ du verwendest, zum schie\u00dfen ben\u00f6tigst du einen Armbrust Bolzen. Hier erf\u00e4hrst du was den Unterschied ausmacht.","robots":{"index":"index","follow":"follow","max-snippet":"max-snippet:-1","max-image-preview":"max-image-preview:large","max-video-preview":"max-video-preview:-1"},"canonical":"https:\/\/www.bogensport-beier.de\/magazin\/armbrust-bolzen\/","og_locale":"de_DE","og_type":"article","og_title":"Armbrust Bolzen - Magazin - Bogensport Beier","og_description":"Egal welchen Armbrust Typ du verwendest, zum schie\u00dfen ben\u00f6tigst du einen Armbrust Bolzen. Hier erf\u00e4hrst du was den Unterschied ausmacht.","og_url":"https:\/\/www.bogensport-beier.de\/magazin\/armbrust-bolzen\/","og_site_name":"Magazin - Bogensport Beier","article_modified_time":"2024-03-06T12:30:17+00:00","twitter_card":"summary_large_image","twitter_misc":{"Gesch\u00e4tzte Lesezeit":"5\u00a0Minuten"},"schema":{"@context":"https:\/\/schema.org","@graph":[{"@type":"WebPage","@id":"https:\/\/www.bogensport-beier.de\/magazin\/armbrust-bolzen\/","url":"https:\/\/www.bogensport-beier.de\/magazin\/armbrust-bolzen\/","name":"Armbrust Bolzen - Magazin - Bogensport Beier","isPartOf":{"@id":"https:\/\/www.bogensport-beier.de\/magazin\/#website"},"datePublished":"2022-03-14T13:43:35+00:00","dateModified":"2024-03-06T12:30:17+00:00","description":"Egal welchen Armbrust Typ du verwendest, zum schie\u00dfen ben\u00f6tigst du einen Armbrust Bolzen. Hier erf\u00e4hrst du was den Unterschied ausmacht.","breadcrumb":{"@id":"https:\/\/www.bogensport-beier.de\/magazin\/armbrust-bolzen\/#breadcrumb"},"inLanguage":"de","potentialAction":[{"@type":"ReadAction","target":["https:\/\/www.bogensport-beier.de\/magazin\/armbrust-bolzen\/"]}]},{"@type":"BreadcrumbList","@id":"https:\/\/www.bogensport-beier.de\/magazin\/armbrust-bolzen\/#breadcrumb","itemListElement":[{"@type":"ListItem","position":1,"name":"Startseite","item":"https:\/\/www.bogensport-beier.de\/magazin\/"},{"@type":"ListItem","position":2,"name":"Armbrust Bolzen"}]},{"@type":"WebSite","@id":"https:\/\/www.bogensport-beier.de\/magazin\/#website","url":"https:\/\/www.bogensport-beier.de\/magazin\/","name":"Magazin - Bogensport Beier","description":"Alles rund um den Bogensport","potentialAction":[{"@type":"SearchAction","target":{"@type":"EntryPoint","urlTemplate":"https:\/\/www.bogensport-beier.de\/magazin\/?s={search_term_string}"},"query-input":{"@type":"PropertyValueSpecification","valueRequired":true,"valueName":"search_term_string"}}],"inLanguage":"de"}]}},"_links":{"self":[{"href":"https:\/\/www.bogensport-beier.de\/magazin\/wp-json\/wp\/v2\/pages\/746","targetHints":{"allow":["GET"]}}],"collection":[{"href":"https:\/\/www.bogensport-beier.de\/magazin\/wp-json\/wp\/v2\/pages"}],"about":[{"href":"https:\/\/www.bogensport-beier.de\/magazin\/wp-json\/wp\/v2\/types\/page"}],"author":[{"embeddable":true,"href":"https:\/\/www.bogensport-beier.de\/magazin\/wp-json\/wp\/v2\/users\/1"}],"replies":[{"embeddable":true,"href":"https:\/\/www.bogensport-beier.de\/magazin\/wp-json\/wp\/v2\/comments?post=746"}],"version-history":[{"count":11,"href":"https:\/\/www.bogensport-beier.de\/magazin\/wp-json\/wp\/v2\/pages\/746\/revisions"}],"predecessor-version":[{"id":774,"href":"https:\/\/www.bogensport-beier.de\/magazin\/wp-json\/wp\/v2\/pages\/746\/revisions\/774"}],"wp:attachment":[{"href":"https:\/\/www.bogensport-beier.de\/magazin\/wp-json\/wp\/v2\/media?parent=746"}],"curies":[{"name":"wp","href":"https:\/\/api.w.org\/{rel}","templated":true}]}}