{"id":740,"date":"2022-03-14T13:27:55","date_gmt":"2022-03-14T12:27:55","guid":{"rendered":"https:\/\/www.bogensport-beier.de\/magazin\/?page_id=740"},"modified":"2023-05-16T08:58:16","modified_gmt":"2023-05-16T06:58:16","slug":"armbrust-zubehoer","status":"publish","type":"page","link":"https:\/\/www.bogensport-beier.de\/magazin\/armbrust-zubehoer\/","title":{"rendered":"Armbrust Zubeh\u00f6r"},"content":{"rendered":"<div  class='flex_column av-ljbu4-1848b22faedc3ad89d29a31123774c55 av_one_full  avia-builder-el-0  avia-builder-el-no-sibling  first flex_column_div  '     ><p>\n<style type=\"text\/css\" data-created_by=\"avia_inline_auto\" id=\"style-css-av-cws1w-70a064208b6e43a960f93e2f948865c5\">\n#top .av-special-heading.av-cws1w-70a064208b6e43a960f93e2f948865c5{\npadding-bottom:10px;\n}\nbody .av-special-heading.av-cws1w-70a064208b6e43a960f93e2f948865c5 .av-special-heading-tag .heading-char{\nfont-size:25px;\n}\n.av-special-heading.av-cws1w-70a064208b6e43a960f93e2f948865c5 .av-subheading{\nfont-size:15px;\n}\n<\/style>\n<div  class='av-special-heading av-cws1w-70a064208b6e43a960f93e2f948865c5 av-special-heading-h1 blockquote modern-quote  avia-builder-el-1  el_before_av_textblock  avia-builder-el-first '><h1 class='av-special-heading-tag '  itemprop=\"headline\"  >Armbrust Zubeh\u00f6r<\/h1><div class=\"special-heading-border\"><div class=\"special-heading-inner-border\"><\/div><\/div><\/div><br \/>\n<section  class='av_textblock_section av-796ks-9ed9883d2223c32d41ecf8ccd3892fe0 '   itemscope=\"itemscope\" itemtype=\"https:\/\/schema.org\/CreativeWork\" ><div class='avia_textblock'  itemprop=\"text\" ><p>Wie auch beim Bogenschie\u00dfen gibt es f\u00fcr die <strong>Armbrust<\/strong> vielerlei sinnvolles Zubh\u00f6r.<br \/>\nHier findest du alles, was du an Zubeh\u00f6r f\u00fcr deine <em>Armbrust<\/em> ben\u00f6tigst. K\u00f6cher, Taschen und Koffer, Zielfernrohre, Spannhilfen, Einschie\u00dfb\u00f6cke oder Zielscheiben sind sinnvolle Erg\u00e4nzungen zu deiner <em>Armbrust<\/em>. Vieles ist sicher nach eigenem Geschmack w\u00e4hlbar, doch manches ist f\u00fcr den Gebrauch ein absolutes Muss, um ein optimales Trefferbild und maximale Sicherheit zu gew\u00e4hrleisten.<\/p>\n<\/div><\/section><br \/>\n<div  class='togglecontainer av-l0qrft8n-54e2334fc55c19dd5ca935a6ea6cdff2  avia-builder-el-3  el_after_av_textblock  avia-builder-el-last  toggle_close_all' >\n<section class='av_toggle_section av-l0qrcwbv-68f5deee6b61e779fcf9a8abfca2a789'  itemscope=\"itemscope\" itemtype=\"https:\/\/schema.org\/CreativeWork\" ><div role=\"tablist\" class=\"single_toggle\" data-tags=\"{Alle} \"  ><p id='toggle-toggle-id-1' data-fake-id='#toggle-id-1' class='toggler  activeTitle av-title-above '  itemprop=\"headline\"  role='tab' tabindex='0' aria-controls='toggle-id-1' data-slide-speed=\"200\" data-title=\"K\u00f6cher\" data-title-open=\"\" data-aria_collapsed=\"Click to expand: K\u00f6cher\" data-aria_expanded=\"Click to collapse: K\u00f6cher\">K\u00f6cher<span class=\"toggle_icon\"><span class=\"vert_icon\"><\/span><span class=\"hor_icon\"><\/span><\/span><\/p><div id='toggle-id-1' aria-labelledby='toggle-toggle-id-1' role='region' class='toggle_wrap  active_tc av-title-above' style='display:block;' ><div class='toggle_content invers-color '  itemprop=\"text\" ><p><em>Armbrust<\/em>k\u00f6cher dienen zur Aufnahme mehrerer Bolzen, damit man diese schnell und im richtigen Augenblick bei der Hand hat. Es gibt verschiedenste Ausf\u00fchrungen vom Anbauk\u00f6cher, \u00fcber Unterarmk\u00f6cher bis hin zum Seiten- oder Holsterk\u00f6cher. Alle erf\u00fcllen ihren Zweck gleicherma\u00dfen. Es kommt am Ende auf deine eigenen Vorlieben an. Unser Sortiment an K\u00f6chern findest du hier:<\/p>\n<\/div><\/div><\/div><\/section>\n<section class='av_toggle_section av-l0qrdb9g-9775d2054aabf0df590fc5dd09b528bd'  itemscope=\"itemscope\" itemtype=\"https:\/\/schema.org\/CreativeWork\" ><div role=\"tablist\" class=\"single_toggle\" data-tags=\"{Alle} \"  ><p id='toggle-toggle-id-2' data-fake-id='#toggle-id-2' class='toggler  av-title-above '  itemprop=\"headline\"  role='tab' tabindex='0' aria-controls='toggle-id-2' data-slide-speed=\"200\" data-title=\"Taschen\/Koffer\" data-title-open=\"\" data-aria_collapsed=\"Click to expand: Taschen\/Koffer\" data-aria_expanded=\"Click to collapse: Taschen\/Koffer\">Taschen\/Koffer<span class=\"toggle_icon\"><span class=\"vert_icon\"><\/span><span class=\"hor_icon\"><\/span><\/span><\/p><div id='toggle-id-2' aria-labelledby='toggle-toggle-id-2' role='region' class='toggle_wrap  av-title-above'  ><div class='toggle_content invers-color '  itemprop=\"text\" ><p>Um dein Equipment zu schonen und immer gut zu verstauen, ist es sinnvoll eine Tasche oder einen Koffer zu verwenden. Umwelteinfl\u00fcsse wie Schmutz und Staub werden deiner <em>Armbrust<\/em> nichts mehr anhaben k\u00f6nnen. Gut verstaut ist auch der Transport kein Problem mehr. Es gibt hierf\u00fcr Systeme f\u00fcr die unterschiedlichsten Einsatzbereiche. Sogar auf dem Bike ist eine <em>Armbrust<\/em> gut zu transportieren und spezielle Rucks\u00e4cke bieten auch noch Platz f\u00fcr einiges an Zubeh\u00f6r. Unsere Auswahl an Transportm\u00f6glichkeiten findest du hier:<\/p>\n<\/div><\/div><\/div><\/section>\n<section class='av_toggle_section av-l0qrdb9g-f888415790021b74dcf9f1227c2cc35d'  itemscope=\"itemscope\" itemtype=\"https:\/\/schema.org\/CreativeWork\" ><div role=\"tablist\" class=\"single_toggle\" data-tags=\"{Alle} \"  ><p id='toggle-toggle-id-3' data-fake-id='#toggle-id-3' class='toggler  av-title-above '  itemprop=\"headline\"  role='tab' tabindex='0' aria-controls='toggle-id-3' data-slide-speed=\"200\" data-title=\"Spannhilfen\" data-title-open=\"\" data-aria_collapsed=\"Click to expand: Spannhilfen\" data-aria_expanded=\"Click to collapse: Spannhilfen\">Spannhilfen<span class=\"toggle_icon\"><span class=\"vert_icon\"><\/span><span class=\"hor_icon\"><\/span><\/span><\/p><div id='toggle-id-3' aria-labelledby='toggle-toggle-id-3' role='region' class='toggle_wrap  av-title-above'  ><div class='toggle_content invers-color '  itemprop=\"text\" ><p>Um das Spannen moderner <em>Armbr\u00fcste<\/em> zu erleichtern, kann man verschiende Spannvorrichtungen verwenden. Wenn eine <em>Armbrust<\/em> \u00fcber 100 lbs vorweist, dann empfiehlt sich der Kauf einer solchen Spannhilfe. Sie erleichtert dir einen gleichm\u00e4\u00dfigen und sicheren Auszug deiner <em>Armbrust<\/em>. Um dir das Spannen zu erleichtern, werden hierbei spezielle Seile in die die Sehne gespannt. Bis zu 50 Prozent weniger Kraftaufwand sind hier von N\u00f6ten. Wenn du deine <em>Armbrust<\/em> also h\u00e4ufig verwendest, kannst du Kranft und Energie sparen. Hier kannst du unsere Empfehlungen in unserem Webshop ansehen:<\/p>\n<\/div><\/div><\/div><\/section>\n<section class='av_toggle_section av-l0qrdb9g-a8395136756ffdba8dfea6e28f3d4208'  itemscope=\"itemscope\" itemtype=\"https:\/\/schema.org\/CreativeWork\" ><div role=\"tablist\" class=\"single_toggle\" data-tags=\"{Alle} \"  ><p id='toggle-toggle-id-4' data-fake-id='#toggle-id-4' class='toggler  av-title-above '  itemprop=\"headline\"  role='tab' tabindex='0' aria-controls='toggle-id-4' data-slide-speed=\"200\" data-title=\"Einschie\u00dfb\u00f6cke\" data-title-open=\"\" data-aria_collapsed=\"Click to expand: Einschie\u00dfb\u00f6cke\" data-aria_expanded=\"Click to collapse: Einschie\u00dfb\u00f6cke\">Einschie\u00dfb\u00f6cke<span class=\"toggle_icon\"><span class=\"vert_icon\"><\/span><span class=\"hor_icon\"><\/span><\/span><\/p><div id='toggle-id-4' aria-labelledby='toggle-toggle-id-4' role='region' class='toggle_wrap  av-title-above'  ><div class='toggle_content invers-color '  itemprop=\"text\" ><p>Einschie\u00dfb\u00f6cke sind meistens f\u00fcr das Einschi\u00dfen f\u00fcr Langwaffen und auch <em>Armbr\u00fcste<\/em> geeignet. Sie erm\u00f6glichen das pr\u00e4zise Einstellen der Visierung. F\u00fcr ein professionelles Ergebnis sind sie unerl\u00e4sslich. Durch das justieren hat man immer den gleichen Bezugspunkt des Schusses. Auch f\u00fcr die Reinigung und Wartung der Waffen ist ein robuster Bock gut geeignet.<\/p>\n<\/div><\/div><\/div><\/section>\n<section class='av_toggle_section av-l0qrdb9g-19a2f812450f637eebde4e675cf50739'  itemscope=\"itemscope\" itemtype=\"https:\/\/schema.org\/CreativeWork\" ><div role=\"tablist\" class=\"single_toggle\" data-tags=\"{Alle} \"  ><p id='toggle-toggle-id-5' data-fake-id='#toggle-id-5' class='toggler  av-title-above '  itemprop=\"headline\"  role='tab' tabindex='0' aria-controls='toggle-id-5' data-slide-speed=\"200\" data-title=\"Zielfernrohre \/ Visiere\" data-title-open=\"\" data-aria_collapsed=\"Click to expand: Zielfernrohre \/ Visiere\" data-aria_expanded=\"Click to collapse: Zielfernrohre \/ Visiere\">Zielfernrohre \/ Visiere<span class=\"toggle_icon\"><span class=\"vert_icon\"><\/span><span class=\"hor_icon\"><\/span><\/span><\/p><div id='toggle-id-5' aria-labelledby='toggle-toggle-id-5' role='region' class='toggle_wrap  av-title-above'  ><div class='toggle_content invers-color '  itemprop=\"text\" ><p>Um ein optimales und wiederholendes Schussbild zu liefern, sind <strong>Zielfernrohre<\/strong> oder <strong>Rotpunktvisiere<\/strong> (Red Dots) absolut zuverl\u00e4ssige Helferlein. Nach dem Einschie\u00dfen tragen <em>Visier<\/em>vorrichtungen ma\u00dfgeblich dazu bei die Trefferquote zu optimieren. Besonders zu empfehlen sind sie beim Beschuss auf gr\u00f6\u00dfere Distanz.<\/p>\n<\/div><\/div><\/div><\/section>\n<section class='av_toggle_section av-l0qrdb9g-256a059519ae4eac02d81503900b62fc'  itemscope=\"itemscope\" itemtype=\"https:\/\/schema.org\/CreativeWork\" ><div role=\"tablist\" class=\"single_toggle\" data-tags=\"{Alle} \"  ><p id='toggle-toggle-id-6' data-fake-id='#toggle-id-6' class='toggler  av-title-above '  itemprop=\"headline\"  role='tab' tabindex='0' aria-controls='toggle-id-6' data-slide-speed=\"200\" data-title=\"Sehnen und Sehnenwachs\" data-title-open=\"\" data-aria_collapsed=\"Click to expand: Sehnen und Sehnenwachs\" data-aria_expanded=\"Click to collapse: Sehnen und Sehnenwachs\">Sehnen und Sehnenwachs<span class=\"toggle_icon\"><span class=\"vert_icon\"><\/span><span class=\"hor_icon\"><\/span><\/span><\/p><div id='toggle-id-6' aria-labelledby='toggle-toggle-id-6' role='region' class='toggle_wrap  av-title-above'  ><div class='toggle_content invers-color '  itemprop=\"text\" ><p>Das Sehnenwachs wird speziell zur Pflege der <em>Armbrust<\/em>sehne verwendet. Die Sehne wir geschmeidig gehalten und vor N\u00e4sse und UV-Strahlen gesch\u00fctzt. Unbehandelte oder ungepflegte Sehnen werden schneller spr\u00f6de und rei\u00dfen auch schneller. Die Haltbarkeit kann durch das regelm\u00e4\u00dfige einwachsen verl\u00e4ngert werden.<\/p>\n<\/div><\/div><\/div><\/section>\n<section class='av_toggle_section av-l0qrdb9g-ea060333b59921131cd3412eeca46f65'  itemscope=\"itemscope\" itemtype=\"https:\/\/schema.org\/CreativeWork\" ><div role=\"tablist\" class=\"single_toggle\" data-tags=\"{Alle} \"  ><p id='toggle-toggle-id-7' data-fake-id='#toggle-id-7' class='toggler  av-title-above '  itemprop=\"headline\"  role='tab' tabindex='0' aria-controls='toggle-id-7' data-slide-speed=\"200\" data-title=\"Sonstiges\" data-title-open=\"\" data-aria_collapsed=\"Click to expand: Sonstiges\" data-aria_expanded=\"Click to collapse: Sonstiges\">Sonstiges<span class=\"toggle_icon\"><span class=\"vert_icon\"><\/span><span class=\"hor_icon\"><\/span><\/span><\/p><div id='toggle-id-7' aria-labelledby='toggle-toggle-id-7' role='region' class='toggle_wrap  av-title-above'  ><div class='toggle_content invers-color '  itemprop=\"text\" ><p>Nat\u00fcrlich ist jede <em>Armbrust<\/em> noch ausbauf\u00e4hig.\u00a0 Sonstiges Zubeh\u00f6r sind z. B. Schmiermittel, <em>Armbrust<\/em>st\u00e4nder und Werkzeug, aber auch Anbauteile wie Wasserwagen, Zweibeine oder Tragegurte. Jedes Teil erf\u00fcllt einen bestimmten Zweck und kann zum Komfort des Schie\u00dfvergn\u00fcgens beitragen. Doch nicht nur das Vergn\u00fcgen sollte an erster Stelle stehen, sondern auch die Schie\u00dfsicherheit. Deshalb sollten auch Schutzbrillen und Handschuhe zum Inventar dazugeh\u00f6ren.<\/p>\n<\/div><\/div><\/div><\/section>\n<\/div><\/p><\/div>\n","protected":false},"excerpt":{"rendered":"","protected":false},"author":1,"featured_media":0,"parent":0,"menu_order":3,"comment_status":"closed","ping_status":"closed","template":"","meta":{"footnotes":""},"class_list":["post-740","page","type-page","status-publish","hentry"],"yoast_head":"<!-- This site is optimized with the Yoast SEO plugin v27.1.1 - https:\/\/yoast.com\/product\/yoast-seo-wordpress\/ -->\n<title>Armbrust Zubeh\u00f6r - Magazin - Bogensport Beier<\/title>\n<meta name=\"description\" content=\"Wie im Bogensport geh\u00f6ren verschiedene Utensilien zum Armbrust Schie\u00dfen einfach mit dazu. Bei uns erh\u00e4ltst du vielerlei Auswahl.\" \/>\n<meta name=\"robots\" content=\"index, follow, max-snippet:-1, max-image-preview:large, max-video-preview:-1\" \/>\n<link rel=\"canonical\" href=\"https:\/\/www.bogensport-beier.de\/magazin\/armbrust-zubehoer\/\" \/>\n<meta property=\"og:locale\" content=\"de_DE\" \/>\n<meta property=\"og:type\" content=\"article\" \/>\n<meta property=\"og:title\" content=\"Armbrust Zubeh\u00f6r - Magazin - Bogensport Beier\" \/>\n<meta property=\"og:description\" content=\"Wie im Bogensport geh\u00f6ren verschiedene Utensilien zum Armbrust Schie\u00dfen einfach mit dazu. Bei uns erh\u00e4ltst du vielerlei Auswahl.\" \/>\n<meta property=\"og:url\" content=\"https:\/\/www.bogensport-beier.de\/magazin\/armbrust-zubehoer\/\" \/>\n<meta property=\"og:site_name\" content=\"Magazin - Bogensport Beier\" \/>\n<meta property=\"article:modified_time\" content=\"2023-05-16T06:58:16+00:00\" \/>\n<meta name=\"twitter:card\" content=\"summary_large_image\" \/>\n<meta name=\"twitter:label1\" content=\"Gesch\u00e4tzte Lesezeit\" \/>\n\t<meta name=\"twitter:data1\" content=\"4\u00a0Minuten\" \/>\n<script type=\"application\/ld+json\" class=\"yoast-schema-graph\">{\"@context\":\"https:\/\/schema.org\",\"@graph\":[{\"@type\":\"WebPage\",\"@id\":\"https:\/\/www.bogensport-beier.de\/magazin\/armbrust-zubehoer\/\",\"url\":\"https:\/\/www.bogensport-beier.de\/magazin\/armbrust-zubehoer\/\",\"name\":\"Armbrust Zubeh\u00f6r - Magazin - Bogensport Beier\",\"isPartOf\":{\"@id\":\"https:\/\/www.bogensport-beier.de\/magazin\/#website\"},\"datePublished\":\"2022-03-14T12:27:55+00:00\",\"dateModified\":\"2023-05-16T06:58:16+00:00\",\"description\":\"Wie im Bogensport geh\u00f6ren verschiedene Utensilien zum Armbrust Schie\u00dfen einfach mit dazu. Bei uns erh\u00e4ltst du vielerlei Auswahl.\",\"breadcrumb\":{\"@id\":\"https:\/\/www.bogensport-beier.de\/magazin\/armbrust-zubehoer\/#breadcrumb\"},\"inLanguage\":\"de\",\"potentialAction\":[{\"@type\":\"ReadAction\",\"target\":[\"https:\/\/www.bogensport-beier.de\/magazin\/armbrust-zubehoer\/\"]}]},{\"@type\":\"BreadcrumbList\",\"@id\":\"https:\/\/www.bogensport-beier.de\/magazin\/armbrust-zubehoer\/#breadcrumb\",\"itemListElement\":[{\"@type\":\"ListItem\",\"position\":1,\"name\":\"Startseite\",\"item\":\"https:\/\/www.bogensport-beier.de\/magazin\/\"},{\"@type\":\"ListItem\",\"position\":2,\"name\":\"Armbrust Zubeh\u00f6r\"}]},{\"@type\":\"WebSite\",\"@id\":\"https:\/\/www.bogensport-beier.de\/magazin\/#website\",\"url\":\"https:\/\/www.bogensport-beier.de\/magazin\/\",\"name\":\"Magazin - Bogensport Beier\",\"description\":\"Alles rund um den Bogensport\",\"potentialAction\":[{\"@type\":\"SearchAction\",\"target\":{\"@type\":\"EntryPoint\",\"urlTemplate\":\"https:\/\/www.bogensport-beier.de\/magazin\/?s={search_term_string}\"},\"query-input\":{\"@type\":\"PropertyValueSpecification\",\"valueRequired\":true,\"valueName\":\"search_term_string\"}}],\"inLanguage\":\"de\"}]}<\/script>\n<!-- \/ Yoast SEO plugin. -->","yoast_head_json":{"title":"Armbrust Zubeh\u00f6r - Magazin - Bogensport Beier","description":"Wie im Bogensport geh\u00f6ren verschiedene Utensilien zum Armbrust Schie\u00dfen einfach mit dazu. Bei uns erh\u00e4ltst du vielerlei Auswahl.","robots":{"index":"index","follow":"follow","max-snippet":"max-snippet:-1","max-image-preview":"max-image-preview:large","max-video-preview":"max-video-preview:-1"},"canonical":"https:\/\/www.bogensport-beier.de\/magazin\/armbrust-zubehoer\/","og_locale":"de_DE","og_type":"article","og_title":"Armbrust Zubeh\u00f6r - Magazin - Bogensport Beier","og_description":"Wie im Bogensport geh\u00f6ren verschiedene Utensilien zum Armbrust Schie\u00dfen einfach mit dazu. Bei uns erh\u00e4ltst du vielerlei Auswahl.","og_url":"https:\/\/www.bogensport-beier.de\/magazin\/armbrust-zubehoer\/","og_site_name":"Magazin - Bogensport Beier","article_modified_time":"2023-05-16T06:58:16+00:00","twitter_card":"summary_large_image","twitter_misc":{"Gesch\u00e4tzte Lesezeit":"4\u00a0Minuten"},"schema":{"@context":"https:\/\/schema.org","@graph":[{"@type":"WebPage","@id":"https:\/\/www.bogensport-beier.de\/magazin\/armbrust-zubehoer\/","url":"https:\/\/www.bogensport-beier.de\/magazin\/armbrust-zubehoer\/","name":"Armbrust Zubeh\u00f6r - Magazin - Bogensport Beier","isPartOf":{"@id":"https:\/\/www.bogensport-beier.de\/magazin\/#website"},"datePublished":"2022-03-14T12:27:55+00:00","dateModified":"2023-05-16T06:58:16+00:00","description":"Wie im Bogensport geh\u00f6ren verschiedene Utensilien zum Armbrust Schie\u00dfen einfach mit dazu. Bei uns erh\u00e4ltst du vielerlei Auswahl.","breadcrumb":{"@id":"https:\/\/www.bogensport-beier.de\/magazin\/armbrust-zubehoer\/#breadcrumb"},"inLanguage":"de","potentialAction":[{"@type":"ReadAction","target":["https:\/\/www.bogensport-beier.de\/magazin\/armbrust-zubehoer\/"]}]},{"@type":"BreadcrumbList","@id":"https:\/\/www.bogensport-beier.de\/magazin\/armbrust-zubehoer\/#breadcrumb","itemListElement":[{"@type":"ListItem","position":1,"name":"Startseite","item":"https:\/\/www.bogensport-beier.de\/magazin\/"},{"@type":"ListItem","position":2,"name":"Armbrust Zubeh\u00f6r"}]},{"@type":"WebSite","@id":"https:\/\/www.bogensport-beier.de\/magazin\/#website","url":"https:\/\/www.bogensport-beier.de\/magazin\/","name":"Magazin - Bogensport Beier","description":"Alles rund um den Bogensport","potentialAction":[{"@type":"SearchAction","target":{"@type":"EntryPoint","urlTemplate":"https:\/\/www.bogensport-beier.de\/magazin\/?s={search_term_string}"},"query-input":{"@type":"PropertyValueSpecification","valueRequired":true,"valueName":"search_term_string"}}],"inLanguage":"de"}]}},"_links":{"self":[{"href":"https:\/\/www.bogensport-beier.de\/magazin\/wp-json\/wp\/v2\/pages\/740","targetHints":{"allow":["GET"]}}],"collection":[{"href":"https:\/\/www.bogensport-beier.de\/magazin\/wp-json\/wp\/v2\/pages"}],"about":[{"href":"https:\/\/www.bogensport-beier.de\/magazin\/wp-json\/wp\/v2\/types\/page"}],"author":[{"embeddable":true,"href":"https:\/\/www.bogensport-beier.de\/magazin\/wp-json\/wp\/v2\/users\/1"}],"replies":[{"embeddable":true,"href":"https:\/\/www.bogensport-beier.de\/magazin\/wp-json\/wp\/v2\/comments?post=740"}],"version-history":[{"count":14,"href":"https:\/\/www.bogensport-beier.de\/magazin\/wp-json\/wp\/v2\/pages\/740\/revisions"}],"predecessor-version":[{"id":885,"href":"https:\/\/www.bogensport-beier.de\/magazin\/wp-json\/wp\/v2\/pages\/740\/revisions\/885"}],"wp:attachment":[{"href":"https:\/\/www.bogensport-beier.de\/magazin\/wp-json\/wp\/v2\/media?parent=740"}],"curies":[{"name":"wp","href":"https:\/\/api.w.org\/{rel}","templated":true}]}}