{"id":738,"date":"2022-03-14T13:21:15","date_gmt":"2022-03-14T12:21:15","guid":{"rendered":"https:\/\/www.bogensport-beier.de\/magazin\/?page_id=738"},"modified":"2023-08-25T12:10:06","modified_gmt":"2023-08-25T10:10:06","slug":"armbrust-mit-magazin","status":"publish","type":"page","link":"https:\/\/www.bogensport-beier.de\/magazin\/armbrust-mit-magazin\/","title":{"rendered":"Armbrust mit Magazin"},"content":{"rendered":"<div  class='flex_column av-1qfhe-9d343ca52cc099b31b9e5124e0322c06 av_one_full  avia-builder-el-0  el_before_av_button  avia-builder-el-first  first flex_column_div  '     ><p>\n<style type=\"text\/css\" data-created_by=\"avia_inline_auto\" id=\"style-css-av-l0qocs3q-645ecb117bb326ad16d7f02257c90c93\">\n#top .av-special-heading.av-l0qocs3q-645ecb117bb326ad16d7f02257c90c93{\npadding-bottom:10px;\n}\nbody .av-special-heading.av-l0qocs3q-645ecb117bb326ad16d7f02257c90c93 .av-special-heading-tag .heading-char{\nfont-size:25px;\n}\n.av-special-heading.av-l0qocs3q-645ecb117bb326ad16d7f02257c90c93 .av-subheading{\nfont-size:15px;\n}\n<\/style>\n<div  class='av-special-heading av-l0qocs3q-645ecb117bb326ad16d7f02257c90c93 av-special-heading-h1 blockquote modern-quote  avia-builder-el-1  el_before_av_image  avia-builder-el-first '><h1 class='av-special-heading-tag '  itemprop=\"headline\"  >Taktische Armbrust \/ Armbrust mit Magazin<\/h1><div class=\"special-heading-border\"><div class=\"special-heading-inner-border\"><\/div><\/div><\/div><br \/>\n\n<style type=\"text\/css\" data-created_by=\"avia_inline_auto\" id=\"style-css-av-l266zx5i-02e8c396ff81c337b284432a09dd9259\">\n.avia-image-container.av-l266zx5i-02e8c396ff81c337b284432a09dd9259 img.avia_image{\nbox-shadow:none;\n}\n.avia-image-container.av-l266zx5i-02e8c396ff81c337b284432a09dd9259 .av-image-caption-overlay-center{\ncolor:#ffffff;\n}\n<\/style>\n<div  class='avia-image-container av-l266zx5i-02e8c396ff81c337b284432a09dd9259 av-styling- avia-align-left  avia-builder-el-2  el_after_av_heading  el_before_av_textblock '   itemprop=\"image\" itemscope=\"itemscope\" itemtype=\"https:\/\/schema.org\/ImageObject\" ><div class=\"avia-image-container-inner\"><div class=\"avia-image-overlay-wrap\"><img decoding=\"async\" fetchpriority=\"high\" class='wp-image-876 avia-img-lazy-loading-not-876 avia_image ' src=\"https:\/\/www.bogensport-beier.de\/magazin\/wp-content\/uploads\/2022\/04\/armbrust-addar-cobra-system-recurve-bogensport-beier-1-300x300.jpg\" alt='' title='armbrust-addar-cobra-system-recurve-bogensport-beier-1'  height=\"300\" width=\"300\"  itemprop=\"thumbnailUrl\" srcset=\"https:\/\/www.bogensport-beier.de\/magazin\/wp-content\/uploads\/2022\/04\/armbrust-addar-cobra-system-recurve-bogensport-beier-1-300x300.jpg 300w, https:\/\/www.bogensport-beier.de\/magazin\/wp-content\/uploads\/2022\/04\/armbrust-addar-cobra-system-recurve-bogensport-beier-1-1030x1030.jpg 1030w, https:\/\/www.bogensport-beier.de\/magazin\/wp-content\/uploads\/2022\/04\/armbrust-addar-cobra-system-recurve-bogensport-beier-1-80x80.jpg 80w, https:\/\/www.bogensport-beier.de\/magazin\/wp-content\/uploads\/2022\/04\/armbrust-addar-cobra-system-recurve-bogensport-beier-1-768x768.jpg 768w, https:\/\/www.bogensport-beier.de\/magazin\/wp-content\/uploads\/2022\/04\/armbrust-addar-cobra-system-recurve-bogensport-beier-1-36x36.jpg 36w, https:\/\/www.bogensport-beier.de\/magazin\/wp-content\/uploads\/2022\/04\/armbrust-addar-cobra-system-recurve-bogensport-beier-1-180x180.jpg 180w, https:\/\/www.bogensport-beier.de\/magazin\/wp-content\/uploads\/2022\/04\/armbrust-addar-cobra-system-recurve-bogensport-beier-1-705x705.jpg 705w, https:\/\/www.bogensport-beier.de\/magazin\/wp-content\/uploads\/2022\/04\/armbrust-addar-cobra-system-recurve-bogensport-beier-1.jpg 1500w\" sizes=\"(max-width: 300px) 100vw, 300px\" \/><\/div><\/div><\/div><br \/>\n<section  class='av_textblock_section av-z9uy-06dcbc109a857eb8829a0bd6f5bbae35 '   itemscope=\"itemscope\" itemtype=\"https:\/\/schema.org\/CreativeWork\" ><div class='avia_textblock'  itemprop=\"text\" ><p>Eine <strong><em>Armbrust<\/em><\/strong> mit <strong><em>Magazin<\/em> <\/strong>oder eine <em>Armbrust<\/em> die mit einem Spannhebel ausger\u00fcstet ist, \u00e4hnlich dem Repetieren bei einer B\u00fcchse, nennt man auch eine <em>Taktische Armbrust<\/em>.<\/p>\n<p>Als gutes Beispiel kann die <em>Armbrust<\/em> <strong><em>ADDER<\/em><\/strong> von EK-Archery dienen. Denn Die <em>Armbrust ADDER<\/em> ist mit einem <em>Magazin<\/em> f\u00fcr 5 Armbrustbolzen und einem Spannhebel ausger\u00fcstet. <em>Taktische<\/em> <em>Armbr\u00fcste<\/em> sind auch oft <em>Armbr\u00fcste<\/em> mit nicht ganz so hohen Zuggewichten und sind kleiner und handlicher aus <em>Jagdarmbr\u00fcste<\/em>.<\/p>\n<p><em>Taktische<\/em> <em>Armbr\u00fcste<\/em> sind oft auch nur mit einer Hand bedienbar und erlauben die v\u00f6llige Bewegungsfreiheit. Das macht sie zu einem idealen Begleiter f\u00fcr Ihre Freizeitaktivit\u00e4ten, oder in einer anderen Situation in der Bewegungsfreiheit und Schnelligkeit gefordert ist.<\/p>\n<p>Hier geht es zu den <em>Taktische<\/em> <em>Armbr\u00fcsten.<\/em><\/p>\n<\/div><\/section><\/p><\/div><div  class='avia-button-wrap av-l25y67fe-772ba7016f2449fddf9fd521cfafa2e0-wrap avia-button-center  avia-builder-el-4  el_after_av_one_full  el_before_av_image '><a href='https:\/\/www.bogensport-beier.de\/armbrueste\/' class='avia-button av-l25y67fe-772ba7016f2449fddf9fd521cfafa2e0 av-link-btn avia-icon_select-yes-right-icon avia-size-small avia-position-center avia-color-theme-color' target=\"_blank\" rel=\"noopener noreferrer\" aria-label=\"Zu unseren Armbrust Bestsellern im Shop\"><span class='avia_iconbox_title' >Zu unseren Armbrust Bestsellern im Shop<\/span><span class='avia_button_icon avia_button_icon_right' aria-hidden='true' data-av_icon='\ue889' data-av_iconfont='entypo-fontello'><\/span><\/a><\/div><\/p>\n\n<style type=\"text\/css\" data-created_by=\"avia_inline_auto\" id=\"style-css-av-l25y6r2j-b28270b4a17d70fbde98435372e308b9\">\n.avia-image-container.av-l25y6r2j-b28270b4a17d70fbde98435372e308b9 img.avia_image{\nbox-shadow:none;\n}\n.avia-image-container.av-l25y6r2j-b28270b4a17d70fbde98435372e308b9 .av-image-caption-overlay-center{\ncolor:#ffffff;\n}\n<\/style>\n<div  class='avia-image-container av-l25y6r2j-b28270b4a17d70fbde98435372e308b9 av-styling- av-img-linked avia-align-center  avia-builder-el-5  el_after_av_button  avia-builder-el-last '   itemprop=\"image\" itemscope=\"itemscope\" itemtype=\"https:\/\/schema.org\/ImageObject\" ><div class=\"avia-image-container-inner\"><div class=\"avia-image-overlay-wrap\"><a href=\"https:\/\/www.bogensport-beier.de\/armbrueste\/\" class='avia_image ' target=\"_blank\" rel=\"noopener noreferrer\" aria-label='armbrust-topseller-bogensport-beier-1'><img decoding=\"async\" fetchpriority=\"high\" class='wp-image-834 avia-img-lazy-loading-not-834 avia_image ' src=\"https:\/\/www.bogensport-beier.de\/magazin\/wp-content\/uploads\/2022\/04\/armbrust-topseller-bogensport-beier-1-300x191.jpg\" alt='' title='armbrust-topseller-bogensport-beier-1'  height=\"191\" width=\"300\"  itemprop=\"thumbnailUrl\" srcset=\"https:\/\/www.bogensport-beier.de\/magazin\/wp-content\/uploads\/2022\/04\/armbrust-topseller-bogensport-beier-1-300x191.jpg 300w, https:\/\/www.bogensport-beier.de\/magazin\/wp-content\/uploads\/2022\/04\/armbrust-topseller-bogensport-beier-1-768x489.jpg 768w, https:\/\/www.bogensport-beier.de\/magazin\/wp-content\/uploads\/2022\/04\/armbrust-topseller-bogensport-beier-1-705x449.jpg 705w, https:\/\/www.bogensport-beier.de\/magazin\/wp-content\/uploads\/2022\/04\/armbrust-topseller-bogensport-beier-1.jpg 928w\" sizes=\"(max-width: 300px) 100vw, 300px\" \/><\/a><\/div><\/div><\/div>\n","protected":false},"excerpt":{"rendered":"","protected":false},"author":1,"featured_media":0,"parent":0,"menu_order":0,"comment_status":"closed","ping_status":"closed","template":"","meta":{"footnotes":""},"class_list":["post-738","page","type-page","status-publish","hentry"],"yoast_head":"<!-- This site is optimized with the Yoast SEO plugin v27.1.1 - https:\/\/yoast.com\/product\/yoast-seo-wordpress\/ -->\n<title>Armbrust mit Magazin - Magazin - Bogensport Beier<\/title>\n<meta name=\"description\" content=\"Schnelligkeit und Durchschlagskraft sind die Merkmale der taktischen Armbrust. Schnell nachladen - schnell schie\u00dfen sind wichtige Attribute.\" \/>\n<meta name=\"robots\" content=\"index, follow, max-snippet:-1, max-image-preview:large, max-video-preview:-1\" \/>\n<link rel=\"canonical\" href=\"https:\/\/www.bogensport-beier.de\/magazin\/armbrust-mit-magazin\/\" \/>\n<meta property=\"og:locale\" content=\"de_DE\" \/>\n<meta property=\"og:type\" content=\"article\" \/>\n<meta property=\"og:title\" content=\"Armbrust mit Magazin - Magazin - Bogensport Beier\" \/>\n<meta property=\"og:description\" content=\"Schnelligkeit und Durchschlagskraft sind die Merkmale der taktischen Armbrust. Schnell nachladen - schnell schie\u00dfen sind wichtige Attribute.\" \/>\n<meta property=\"og:url\" content=\"https:\/\/www.bogensport-beier.de\/magazin\/armbrust-mit-magazin\/\" \/>\n<meta property=\"og:site_name\" content=\"Magazin - Bogensport Beier\" \/>\n<meta property=\"article:modified_time\" content=\"2023-08-25T10:10:06+00:00\" \/>\n<meta name=\"twitter:card\" content=\"summary_large_image\" \/>\n<meta name=\"twitter:label1\" content=\"Gesch\u00e4tzte Lesezeit\" \/>\n\t<meta name=\"twitter:data1\" content=\"2\u00a0Minuten\" \/>\n<script type=\"application\/ld+json\" class=\"yoast-schema-graph\">{\"@context\":\"https:\/\/schema.org\",\"@graph\":[{\"@type\":\"WebPage\",\"@id\":\"https:\/\/www.bogensport-beier.de\/magazin\/armbrust-mit-magazin\/\",\"url\":\"https:\/\/www.bogensport-beier.de\/magazin\/armbrust-mit-magazin\/\",\"name\":\"Armbrust mit Magazin - Magazin - Bogensport Beier\",\"isPartOf\":{\"@id\":\"https:\/\/www.bogensport-beier.de\/magazin\/#website\"},\"datePublished\":\"2022-03-14T12:21:15+00:00\",\"dateModified\":\"2023-08-25T10:10:06+00:00\",\"description\":\"Schnelligkeit und Durchschlagskraft sind die Merkmale der taktischen Armbrust. Schnell nachladen - schnell schie\u00dfen sind wichtige Attribute.\",\"breadcrumb\":{\"@id\":\"https:\/\/www.bogensport-beier.de\/magazin\/armbrust-mit-magazin\/#breadcrumb\"},\"inLanguage\":\"de\",\"potentialAction\":[{\"@type\":\"ReadAction\",\"target\":[\"https:\/\/www.bogensport-beier.de\/magazin\/armbrust-mit-magazin\/\"]}]},{\"@type\":\"BreadcrumbList\",\"@id\":\"https:\/\/www.bogensport-beier.de\/magazin\/armbrust-mit-magazin\/#breadcrumb\",\"itemListElement\":[{\"@type\":\"ListItem\",\"position\":1,\"name\":\"Startseite\",\"item\":\"https:\/\/www.bogensport-beier.de\/magazin\/\"},{\"@type\":\"ListItem\",\"position\":2,\"name\":\"Armbrust mit Magazin\"}]},{\"@type\":\"WebSite\",\"@id\":\"https:\/\/www.bogensport-beier.de\/magazin\/#website\",\"url\":\"https:\/\/www.bogensport-beier.de\/magazin\/\",\"name\":\"Magazin - Bogensport Beier\",\"description\":\"Alles rund um den Bogensport\",\"potentialAction\":[{\"@type\":\"SearchAction\",\"target\":{\"@type\":\"EntryPoint\",\"urlTemplate\":\"https:\/\/www.bogensport-beier.de\/magazin\/?s={search_term_string}\"},\"query-input\":{\"@type\":\"PropertyValueSpecification\",\"valueRequired\":true,\"valueName\":\"search_term_string\"}}],\"inLanguage\":\"de\"}]}<\/script>\n<!-- \/ Yoast SEO plugin. -->","yoast_head_json":{"title":"Armbrust mit Magazin - Magazin - Bogensport Beier","description":"Schnelligkeit und Durchschlagskraft sind die Merkmale der taktischen Armbrust. Schnell nachladen - schnell schie\u00dfen sind wichtige Attribute.","robots":{"index":"index","follow":"follow","max-snippet":"max-snippet:-1","max-image-preview":"max-image-preview:large","max-video-preview":"max-video-preview:-1"},"canonical":"https:\/\/www.bogensport-beier.de\/magazin\/armbrust-mit-magazin\/","og_locale":"de_DE","og_type":"article","og_title":"Armbrust mit Magazin - Magazin - Bogensport Beier","og_description":"Schnelligkeit und Durchschlagskraft sind die Merkmale der taktischen Armbrust. Schnell nachladen - schnell schie\u00dfen sind wichtige Attribute.","og_url":"https:\/\/www.bogensport-beier.de\/magazin\/armbrust-mit-magazin\/","og_site_name":"Magazin - Bogensport Beier","article_modified_time":"2023-08-25T10:10:06+00:00","twitter_card":"summary_large_image","twitter_misc":{"Gesch\u00e4tzte Lesezeit":"2\u00a0Minuten"},"schema":{"@context":"https:\/\/schema.org","@graph":[{"@type":"WebPage","@id":"https:\/\/www.bogensport-beier.de\/magazin\/armbrust-mit-magazin\/","url":"https:\/\/www.bogensport-beier.de\/magazin\/armbrust-mit-magazin\/","name":"Armbrust mit Magazin - Magazin - Bogensport Beier","isPartOf":{"@id":"https:\/\/www.bogensport-beier.de\/magazin\/#website"},"datePublished":"2022-03-14T12:21:15+00:00","dateModified":"2023-08-25T10:10:06+00:00","description":"Schnelligkeit und Durchschlagskraft sind die Merkmale der taktischen Armbrust. Schnell nachladen - schnell schie\u00dfen sind wichtige Attribute.","breadcrumb":{"@id":"https:\/\/www.bogensport-beier.de\/magazin\/armbrust-mit-magazin\/#breadcrumb"},"inLanguage":"de","potentialAction":[{"@type":"ReadAction","target":["https:\/\/www.bogensport-beier.de\/magazin\/armbrust-mit-magazin\/"]}]},{"@type":"BreadcrumbList","@id":"https:\/\/www.bogensport-beier.de\/magazin\/armbrust-mit-magazin\/#breadcrumb","itemListElement":[{"@type":"ListItem","position":1,"name":"Startseite","item":"https:\/\/www.bogensport-beier.de\/magazin\/"},{"@type":"ListItem","position":2,"name":"Armbrust mit Magazin"}]},{"@type":"WebSite","@id":"https:\/\/www.bogensport-beier.de\/magazin\/#website","url":"https:\/\/www.bogensport-beier.de\/magazin\/","name":"Magazin - Bogensport Beier","description":"Alles rund um den Bogensport","potentialAction":[{"@type":"SearchAction","target":{"@type":"EntryPoint","urlTemplate":"https:\/\/www.bogensport-beier.de\/magazin\/?s={search_term_string}"},"query-input":{"@type":"PropertyValueSpecification","valueRequired":true,"valueName":"search_term_string"}}],"inLanguage":"de"}]}},"_links":{"self":[{"href":"https:\/\/www.bogensport-beier.de\/magazin\/wp-json\/wp\/v2\/pages\/738","targetHints":{"allow":["GET"]}}],"collection":[{"href":"https:\/\/www.bogensport-beier.de\/magazin\/wp-json\/wp\/v2\/pages"}],"about":[{"href":"https:\/\/www.bogensport-beier.de\/magazin\/wp-json\/wp\/v2\/types\/page"}],"author":[{"embeddable":true,"href":"https:\/\/www.bogensport-beier.de\/magazin\/wp-json\/wp\/v2\/users\/1"}],"replies":[{"embeddable":true,"href":"https:\/\/www.bogensport-beier.de\/magazin\/wp-json\/wp\/v2\/comments?post=738"}],"version-history":[{"count":9,"href":"https:\/\/www.bogensport-beier.de\/magazin\/wp-json\/wp\/v2\/pages\/738\/revisions"}],"predecessor-version":[{"id":817,"href":"https:\/\/www.bogensport-beier.de\/magazin\/wp-json\/wp\/v2\/pages\/738\/revisions\/817"}],"wp:attachment":[{"href":"https:\/\/www.bogensport-beier.de\/magazin\/wp-json\/wp\/v2\/media?parent=738"}],"curies":[{"name":"wp","href":"https:\/\/api.w.org\/{rel}","templated":true}]}}