{"id":734,"date":"2022-03-14T13:18:19","date_gmt":"2022-03-14T12:18:19","guid":{"rendered":"https:\/\/www.bogensport-beier.de\/magazin\/?page_id=734"},"modified":"2023-05-16T09:10:06","modified_gmt":"2023-05-16T07:10:06","slug":"jagd-armbrust","status":"publish","type":"page","link":"https:\/\/www.bogensport-beier.de\/magazin\/jagd-armbrust\/","title":{"rendered":"Jagd Armbrust"},"content":{"rendered":"<div  class='flex_column av-gnj4m-19ac011a43660b89fc5aaf5c4519c941 av_one_full  avia-builder-el-0  avia-builder-el-no-sibling  first flex_column_div  '     ><p>\n<style type=\"text\/css\" data-created_by=\"avia_inline_auto\" id=\"style-css-av-l0qo6pe5-50ad674170b4f4e29a8ba0feb595f773\">\n#top .av-special-heading.av-l0qo6pe5-50ad674170b4f4e29a8ba0feb595f773{\npadding-bottom:10px;\n}\nbody .av-special-heading.av-l0qo6pe5-50ad674170b4f4e29a8ba0feb595f773 .av-special-heading-tag .heading-char{\nfont-size:25px;\n}\n.av-special-heading.av-l0qo6pe5-50ad674170b4f4e29a8ba0feb595f773 .av-subheading{\nfont-size:15px;\n}\n<\/style>\n<div  class='av-special-heading av-l0qo6pe5-50ad674170b4f4e29a8ba0feb595f773 av-special-heading-h1 blockquote modern-quote  avia-builder-el-1  el_before_av_image  avia-builder-el-first '><h1 class='av-special-heading-tag '  itemprop=\"headline\"  >Die Jagd Armbrust<\/h1><div class=\"special-heading-border\"><div class=\"special-heading-inner-border\"><\/div><\/div><\/div><br \/>\n\n<style type=\"text\/css\" data-created_by=\"avia_inline_auto\" id=\"style-css-av-75y26-0421d19562645fca3e5894ff8c661bef\">\n.avia-image-container.av-75y26-0421d19562645fca3e5894ff8c661bef img.avia_image{\nbox-shadow:none;\n}\n.avia-image-container.av-75y26-0421d19562645fca3e5894ff8c661bef .av-image-caption-overlay-center{\ncolor:#ffffff;\n}\n<\/style>\n<div  class='avia-image-container av-75y26-0421d19562645fca3e5894ff8c661bef av-styling- avia-align-left  avia-builder-el-2  el_after_av_heading  el_before_av_textblock '   itemprop=\"image\" itemscope=\"itemscope\" itemtype=\"https:\/\/schema.org\/ImageObject\" ><div class=\"avia-image-container-inner\"><div class=\"avia-image-overlay-wrap\"><img decoding=\"async\" fetchpriority=\"high\" class='wp-image-861 avia-img-lazy-loading-not-861 avia_image ' src=\"https:\/\/www.bogensport-beier.de\/magazin\/wp-content\/uploads\/2022\/04\/armbrust-hori-zon-bedlam-crossbow-bogensport-beier-1-300x300.jpg\" alt='' title='armbrust-hori-zon-bedlam-crossbow-bogensport-beier-1'  height=\"300\" width=\"300\"  itemprop=\"thumbnailUrl\" srcset=\"https:\/\/www.bogensport-beier.de\/magazin\/wp-content\/uploads\/2022\/04\/armbrust-hori-zon-bedlam-crossbow-bogensport-beier-1-300x300.jpg 300w, https:\/\/www.bogensport-beier.de\/magazin\/wp-content\/uploads\/2022\/04\/armbrust-hori-zon-bedlam-crossbow-bogensport-beier-1-1030x1030.jpg 1030w, https:\/\/www.bogensport-beier.de\/magazin\/wp-content\/uploads\/2022\/04\/armbrust-hori-zon-bedlam-crossbow-bogensport-beier-1-80x80.jpg 80w, https:\/\/www.bogensport-beier.de\/magazin\/wp-content\/uploads\/2022\/04\/armbrust-hori-zon-bedlam-crossbow-bogensport-beier-1-768x768.jpg 768w, https:\/\/www.bogensport-beier.de\/magazin\/wp-content\/uploads\/2022\/04\/armbrust-hori-zon-bedlam-crossbow-bogensport-beier-1-36x36.jpg 36w, https:\/\/www.bogensport-beier.de\/magazin\/wp-content\/uploads\/2022\/04\/armbrust-hori-zon-bedlam-crossbow-bogensport-beier-1-180x180.jpg 180w, https:\/\/www.bogensport-beier.de\/magazin\/wp-content\/uploads\/2022\/04\/armbrust-hori-zon-bedlam-crossbow-bogensport-beier-1-705x705.jpg 705w, https:\/\/www.bogensport-beier.de\/magazin\/wp-content\/uploads\/2022\/04\/armbrust-hori-zon-bedlam-crossbow-bogensport-beier-1.jpg 1500w\" sizes=\"(max-width: 300px) 100vw, 300px\" \/><\/div><\/div><\/div><br \/>\n<section  class='av_textblock_section av-l0qo7rqv-24dd6ef48c8879e0783542cd2f42753e '   itemscope=\"itemscope\" itemtype=\"https:\/\/schema.org\/CreativeWork\" ><div class='avia_textblock'  itemprop=\"text\" ><p class=\"text\" style=\"text-align: justify;\">Du suchts eine Jagd<em>armbrust<\/em>? Nun rein grunds\u00e4tzlich l\u00e4sst sich mit so gut wie jeder <em>Armbrust<\/em> jagen, sehen wir mal von LARP &#8211; <em>Armbr\u00fcsten<\/em> und Pistolen <em>Armbr\u00fcsten<\/em> ab.<\/p>\n<p class=\"text\" style=\"text-align: justify;\"><em>Armbr\u00fcste<\/em> wurden schon fr\u00fcher zur Jagd und Verteidigung eingesetzt. Das war ihre ureigenste Nutzung. Bei uns &#8211; <a href=\"https:\/\/www.bogensport-beier.de\/\">www.bogensport-beier.de<\/a> &#8211; findest Du auf jeden Fall was f\u00fcr diesen Zweck. Auch <em>Armbr\u00fcsten<\/em> mit hohen und somit sehr effektiven Zuggewichten f\u00fcr die Jagd.<\/p>\n<p class=\"text\" style=\"text-align: justify;\">Hier sei nochmal angemerkt, bitte immer die Landesgesetzte beachten. In Deutschland ist die Jagd mit der <em>Armbrust<\/em> verboten!<\/p>\n<p class=\"text\" style=\"text-align: justify;\">Du hast dich dazu entschlossen, dir eine Compound<em>armbrust<\/em> kaufen zu wollen? Vielleicht bist Du aber auch erst dabei, dich \u00fcber dieses spezielle Modell einer <em>Armbrust<\/em> zu informieren. In beiden F\u00e4llen bist du bei Bogensport Beier genau richtig. Neben einem gro\u00dfen Sortiment an Compound<em>armbr\u00fcsten<\/em> bieten wir dir auch eine umfangreiche Kaufberatung.<\/p>\n<\/div><\/section><br \/>\n\n<style type=\"text\/css\" data-created_by=\"avia_inline_auto\" id=\"style-css-av-l267jyb2-34c6c70c7b9ac1d9b0ff6f591664f8e6\">\n#top .hr.hr-invisible.av-l267jyb2-34c6c70c7b9ac1d9b0ff6f591664f8e6{\nheight:50px;\n}\n<\/style>\n<div  class='hr av-l267jyb2-34c6c70c7b9ac1d9b0ff6f591664f8e6 hr-invisible  avia-builder-el-4  el_after_av_textblock  el_before_av_button '><span class='hr-inner '><span class=\"hr-inner-style\"><\/span><\/span><\/div><br \/>\n<div  class='avia-button-wrap av-l0qo8z4g-4afa2b101443ed5e92a6468f90181a11-wrap avia-button-center  avia-builder-el-5  el_after_av_hr  el_before_av_image '><a href='https:\/\/www.bogensport-beier.de\/armbrueste\/'  class='avia-button av-l0qo8z4g-4afa2b101443ed5e92a6468f90181a11 av-link-btn avia-icon_select-yes-right-icon avia-size-small avia-position-center avia-color-theme-color'   aria-label=\"zu unseren Armbr\u00fcsten im Shop\"><span class='avia_iconbox_title' >zu unseren Armbr\u00fcsten im Shop<\/span><span class='avia_button_icon avia_button_icon_right' aria-hidden='true' data-av_icon='\ue881' data-av_iconfont='entypo-fontello'><\/span><\/a><\/div><br \/>\n\n<style type=\"text\/css\" data-created_by=\"avia_inline_auto\" id=\"style-css-av-l2650yct-5ec5cd18e84ac994fc6081591f33cbe1\">\n.avia-image-container.av-l2650yct-5ec5cd18e84ac994fc6081591f33cbe1 img.avia_image{\nbox-shadow:none;\n}\n.avia-image-container.av-l2650yct-5ec5cd18e84ac994fc6081591f33cbe1 .av-image-caption-overlay-center{\ncolor:#ffffff;\n}\n<\/style>\n<div  class='avia-image-container av-l2650yct-5ec5cd18e84ac994fc6081591f33cbe1 av-styling- av-img-linked avia-align-center  avia-builder-el-6  el_after_av_button  avia-builder-el-last '   itemprop=\"image\" itemscope=\"itemscope\" itemtype=\"https:\/\/schema.org\/ImageObject\" ><div class=\"avia-image-container-inner\"><div class=\"avia-image-overlay-wrap\"><a href=\"https:\/\/www.bogensport-beier.de\/armbrueste\/\" class='avia_image ' target=\"_blank\" rel=\"noopener noreferrer\" aria-label='armbrust-topseller-bogensport-beier-1'><img decoding=\"async\" fetchpriority=\"high\" class='wp-image-834 avia-img-lazy-loading-not-834 avia_image ' src=\"https:\/\/www.bogensport-beier.de\/magazin\/wp-content\/uploads\/2022\/04\/armbrust-topseller-bogensport-beier-1-300x191.jpg\" alt='' title='armbrust-topseller-bogensport-beier-1'  height=\"191\" width=\"300\"  itemprop=\"thumbnailUrl\" srcset=\"https:\/\/www.bogensport-beier.de\/magazin\/wp-content\/uploads\/2022\/04\/armbrust-topseller-bogensport-beier-1-300x191.jpg 300w, https:\/\/www.bogensport-beier.de\/magazin\/wp-content\/uploads\/2022\/04\/armbrust-topseller-bogensport-beier-1-768x489.jpg 768w, https:\/\/www.bogensport-beier.de\/magazin\/wp-content\/uploads\/2022\/04\/armbrust-topseller-bogensport-beier-1-705x449.jpg 705w, https:\/\/www.bogensport-beier.de\/magazin\/wp-content\/uploads\/2022\/04\/armbrust-topseller-bogensport-beier-1.jpg 928w\" sizes=\"(max-width: 300px) 100vw, 300px\" \/><\/a><\/div><\/div><\/div><\/p><\/div>\n","protected":false},"excerpt":{"rendered":"","protected":false},"author":1,"featured_media":0,"parent":0,"menu_order":0,"comment_status":"closed","ping_status":"closed","template":"","meta":{"footnotes":""},"class_list":["post-734","page","type-page","status-publish","hentry"],"yoast_head":"<!-- This site is optimized with the Yoast SEO plugin v27.1.1 - https:\/\/yoast.com\/product\/yoast-seo-wordpress\/ -->\n<title>Jagd Armbrust - Magazin - Bogensport Beier<\/title>\n<meta name=\"description\" content=\"Es l\u00e4sst sich so gut wie mit jeder Armbrust jagen, aber das Zuggewicht der Jagdarmbrust sollte auf das zu erlegenden Wild abgestimmt sein.\" \/>\n<meta name=\"robots\" content=\"index, follow, max-snippet:-1, max-image-preview:large, max-video-preview:-1\" \/>\n<link rel=\"canonical\" href=\"https:\/\/www.bogensport-beier.de\/magazin\/jagd-armbrust\/\" \/>\n<meta property=\"og:locale\" content=\"de_DE\" \/>\n<meta property=\"og:type\" content=\"article\" \/>\n<meta property=\"og:title\" content=\"Jagd Armbrust - Magazin - Bogensport Beier\" \/>\n<meta property=\"og:description\" content=\"Es l\u00e4sst sich so gut wie mit jeder Armbrust jagen, aber das Zuggewicht der Jagdarmbrust sollte auf das zu erlegenden Wild abgestimmt sein.\" \/>\n<meta property=\"og:url\" content=\"https:\/\/www.bogensport-beier.de\/magazin\/jagd-armbrust\/\" \/>\n<meta property=\"og:site_name\" content=\"Magazin - Bogensport Beier\" \/>\n<meta property=\"article:modified_time\" content=\"2023-05-16T07:10:06+00:00\" \/>\n<meta name=\"twitter:card\" content=\"summary_large_image\" \/>\n<meta name=\"twitter:label1\" content=\"Gesch\u00e4tzte Lesezeit\" \/>\n\t<meta name=\"twitter:data1\" content=\"3\u00a0Minuten\" \/>\n<script type=\"application\/ld+json\" class=\"yoast-schema-graph\">{\"@context\":\"https:\/\/schema.org\",\"@graph\":[{\"@type\":\"WebPage\",\"@id\":\"https:\/\/www.bogensport-beier.de\/magazin\/jagd-armbrust\/\",\"url\":\"https:\/\/www.bogensport-beier.de\/magazin\/jagd-armbrust\/\",\"name\":\"Jagd Armbrust - Magazin - Bogensport Beier\",\"isPartOf\":{\"@id\":\"https:\/\/www.bogensport-beier.de\/magazin\/#website\"},\"datePublished\":\"2022-03-14T12:18:19+00:00\",\"dateModified\":\"2023-05-16T07:10:06+00:00\",\"description\":\"Es l\u00e4sst sich so gut wie mit jeder Armbrust jagen, aber das Zuggewicht der Jagdarmbrust sollte auf das zu erlegenden Wild abgestimmt sein.\",\"breadcrumb\":{\"@id\":\"https:\/\/www.bogensport-beier.de\/magazin\/jagd-armbrust\/#breadcrumb\"},\"inLanguage\":\"de\",\"potentialAction\":[{\"@type\":\"ReadAction\",\"target\":[\"https:\/\/www.bogensport-beier.de\/magazin\/jagd-armbrust\/\"]}]},{\"@type\":\"BreadcrumbList\",\"@id\":\"https:\/\/www.bogensport-beier.de\/magazin\/jagd-armbrust\/#breadcrumb\",\"itemListElement\":[{\"@type\":\"ListItem\",\"position\":1,\"name\":\"Startseite\",\"item\":\"https:\/\/www.bogensport-beier.de\/magazin\/\"},{\"@type\":\"ListItem\",\"position\":2,\"name\":\"Jagd Armbrust\"}]},{\"@type\":\"WebSite\",\"@id\":\"https:\/\/www.bogensport-beier.de\/magazin\/#website\",\"url\":\"https:\/\/www.bogensport-beier.de\/magazin\/\",\"name\":\"Magazin - Bogensport Beier\",\"description\":\"Alles rund um den Bogensport\",\"potentialAction\":[{\"@type\":\"SearchAction\",\"target\":{\"@type\":\"EntryPoint\",\"urlTemplate\":\"https:\/\/www.bogensport-beier.de\/magazin\/?s={search_term_string}\"},\"query-input\":{\"@type\":\"PropertyValueSpecification\",\"valueRequired\":true,\"valueName\":\"search_term_string\"}}],\"inLanguage\":\"de\"}]}<\/script>\n<!-- \/ Yoast SEO plugin. -->","yoast_head_json":{"title":"Jagd Armbrust - Magazin - Bogensport Beier","description":"Es l\u00e4sst sich so gut wie mit jeder Armbrust jagen, aber das Zuggewicht der Jagdarmbrust sollte auf das zu erlegenden Wild abgestimmt sein.","robots":{"index":"index","follow":"follow","max-snippet":"max-snippet:-1","max-image-preview":"max-image-preview:large","max-video-preview":"max-video-preview:-1"},"canonical":"https:\/\/www.bogensport-beier.de\/magazin\/jagd-armbrust\/","og_locale":"de_DE","og_type":"article","og_title":"Jagd Armbrust - Magazin - Bogensport Beier","og_description":"Es l\u00e4sst sich so gut wie mit jeder Armbrust jagen, aber das Zuggewicht der Jagdarmbrust sollte auf das zu erlegenden Wild abgestimmt sein.","og_url":"https:\/\/www.bogensport-beier.de\/magazin\/jagd-armbrust\/","og_site_name":"Magazin - Bogensport Beier","article_modified_time":"2023-05-16T07:10:06+00:00","twitter_card":"summary_large_image","twitter_misc":{"Gesch\u00e4tzte Lesezeit":"3\u00a0Minuten"},"schema":{"@context":"https:\/\/schema.org","@graph":[{"@type":"WebPage","@id":"https:\/\/www.bogensport-beier.de\/magazin\/jagd-armbrust\/","url":"https:\/\/www.bogensport-beier.de\/magazin\/jagd-armbrust\/","name":"Jagd Armbrust - Magazin - Bogensport Beier","isPartOf":{"@id":"https:\/\/www.bogensport-beier.de\/magazin\/#website"},"datePublished":"2022-03-14T12:18:19+00:00","dateModified":"2023-05-16T07:10:06+00:00","description":"Es l\u00e4sst sich so gut wie mit jeder Armbrust jagen, aber das Zuggewicht der Jagdarmbrust sollte auf das zu erlegenden Wild abgestimmt sein.","breadcrumb":{"@id":"https:\/\/www.bogensport-beier.de\/magazin\/jagd-armbrust\/#breadcrumb"},"inLanguage":"de","potentialAction":[{"@type":"ReadAction","target":["https:\/\/www.bogensport-beier.de\/magazin\/jagd-armbrust\/"]}]},{"@type":"BreadcrumbList","@id":"https:\/\/www.bogensport-beier.de\/magazin\/jagd-armbrust\/#breadcrumb","itemListElement":[{"@type":"ListItem","position":1,"name":"Startseite","item":"https:\/\/www.bogensport-beier.de\/magazin\/"},{"@type":"ListItem","position":2,"name":"Jagd Armbrust"}]},{"@type":"WebSite","@id":"https:\/\/www.bogensport-beier.de\/magazin\/#website","url":"https:\/\/www.bogensport-beier.de\/magazin\/","name":"Magazin - Bogensport Beier","description":"Alles rund um den Bogensport","potentialAction":[{"@type":"SearchAction","target":{"@type":"EntryPoint","urlTemplate":"https:\/\/www.bogensport-beier.de\/magazin\/?s={search_term_string}"},"query-input":{"@type":"PropertyValueSpecification","valueRequired":true,"valueName":"search_term_string"}}],"inLanguage":"de"}]}},"_links":{"self":[{"href":"https:\/\/www.bogensport-beier.de\/magazin\/wp-json\/wp\/v2\/pages\/734","targetHints":{"allow":["GET"]}}],"collection":[{"href":"https:\/\/www.bogensport-beier.de\/magazin\/wp-json\/wp\/v2\/pages"}],"about":[{"href":"https:\/\/www.bogensport-beier.de\/magazin\/wp-json\/wp\/v2\/types\/page"}],"author":[{"embeddable":true,"href":"https:\/\/www.bogensport-beier.de\/magazin\/wp-json\/wp\/v2\/users\/1"}],"replies":[{"embeddable":true,"href":"https:\/\/www.bogensport-beier.de\/magazin\/wp-json\/wp\/v2\/comments?post=734"}],"version-history":[{"count":6,"href":"https:\/\/www.bogensport-beier.de\/magazin\/wp-json\/wp\/v2\/pages\/734\/revisions"}],"predecessor-version":[{"id":883,"href":"https:\/\/www.bogensport-beier.de\/magazin\/wp-json\/wp\/v2\/pages\/734\/revisions\/883"}],"wp:attachment":[{"href":"https:\/\/www.bogensport-beier.de\/magazin\/wp-json\/wp\/v2\/media?parent=734"}],"curies":[{"name":"wp","href":"https:\/\/api.w.org\/{rel}","templated":true}]}}