{"id":731,"date":"2022-03-14T13:14:17","date_gmt":"2022-03-14T12:14:17","guid":{"rendered":"https:\/\/www.bogensport-beier.de\/magazin\/?page_id=731"},"modified":"2023-05-16T09:08:23","modified_gmt":"2023-05-16T07:08:23","slug":"recurve-armbrust","status":"publish","type":"page","link":"https:\/\/www.bogensport-beier.de\/magazin\/recurve-armbrust\/","title":{"rendered":"Recurve Armbrust"},"content":{"rendered":"<div  class='flex_column av-aff83-8e78ff37c6aea1108fe8d69086abb95c av_one_full  avia-builder-el-0  el_before_av_button  avia-builder-el-first  first flex_column_div  '     ><p>\n<style type=\"text\/css\" data-created_by=\"avia_inline_auto\" id=\"style-css-av-l0qo2wgj-f4c3e4fa418f0389a09a6ac018b7bc59\">\n#top .av-special-heading.av-l0qo2wgj-f4c3e4fa418f0389a09a6ac018b7bc59{\npadding-bottom:10px;\n}\nbody .av-special-heading.av-l0qo2wgj-f4c3e4fa418f0389a09a6ac018b7bc59 .av-special-heading-tag .heading-char{\nfont-size:25px;\n}\n.av-special-heading.av-l0qo2wgj-f4c3e4fa418f0389a09a6ac018b7bc59 .av-subheading{\nfont-size:15px;\n}\n<\/style>\n<div  class='av-special-heading av-l0qo2wgj-f4c3e4fa418f0389a09a6ac018b7bc59 av-special-heading-h1 blockquote modern-quote  avia-builder-el-1  el_before_av_textblock  avia-builder-el-first '><h1 class='av-special-heading-tag '  itemprop=\"headline\"  >Die Recurve Armbrust<\/h1><div class=\"special-heading-border\"><div class=\"special-heading-inner-border\"><\/div><\/div><\/div><br \/>\n<section  class='av_textblock_section av-l0qo3psr-a676c4c6446770bec39a4b2dd10c40d9 '   itemscope=\"itemscope\" itemtype=\"https:\/\/schema.org\/CreativeWork\" ><div class='avia_textblock'  itemprop=\"text\" ><h2><strong>Was macht eine Recurve Armbrust aus? Hier die wichtigsten Merkemale:<\/strong><\/h2>\n<ul>\n<li>Sie hat eine lange Lebensdauer<\/li>\n<li>Ist im Vergleich kosteng\u00fcnstiger in der Anschaffung.<\/li>\n<li>Zeichnet sich durch eine robuste Bauart aus.<\/li>\n<li>Hat kaum Wartungsaufwand<\/li>\n<\/ul>\n<p>Eine Recurve<em>armbrust<\/em> hat ein relativ traditionelles Erscheinungsbild. Ihre Bauweise beschr\u00e4nkt sich auf das notwendigste. Dadurch wirken sie im direkten Vergleich mit Compoundarmb\u00fcrsten recht einfach. Hat aber den charmanten Vorteil der niedrigen Wartungskosten und der damit verbundene Langlebigkeit.<\/p>\n<h2><strong>Wie funktioniert die Recurve Armbrust?<\/strong><\/h2>\n<p>Am Armbrustschaft vorne befindet sich der Wurfarmkopf. An dem, wie der Name schon vermuten l\u00e4sst, werden die Wurfarme befestigt. Es gibt hier, wir auch bei B\u00f6gen, geteilte und einteilige Wurfarme, das ist je nach <em>Armbrust<\/em>modell unterschiedlich. Die Wurfarme werden mit der Sehne vorgespannt in den die Sehne an den Wurfarmenden auf die sogenannten Tips durch einfaches einh\u00e4ngen befestigt wird. Die Vorspannung der Wurfarme wird dadurch erreicht, dass die Sehne immer k\u00fcrzer als der Wurfarm ist, das ist das gleiche Prinzip wie auch bei Lang- &amp; Recurveb\u00f6gen.<\/p>\n<p>Das Spannen der <em>Armbrust<\/em> wir durch nach hinten ziehen der Sehne realisiert. Dabei bewegen sich die Wurfarmenden mit nach hinten und die Zugkraft steigt bis zum angegebenen Zuggewicht an. Im hinteren Bereich wird die Sehne im Schoss dann gesichert. Bis zum bet\u00e4tigen des Abzugs ist die <em>Armbrust<\/em> gespannt. Wenn der Abzug bet\u00e4tigt wird, wird die gespeicherte Energie freigegeben und schiebt den Armbrustbolzen nach vorne wo er letztendlich von der <em>Armbrust<\/em> abgeschossen wird.<\/p>\n<h2><strong>Welche Vorteile hat die Recurve Armbrust<\/strong><\/h2>\n<p>Die meisten meinen, dass die Recurve<em>armbrust<\/em> der Compound<em>armbrust<\/em> in Sachen Leistung nachsteht. Der Eindruck entsteht durch den einfacheren Aufbau der Recurve<em>armbrust<\/em>. Aber das ist eine Fehleinsch\u00e4tzung. Recurve<em>armbr\u00fcste<\/em> und Compound<em>armbr\u00fcsten<\/em> gl\u00e4nzen oft durch \u00e4hnliche Leistungsdaten. Rechurve<em>armbr\u00fcste<\/em> lassen sich lediglich schwerer spannen als Compound<em>armbr\u00fcste<\/em>. Das liegt an der physikalischen Gesetzm\u00e4\u00dfigkeit des Hebelgesetztes das bei der Compound<em>armbrust<\/em> zur Anwendung kommt.<\/p>\n<p>Ein weitere gro\u00dfer Vorteil der Recurve<em>armbrust<\/em> ist, dass diese aufgrund der einfachen und robusten Technik auch bei schlechten Wetterbedingungen sicher funktionieren. Fehlfunktionen der Recurve<em>armbrust<\/em> sind so gut wie ausgeschlossen. Eine Recurve<em>armbrust<\/em> die im Matsch gelandet ist, wird total verdreckt auch nicht funktionieren! Eine Recurve<em>armbrust<\/em> ist ideal f\u00fcr Outdoor Aktivit\u00e4ten wie zum Beispiel der Jagd geeignet. Aber Achtung, immer die Landesgesetzte beachten. In Deutschland ist die Jagd mit der <em>Armbrust<\/em> verboten!<\/p>\n<\/div><\/section><\/p><\/div><div  class='avia-button-wrap av-l260gtmg-177b7f6b611e29d492e895320ef0813f-wrap avia-button-center  avia-builder-el-3  el_after_av_one_full  el_before_av_codeblock '><a href='https:\/\/www.bogensport-beier.de\/armbrueste\/' class='avia-button av-l260gtmg-177b7f6b611e29d492e895320ef0813f av-link-btn avia-icon_select-yes-left-icon avia-size-small avia-position-center avia-color-theme-color' target=\"_blank\" rel=\"noopener noreferrer\" aria-label=\"zu den Armbr\u00fcsten im Shop\"><span class='avia_button_icon avia_button_icon_left' aria-hidden='true' data-av_icon='\ue800' data-av_iconfont='entypo-fontello'><\/span><span class='avia_iconbox_title' >zu den Armbr\u00fcsten im Shop<\/span><\/a><\/div><\/p>\n\n","protected":false},"excerpt":{"rendered":"","protected":false},"author":1,"featured_media":0,"parent":0,"menu_order":0,"comment_status":"closed","ping_status":"closed","template":"","meta":{"footnotes":""},"class_list":["post-731","page","type-page","status-publish","hentry"],"yoast_head":"<!-- This site is optimized with the Yoast SEO plugin v27.1.1 - https:\/\/yoast.com\/product\/yoast-seo-wordpress\/ -->\n<title>Recurve Armbrust - Magazin - Bogensport Beier<\/title>\n<meta name=\"description\" content=\"Wenn du dir eine Recurve Armbrust bei Bogensport Beier kaufen willst, kannst du dich hier \u00fcber die Merkmale und Besonderheiten informieren.\" \/>\n<meta name=\"robots\" content=\"index, follow, max-snippet:-1, max-image-preview:large, max-video-preview:-1\" \/>\n<link rel=\"canonical\" href=\"https:\/\/www.bogensport-beier.de\/magazin\/recurve-armbrust\/\" \/>\n<meta property=\"og:locale\" content=\"de_DE\" \/>\n<meta property=\"og:type\" content=\"article\" \/>\n<meta property=\"og:title\" content=\"Recurve Armbrust - Magazin - Bogensport Beier\" \/>\n<meta property=\"og:description\" content=\"Wenn du dir eine Recurve Armbrust bei Bogensport Beier kaufen willst, kannst du dich hier \u00fcber die Merkmale und Besonderheiten informieren.\" \/>\n<meta property=\"og:url\" content=\"https:\/\/www.bogensport-beier.de\/magazin\/recurve-armbrust\/\" \/>\n<meta property=\"og:site_name\" content=\"Magazin - Bogensport Beier\" \/>\n<meta property=\"article:modified_time\" content=\"2023-05-16T07:08:23+00:00\" \/>\n<meta name=\"twitter:card\" content=\"summary_large_image\" \/>\n<meta name=\"twitter:label1\" content=\"Gesch\u00e4tzte Lesezeit\" \/>\n\t<meta name=\"twitter:data1\" content=\"4\u00a0Minuten\" \/>\n<script type=\"application\/ld+json\" class=\"yoast-schema-graph\">{\"@context\":\"https:\/\/schema.org\",\"@graph\":[{\"@type\":\"WebPage\",\"@id\":\"https:\/\/www.bogensport-beier.de\/magazin\/recurve-armbrust\/\",\"url\":\"https:\/\/www.bogensport-beier.de\/magazin\/recurve-armbrust\/\",\"name\":\"Recurve Armbrust - Magazin - Bogensport Beier\",\"isPartOf\":{\"@id\":\"https:\/\/www.bogensport-beier.de\/magazin\/#website\"},\"datePublished\":\"2022-03-14T12:14:17+00:00\",\"dateModified\":\"2023-05-16T07:08:23+00:00\",\"description\":\"Wenn du dir eine Recurve Armbrust bei Bogensport Beier kaufen willst, kannst du dich hier \u00fcber die Merkmale und Besonderheiten informieren.\",\"breadcrumb\":{\"@id\":\"https:\/\/www.bogensport-beier.de\/magazin\/recurve-armbrust\/#breadcrumb\"},\"inLanguage\":\"de\",\"potentialAction\":[{\"@type\":\"ReadAction\",\"target\":[\"https:\/\/www.bogensport-beier.de\/magazin\/recurve-armbrust\/\"]}]},{\"@type\":\"BreadcrumbList\",\"@id\":\"https:\/\/www.bogensport-beier.de\/magazin\/recurve-armbrust\/#breadcrumb\",\"itemListElement\":[{\"@type\":\"ListItem\",\"position\":1,\"name\":\"Startseite\",\"item\":\"https:\/\/www.bogensport-beier.de\/magazin\/\"},{\"@type\":\"ListItem\",\"position\":2,\"name\":\"Recurve Armbrust\"}]},{\"@type\":\"WebSite\",\"@id\":\"https:\/\/www.bogensport-beier.de\/magazin\/#website\",\"url\":\"https:\/\/www.bogensport-beier.de\/magazin\/\",\"name\":\"Magazin - Bogensport Beier\",\"description\":\"Alles rund um den Bogensport\",\"potentialAction\":[{\"@type\":\"SearchAction\",\"target\":{\"@type\":\"EntryPoint\",\"urlTemplate\":\"https:\/\/www.bogensport-beier.de\/magazin\/?s={search_term_string}\"},\"query-input\":{\"@type\":\"PropertyValueSpecification\",\"valueRequired\":true,\"valueName\":\"search_term_string\"}}],\"inLanguage\":\"de\"}]}<\/script>\n<!-- \/ Yoast SEO plugin. -->","yoast_head_json":{"title":"Recurve Armbrust - Magazin - Bogensport Beier","description":"Wenn du dir eine Recurve Armbrust bei Bogensport Beier kaufen willst, kannst du dich hier \u00fcber die Merkmale und Besonderheiten informieren.","robots":{"index":"index","follow":"follow","max-snippet":"max-snippet:-1","max-image-preview":"max-image-preview:large","max-video-preview":"max-video-preview:-1"},"canonical":"https:\/\/www.bogensport-beier.de\/magazin\/recurve-armbrust\/","og_locale":"de_DE","og_type":"article","og_title":"Recurve Armbrust - Magazin - Bogensport Beier","og_description":"Wenn du dir eine Recurve Armbrust bei Bogensport Beier kaufen willst, kannst du dich hier \u00fcber die Merkmale und Besonderheiten informieren.","og_url":"https:\/\/www.bogensport-beier.de\/magazin\/recurve-armbrust\/","og_site_name":"Magazin - Bogensport Beier","article_modified_time":"2023-05-16T07:08:23+00:00","twitter_card":"summary_large_image","twitter_misc":{"Gesch\u00e4tzte Lesezeit":"4\u00a0Minuten"},"schema":{"@context":"https:\/\/schema.org","@graph":[{"@type":"WebPage","@id":"https:\/\/www.bogensport-beier.de\/magazin\/recurve-armbrust\/","url":"https:\/\/www.bogensport-beier.de\/magazin\/recurve-armbrust\/","name":"Recurve Armbrust - Magazin - Bogensport Beier","isPartOf":{"@id":"https:\/\/www.bogensport-beier.de\/magazin\/#website"},"datePublished":"2022-03-14T12:14:17+00:00","dateModified":"2023-05-16T07:08:23+00:00","description":"Wenn du dir eine Recurve Armbrust bei Bogensport Beier kaufen willst, kannst du dich hier \u00fcber die Merkmale und Besonderheiten informieren.","breadcrumb":{"@id":"https:\/\/www.bogensport-beier.de\/magazin\/recurve-armbrust\/#breadcrumb"},"inLanguage":"de","potentialAction":[{"@type":"ReadAction","target":["https:\/\/www.bogensport-beier.de\/magazin\/recurve-armbrust\/"]}]},{"@type":"BreadcrumbList","@id":"https:\/\/www.bogensport-beier.de\/magazin\/recurve-armbrust\/#breadcrumb","itemListElement":[{"@type":"ListItem","position":1,"name":"Startseite","item":"https:\/\/www.bogensport-beier.de\/magazin\/"},{"@type":"ListItem","position":2,"name":"Recurve Armbrust"}]},{"@type":"WebSite","@id":"https:\/\/www.bogensport-beier.de\/magazin\/#website","url":"https:\/\/www.bogensport-beier.de\/magazin\/","name":"Magazin - Bogensport Beier","description":"Alles rund um den Bogensport","potentialAction":[{"@type":"SearchAction","target":{"@type":"EntryPoint","urlTemplate":"https:\/\/www.bogensport-beier.de\/magazin\/?s={search_term_string}"},"query-input":{"@type":"PropertyValueSpecification","valueRequired":true,"valueName":"search_term_string"}}],"inLanguage":"de"}]}},"_links":{"self":[{"href":"https:\/\/www.bogensport-beier.de\/magazin\/wp-json\/wp\/v2\/pages\/731","targetHints":{"allow":["GET"]}}],"collection":[{"href":"https:\/\/www.bogensport-beier.de\/magazin\/wp-json\/wp\/v2\/pages"}],"about":[{"href":"https:\/\/www.bogensport-beier.de\/magazin\/wp-json\/wp\/v2\/types\/page"}],"author":[{"embeddable":true,"href":"https:\/\/www.bogensport-beier.de\/magazin\/wp-json\/wp\/v2\/users\/1"}],"replies":[{"embeddable":true,"href":"https:\/\/www.bogensport-beier.de\/magazin\/wp-json\/wp\/v2\/comments?post=731"}],"version-history":[{"count":9,"href":"https:\/\/www.bogensport-beier.de\/magazin\/wp-json\/wp\/v2\/pages\/731\/revisions"}],"predecessor-version":[{"id":880,"href":"https:\/\/www.bogensport-beier.de\/magazin\/wp-json\/wp\/v2\/pages\/731\/revisions\/880"}],"wp:attachment":[{"href":"https:\/\/www.bogensport-beier.de\/magazin\/wp-json\/wp\/v2\/media?parent=731"}],"curies":[{"name":"wp","href":"https:\/\/api.w.org\/{rel}","templated":true}]}}