{"id":728,"date":"2022-03-14T13:08:35","date_gmt":"2022-03-14T12:08:35","guid":{"rendered":"https:\/\/www.bogensport-beier.de\/magazin\/?page_id=728"},"modified":"2024-09-03T15:29:13","modified_gmt":"2024-09-03T13:29:13","slug":"armbrueste","status":"publish","type":"page","link":"https:\/\/www.bogensport-beier.de\/magazin\/armbrueste\/","title":{"rendered":"Armbr\u00fcste"},"content":{"rendered":"<div  class='flex_column av-72360-589fd22508360af30a45f81d64d93aa7 av_one_full  avia-builder-el-0  avia-builder-el-no-sibling  first flex_column_div  '     ><p>\n<style type=\"text\/css\" data-created_by=\"avia_inline_auto\" id=\"style-css-av-l0qnv1vh-7ec5addf62aa91b0ca9a9413acc514a9\">\n#top .av-special-heading.av-l0qnv1vh-7ec5addf62aa91b0ca9a9413acc514a9{\npadding-bottom:10px;\n}\nbody .av-special-heading.av-l0qnv1vh-7ec5addf62aa91b0ca9a9413acc514a9 .av-special-heading-tag .heading-char{\nfont-size:25px;\n}\n.av-special-heading.av-l0qnv1vh-7ec5addf62aa91b0ca9a9413acc514a9 .av-subheading{\nfont-size:15px;\n}\n<\/style>\n<div  class='av-special-heading av-l0qnv1vh-7ec5addf62aa91b0ca9a9413acc514a9 av-special-heading-h1 blockquote modern-quote  avia-builder-el-1  el_before_av_image  avia-builder-el-first '><h1 class='av-special-heading-tag '  itemprop=\"headline\"  >Armbr\u00fcste kaufen beiwww.bogensport-beier.de<\/h1><div class=\"special-heading-border\"><div class=\"special-heading-inner-border\"><\/div><\/div><\/div><br \/>\n\n<style type=\"text\/css\" data-created_by=\"avia_inline_auto\" id=\"style-css-av-l25tz5hu-de97f1c240471f785c1a44c5eacac64d\">\n.avia-image-container.av-l25tz5hu-de97f1c240471f785c1a44c5eacac64d img.avia_image{\nbox-shadow:none;\n}\n.avia-image-container.av-l25tz5hu-de97f1c240471f785c1a44c5eacac64d .av-image-caption-overlay-center{\ncolor:#ffffff;\n}\n<\/style>\n<div  class='avia-image-container av-l25tz5hu-de97f1c240471f785c1a44c5eacac64d av-styling- avia-align-center  avia-builder-el-2  el_after_av_heading  el_before_av_textblock '   itemprop=\"image\" itemscope=\"itemscope\" itemtype=\"https:\/\/schema.org\/ImageObject\" ><div class=\"avia-image-container-inner\"><div class=\"avia-image-overlay-wrap\"><img decoding=\"async\" fetchpriority=\"high\" class='wp-image-829 avia-img-lazy-loading-not-829 avia_image ' src=\"https:\/\/www.bogensport-beier.de\/magazin\/wp-content\/uploads\/2022\/04\/armbrust-ravin-r500-banner-bogensport-beier.jpg\" alt='' title='armbrust-ravin-r500-banner-bogensport-beier'  height=\"500\" width=\"1260\"  itemprop=\"thumbnailUrl\" srcset=\"https:\/\/www.bogensport-beier.de\/magazin\/wp-content\/uploads\/2022\/04\/armbrust-ravin-r500-banner-bogensport-beier.jpg 1260w, https:\/\/www.bogensport-beier.de\/magazin\/wp-content\/uploads\/2022\/04\/armbrust-ravin-r500-banner-bogensport-beier-300x119.jpg 300w, https:\/\/www.bogensport-beier.de\/magazin\/wp-content\/uploads\/2022\/04\/armbrust-ravin-r500-banner-bogensport-beier-1030x409.jpg 1030w, https:\/\/www.bogensport-beier.de\/magazin\/wp-content\/uploads\/2022\/04\/armbrust-ravin-r500-banner-bogensport-beier-768x305.jpg 768w, https:\/\/www.bogensport-beier.de\/magazin\/wp-content\/uploads\/2022\/04\/armbrust-ravin-r500-banner-bogensport-beier-705x280.jpg 705w\" sizes=\"(max-width: 1260px) 100vw, 1260px\" \/><\/div><\/div><\/div><br \/>\n<section  class='av_textblock_section av-l0qnucth-3b5b2a8b9a32db64234f899995d955c8 '   itemscope=\"itemscope\" itemtype=\"https:\/\/schema.org\/CreativeWork\" ><div class='avia_textblock'  itemprop=\"text\" ><p>Bei Bogensport Beier findest Du die iedeale <em><strong>Armbrust<\/strong> <\/em>f\u00fcr dich, egal f\u00fcr welchen Zweck du sie ben\u00f6tigst.<\/p>\n<ul>\n<li>Wettkampf<\/li>\n<li>Freizeit<\/li>\n<li>Jagd<\/li>\n<\/ul>\n<p>Das Schie\u00dfen mit der <em>Armbrust<\/em> bietet viele M\u00f6glichkeiten und ist im Vergleich zum Bogenschie\u00dfen eine andere, vielleicht auch eine besondere Art zu schie\u00dfen. Da dies so vielf\u00e4ltig ist, ist auch die Auswahl vielf\u00e4ltig und es gibt ein breites Angebot an <em>Armbr\u00fcsten<\/em>. Schau dich bei uns unter www.bogensport-beier.de um und du wirst das passende finden. Und wenn Du Hilfe brauchst, sind wie auch f\u00fcr dich da.<\/p>\n<h2>1. Armbrust kaufen und in Raten abzahlen<\/h2>\n<p>Die Anschaffung einer <em>Armbrust<\/em> ist mit einem h\u00f6heren Kostenaufwand verbunden, das ist uns klar. Deshalb bieten wir mit einer Tochtergesellschaft der VR-Banken, der Easy Credit, die M\u00f6glichkeit deine Wunsch<em>armbrust<\/em> bequem zu finanzieren und in Raten abzuzahlen. Es gibt nat\u00fcrlich viel mehr Zahlungsarten, beispielsweise auch den Kauf \u00fcber PayPal zu finzieren. All diese Zahlungsarten und n\u00e4here Informationen werden dir im Warenkorb w\u00e4hrend des Bestellvorgangs angezeigt.<\/p>\n<p><a href=\"https:\/\/www.bogensport-beier.de\/magazin\/armbrust-arten\/\">Welche Armbr\u00fcste gibt es?<\/a><\/p>\n<p><a href=\"https:\/\/www.bogensport-beier.de\/magazin\/compound-armbrust\/\">Die Compound <em>Armbrust<\/em><\/a><\/p>\n<p><a href=\"https:\/\/www.bogensport-beier.de\/magazin\/recurve-armbrust\/\">Die Recurve <em>Armbrust<\/em><\/a><\/p>\n<p><a href=\"https:\/\/www.bogensport-beier.de\/magazin\/jagd-armbrust\/\">Die Jagd <em>Armbrust<\/em><\/a><\/p>\n<p><a href=\"https:\/\/www.bogensport-beier.de\/magazin\/mini-armbrust\/\">Die Mini <em>Armbrust<\/em><\/a><\/p>\n<p>Die Werte einer <em>Armbrust<\/em><\/p>\n<p>Wie auch im Bogensport haben wir es mit den angloamerikanischen Ma\u00dfeinheiten zu tun.<\/p>\n<p>Um dich f\u00fcr die richtige <em>Armbrust<\/em> zu entscheiden, solltest du dich mit dem o.g. Ma\u00dfeinheiten vertraut machen. Wie z. B. fps, lbs, joule, grain, inch. Diese Ma\u00dfeinheiten sind f\u00fcr viele Neuland, obwohl diese schon alt sind. Aber bei uns in der Industrie\/Technik spielen sie keine Rolle, weil wir mit dem metrischen System arbeiten.<\/p>\n<p><strong><u>Wir haben es dir hier mal aufgelistet und erkl\u00e4ren es.<\/u><\/strong><\/p>\n<p><strong>FPS<\/strong><br \/>\nDer Wert <strong>fps<\/strong> gibt die Geschwindkeit des <em>Armbrust<\/em>bolzens wieder und hei\u00dft &#8222;Feet per Secound&#8220;. Der k\u00f6nnte man nat\u00fcrlich auch in Meter pro Sekunden (m\/s), oder auch in km\/h umrechnen.<\/p>\n<p><strong>LBS<\/strong><br \/>\nlbs ist die Einheit f\u00fcr das englische Pfund. Damit wird das Zuggewicht der <em>Armbrust<\/em> angegeben. 1 lbs hat 0,453592 kg.<br \/>\nzum Beispiel: eine 150 lbs <em>Armbrust<\/em> hat ein Zuggewicht von 68,04 kg<br \/>\nDas ist das Gewicht, bzw. die Kraft die notwendig ist, um die <em>Armbrust<\/em> zu spannen.<\/p>\n<p><strong>Joule<\/strong><br \/>\nJoule ist die Einheit f\u00fcr Energie. Also welche Energie bringt der Bolzen mit. Um das zu berechnen wird neben der Geschwindigkeit auch das Bolzengewicht gen\u00f6tigt.<\/p>\n<p><strong>Grain<\/strong><br \/>\nDas ist der Wert f\u00fcr Gewichtsangaben, also wie schwer ist meine Spitze, mein Bolzen etc.<br \/>\n1 Grain hat 0,0647989 Gramm<\/p>\n<p><a href=\"https:\/\/www.bogensportwelt.de\/#armbrust-checkliste\"><strong>Checkliste f\u00fcr den Einstieg in das Schie\u00dfen mit der <em>Armbrust<\/em><\/strong><\/a><\/p>\n<p>Hier geben wie dir wertvolle Tipps, wie du den Einstieg in das Schie\u00dfen mit der <em>Armbrust<\/em> schaffst.<\/p>\n<ol start=\"2\">\n<li>Was sollte eine <em>Armbrust<\/em> kosten?<br \/>\nIn erster Linie muss die Armbrust dem Zweck entsprechen, den Du damit verfolgst. Des Weiteren muss dir pers\u00f6nlich die <em>Armbrust<\/em> gefallen. Dinge an denen wir keinen Gefallen haben, machen meist auch weniger Spa\u00df. Deshalb kann man das nicht pauschal beantworten. Am Anfang, vor allem wenn man technisch nicht so versiert ist, sollte man auf eine Recurvearmbrust zur\u00fcckgreifen, da diese recht robust ist und unempfindlich ist.<\/li>\n<li>Welches Zuggewicht sollte meine <em>Armbrust<\/em> haben?<br \/>\nH\u00f6her, weiter, schneller ist nicht immer richtig. oft wollen die <em>Armbrust<\/em>sch\u00fctzen eine hohe Geschwindigkeit, die der Bolzen erreichen soll.<br \/>\nHohes Zuggewicht ist schon ein Indikator f\u00fcr hohe Pfeilgeschwidigkeiten, aber da spielt auch das Bolzengewicht eine Rolle, oder der s. g. Powerstroke, das ist die Strecke auf der der Bolzen beschleunigt wird.Ein weiterer Faktor ist die <em>Armbrust<\/em>ausf\u00fchrung, also Recurve<em>armbrust<\/em> oder Compound<em>armbrust<\/em>. In der Regel kommt die Compount<em>armbrust<\/em> mit etwas weniger Zuggewicht aus als die Recurve<em>armbrust<\/em>.<\/li>\n<li>Wie schie\u00dfe ich eine <em>Armbrust<\/em> ein<br \/>\n<strong>a)<\/strong> Als aller erstes brauchst du ein geeignetes Ziel. Dann visierst Du das Ziel mittels der Zieleinrichtung, die auf der <em>Armbrust<\/em> montiert ist, an. Z. B. richtest du das Absehen (Fadenkreuz) auf die Mitte des Ziels aus.<br \/>\n<strong>b)<\/strong> Sobald der Zielvorgang abgeschlossen ist, feuern wir den vorher eingelegten Bolzen durch bet\u00e4tigen des Abzugs ab. Der Bolzen wird vermutlich nicht dort einschlagen, wo wir hinzielten. Das liegt daran, dass das Zielfernrohr noch nicht eingestellt ist.<br \/>\n<strong>c)<\/strong> Um das Zielfernrohr einzustellen, visieren wir wieder die Mitte des Ziels an. Jetzt stellen wir mittels der 2 Justierschrauben das Absehen (Fadenkreuz) auf die Stelle auf der der Bolzen eingeschlagen ist.<br \/>\n<strong>d)<\/strong> Nachdem das getan ist, geben wir erneut einen Schuss auf die Mitte des Ziels ab. Sollte der Bolzen jetzt genau dort einschlagen, wo du anvisiert hast, ist die <em>Armbrust<\/em> eingeschossen. Wenn nicht muss du die vorherigen Schritte wiederholen.<\/li>\n<\/ol>\n<p><a href=\"https:\/\/www.bogensport-beier.de\/armbrueste\/einsteiger-armbrust\/\" target=\"_blank\" rel=\"noopener\">Startersets f\u00fcr Einsteiger mit umfangreichem Zubeh\u00f6r<\/a><\/p>\n<\/div><\/section><\/p><\/div>\n","protected":false},"excerpt":{"rendered":"","protected":false},"author":1,"featured_media":0,"parent":0,"menu_order":0,"comment_status":"closed","ping_status":"closed","template":"","meta":{"footnotes":""},"class_list":["post-728","page","type-page","status-publish","hentry"],"yoast_head":"<!-- This site is optimized with the Yoast SEO plugin v27.1.1 - https:\/\/yoast.com\/product\/yoast-seo-wordpress\/ -->\n<title>Armbrust kaufen bei Bogensport Beier - Kaufberatung und Empfehlungen<\/title>\n<meta name=\"description\" content=\"In unserem Armbrust Ratgeber bieten wir dir zahlreiche Empfehlungen und Tipps, die du f\u00fcr den Kauf einer Armbrust ben\u00f6tigst.\" \/>\n<meta name=\"robots\" content=\"index, follow, max-snippet:-1, max-image-preview:large, max-video-preview:-1\" \/>\n<link rel=\"canonical\" href=\"https:\/\/www.bogensport-beier.de\/magazin\/armbrueste\/\" \/>\n<meta property=\"og:locale\" content=\"de_DE\" \/>\n<meta property=\"og:type\" content=\"article\" \/>\n<meta property=\"og:title\" content=\"Armbrust kaufen bei Bogensport Beier - Kaufberatung und Empfehlungen\" \/>\n<meta property=\"og:description\" content=\"In unserem Armbrust Ratgeber bieten wir dir zahlreiche Empfehlungen und Tipps, die du f\u00fcr den Kauf einer Armbrust ben\u00f6tigst.\" \/>\n<meta property=\"og:url\" content=\"https:\/\/www.bogensport-beier.de\/magazin\/armbrueste\/\" \/>\n<meta property=\"og:site_name\" content=\"Magazin - Bogensport Beier\" \/>\n<meta property=\"article:modified_time\" content=\"2024-09-03T13:29:13+00:00\" \/>\n<meta name=\"twitter:card\" content=\"summary_large_image\" \/>\n<meta name=\"twitter:label1\" content=\"Gesch\u00e4tzte Lesezeit\" \/>\n\t<meta name=\"twitter:data1\" content=\"5\u00a0Minuten\" \/>\n<script type=\"application\/ld+json\" class=\"yoast-schema-graph\">{\"@context\":\"https:\/\/schema.org\",\"@graph\":[{\"@type\":\"WebPage\",\"@id\":\"https:\/\/www.bogensport-beier.de\/magazin\/armbrueste\/\",\"url\":\"https:\/\/www.bogensport-beier.de\/magazin\/armbrueste\/\",\"name\":\"Armbrust kaufen bei Bogensport Beier - Kaufberatung und Empfehlungen\",\"isPartOf\":{\"@id\":\"https:\/\/www.bogensport-beier.de\/magazin\/#website\"},\"datePublished\":\"2022-03-14T12:08:35+00:00\",\"dateModified\":\"2024-09-03T13:29:13+00:00\",\"description\":\"In unserem Armbrust Ratgeber bieten wir dir zahlreiche Empfehlungen und Tipps, die du f\u00fcr den Kauf einer Armbrust ben\u00f6tigst.\",\"breadcrumb\":{\"@id\":\"https:\/\/www.bogensport-beier.de\/magazin\/armbrueste\/#breadcrumb\"},\"inLanguage\":\"de\",\"potentialAction\":[{\"@type\":\"ReadAction\",\"target\":[\"https:\/\/www.bogensport-beier.de\/magazin\/armbrueste\/\"]}]},{\"@type\":\"BreadcrumbList\",\"@id\":\"https:\/\/www.bogensport-beier.de\/magazin\/armbrueste\/#breadcrumb\",\"itemListElement\":[{\"@type\":\"ListItem\",\"position\":1,\"name\":\"Startseite\",\"item\":\"https:\/\/www.bogensport-beier.de\/magazin\/\"},{\"@type\":\"ListItem\",\"position\":2,\"name\":\"Armbr\u00fcste\"}]},{\"@type\":\"WebSite\",\"@id\":\"https:\/\/www.bogensport-beier.de\/magazin\/#website\",\"url\":\"https:\/\/www.bogensport-beier.de\/magazin\/\",\"name\":\"Magazin - Bogensport Beier\",\"description\":\"Alles rund um den Bogensport\",\"potentialAction\":[{\"@type\":\"SearchAction\",\"target\":{\"@type\":\"EntryPoint\",\"urlTemplate\":\"https:\/\/www.bogensport-beier.de\/magazin\/?s={search_term_string}\"},\"query-input\":{\"@type\":\"PropertyValueSpecification\",\"valueRequired\":true,\"valueName\":\"search_term_string\"}}],\"inLanguage\":\"de\"}]}<\/script>\n<!-- \/ Yoast SEO plugin. -->","yoast_head_json":{"title":"Armbrust kaufen bei Bogensport Beier - Kaufberatung und Empfehlungen","description":"In unserem Armbrust Ratgeber bieten wir dir zahlreiche Empfehlungen und Tipps, die du f\u00fcr den Kauf einer Armbrust ben\u00f6tigst.","robots":{"index":"index","follow":"follow","max-snippet":"max-snippet:-1","max-image-preview":"max-image-preview:large","max-video-preview":"max-video-preview:-1"},"canonical":"https:\/\/www.bogensport-beier.de\/magazin\/armbrueste\/","og_locale":"de_DE","og_type":"article","og_title":"Armbrust kaufen bei Bogensport Beier - Kaufberatung und Empfehlungen","og_description":"In unserem Armbrust Ratgeber bieten wir dir zahlreiche Empfehlungen und Tipps, die du f\u00fcr den Kauf einer Armbrust ben\u00f6tigst.","og_url":"https:\/\/www.bogensport-beier.de\/magazin\/armbrueste\/","og_site_name":"Magazin - Bogensport Beier","article_modified_time":"2024-09-03T13:29:13+00:00","twitter_card":"summary_large_image","twitter_misc":{"Gesch\u00e4tzte Lesezeit":"5\u00a0Minuten"},"schema":{"@context":"https:\/\/schema.org","@graph":[{"@type":"WebPage","@id":"https:\/\/www.bogensport-beier.de\/magazin\/armbrueste\/","url":"https:\/\/www.bogensport-beier.de\/magazin\/armbrueste\/","name":"Armbrust kaufen bei Bogensport Beier - Kaufberatung und Empfehlungen","isPartOf":{"@id":"https:\/\/www.bogensport-beier.de\/magazin\/#website"},"datePublished":"2022-03-14T12:08:35+00:00","dateModified":"2024-09-03T13:29:13+00:00","description":"In unserem Armbrust Ratgeber bieten wir dir zahlreiche Empfehlungen und Tipps, die du f\u00fcr den Kauf einer Armbrust ben\u00f6tigst.","breadcrumb":{"@id":"https:\/\/www.bogensport-beier.de\/magazin\/armbrueste\/#breadcrumb"},"inLanguage":"de","potentialAction":[{"@type":"ReadAction","target":["https:\/\/www.bogensport-beier.de\/magazin\/armbrueste\/"]}]},{"@type":"BreadcrumbList","@id":"https:\/\/www.bogensport-beier.de\/magazin\/armbrueste\/#breadcrumb","itemListElement":[{"@type":"ListItem","position":1,"name":"Startseite","item":"https:\/\/www.bogensport-beier.de\/magazin\/"},{"@type":"ListItem","position":2,"name":"Armbr\u00fcste"}]},{"@type":"WebSite","@id":"https:\/\/www.bogensport-beier.de\/magazin\/#website","url":"https:\/\/www.bogensport-beier.de\/magazin\/","name":"Magazin - Bogensport Beier","description":"Alles rund um den Bogensport","potentialAction":[{"@type":"SearchAction","target":{"@type":"EntryPoint","urlTemplate":"https:\/\/www.bogensport-beier.de\/magazin\/?s={search_term_string}"},"query-input":{"@type":"PropertyValueSpecification","valueRequired":true,"valueName":"search_term_string"}}],"inLanguage":"de"}]}},"_links":{"self":[{"href":"https:\/\/www.bogensport-beier.de\/magazin\/wp-json\/wp\/v2\/pages\/728","targetHints":{"allow":["GET"]}}],"collection":[{"href":"https:\/\/www.bogensport-beier.de\/magazin\/wp-json\/wp\/v2\/pages"}],"about":[{"href":"https:\/\/www.bogensport-beier.de\/magazin\/wp-json\/wp\/v2\/types\/page"}],"author":[{"embeddable":true,"href":"https:\/\/www.bogensport-beier.de\/magazin\/wp-json\/wp\/v2\/users\/1"}],"replies":[{"embeddable":true,"href":"https:\/\/www.bogensport-beier.de\/magazin\/wp-json\/wp\/v2\/comments?post=728"}],"version-history":[{"count":15,"href":"https:\/\/www.bogensport-beier.de\/magazin\/wp-json\/wp\/v2\/pages\/728\/revisions"}],"predecessor-version":[{"id":1543,"href":"https:\/\/www.bogensport-beier.de\/magazin\/wp-json\/wp\/v2\/pages\/728\/revisions\/1543"}],"wp:attachment":[{"href":"https:\/\/www.bogensport-beier.de\/magazin\/wp-json\/wp\/v2\/media?parent=728"}],"curies":[{"name":"wp","href":"https:\/\/api.w.org\/{rel}","templated":true}]}}