{"id":703,"date":"2022-03-14T10:12:20","date_gmt":"2022-03-14T09:12:20","guid":{"rendered":"https:\/\/www.bogensport-beier.de\/magazin\/?page_id=703"},"modified":"2024-09-03T15:32:39","modified_gmt":"2024-09-03T13:32:39","slug":"armbrust-arten","status":"publish","type":"page","link":"https:\/\/www.bogensport-beier.de\/magazin\/armbrust-arten\/","title":{"rendered":"Armbrust Arten"},"content":{"rendered":"<div  class='flex_column av-d1rt3-dd90a8591d1a687c88f25b4c18b4716f av_one_full  avia-builder-el-0  el_before_av_hr  avia-builder-el-first  first flex_column_div  '     ><p>\n<style type=\"text\/css\" data-created_by=\"avia_inline_auto\" id=\"style-css-av-l0qhh513-ed5417c06c27ca9010c023c0a009650c\">\n#top .av-special-heading.av-l0qhh513-ed5417c06c27ca9010c023c0a009650c{\npadding-bottom:10px;\n}\nbody .av-special-heading.av-l0qhh513-ed5417c06c27ca9010c023c0a009650c .av-special-heading-tag .heading-char{\nfont-size:25px;\n}\n.av-special-heading.av-l0qhh513-ed5417c06c27ca9010c023c0a009650c .av-subheading{\nfont-size:15px;\n}\n<\/style>\n<div  class='av-special-heading av-l0qhh513-ed5417c06c27ca9010c023c0a009650c av-special-heading-h1 blockquote modern-quote modern-centered  avia-builder-el-1  el_before_av_textblock  avia-builder-el-first '><h1 class='av-special-heading-tag '  itemprop=\"headline\"  >Der Armbrust Store<\/h1><div class='av-subheading av-subheading_below'><p>by Beier Germany<\/p>\n<\/div><div class=\"special-heading-border\"><div class=\"special-heading-inner-border\"><\/div><\/div><\/div><br \/>\n<section  class='av_textblock_section av-l0qhhqda-fab1ba3fd9943dde70055a541d3c594b '   itemscope=\"itemscope\" itemtype=\"https:\/\/schema.org\/CreativeWork\" ><div class='avia_textblock'  itemprop=\"text\" ><p>Bei Bogensport Beier bekommst du nur moderne <em>Armbr\u00fcste<\/em> und deren Zubeh\u00f6r, welches wir auch getestet und f\u00fcr gut befunden zu haben. Egal von welchem Hersteller und auch egal um welche Art von <strong>Armbrust<\/strong> es sich handelt:<\/p>\n<ul>\n<li><a href=\"https:\/\/www.bogensport-beier.de\/magazin\/mini-armbrust\/\">Pistolen <em>Armbrust<\/em><\/a><\/li>\n<li><a href=\"https:\/\/www.bogensport-beier.de\/magazin\/compound-armbrust\/\">Compound <em>Armbrust<\/em><\/a><\/li>\n<li><a href=\"https:\/\/www.bogensport-beier.de\/magazin\/recurve-armbrust\/\">Recurve <em>Armbrust<\/em><\/a><\/li>\n<li><a href=\"https:\/\/www.bogensport-beier.de\/magazin\/armbrust-mit-magazin\/\">Taktische <em>Armbrust<\/em><\/a><\/li>\n<li><a href=\"https:\/\/www.bogensport-beier.de\/magazin\/jagd-armbrust\/\">Jagd <em>Armbrust<\/em><\/a><\/li>\n<\/ul>\n<p>Dein Interesse an einer <em>Armbrust<\/em> hat dich auf unsere Seite gef\u00fchrt. Bei uns bekommst du, was du brauchst, egal f\u00fcr welchen Zweck: zum Spa\u00df, Sport, Jagd oder interessiert dich eine Taktische <em>Armbrust<\/em> ggf. zur Selbstverteidigung in Krisen. Wir vertreiben leistungsf\u00e4hige und hochwertige freie Waffen. Um so etwas zu erwerben, musst du lediglich vollj\u00e4hrig sein. Zu dem Erwerb, von beispielsweise einer <em>Armbrust<\/em>, ist keine waffenrechtliche Erlaubnis erforderlich.<\/p>\n<h3><strong><em>Armbrust<\/em> kaufen<\/strong><\/h3>\n<p>Das Interesse am <em>Armbrust<\/em>schie\u00dfen nimmt immer mehr zu. Immer mehr Menschen kaufen sich eine <em>Armbrust<\/em>. Die <em>Armbrust<\/em> wird heutzutage meist als Sportger\u00e4t genutzt.<br \/>\nIm <em>Armbrust<\/em>schie\u00dfen z\u00e4hlt immer mehr die Pr\u00e4zision, genau wie im Bogenspot oder beim Luftgewehrschie\u00dfen.<br \/>\nIn Deutschland gibt es verschiedene Wettkampfdisziplinen f\u00fcr den <em>Armbrust<\/em>sport und es nimmt an Popularit\u00e4t st\u00e4ndig zu.<\/p>\n<h3><strong>Der <em>Armbrust<\/em> Shop<\/strong><\/h3>\n<p>Wenn du dir eine <em>Armbrust<\/em> kaufen willst, musst du wissen, dass die <em>Armbrust<\/em> in Deutschland eine Waffe ist, die eigentlich nur f\u00fcr den <em>Armbrust<\/em> Sport gedacht ist. <em>Armbrust<\/em>schie\u00dfen sollte nur in einem Sch\u00fctzenverein praktiziert werden. Immer mehr Vereine bieten das <em>Armbrust<\/em> Schie\u00dfen an.<\/p>\n<p>Der Sport mit der <em>Armbrust<\/em> kommt auch Frauen entgegen, da die <em>Armbrust<\/em> weniger Kraft als beispielsweise ein Bogen erfordert. Die Technik um mit der <em>Armbrust<\/em> zu schie\u00dfen ist schnell erlernt und ben\u00f6tigt nicht viel \u00dcbung. Es dauert nicht lange, um mit der <em>Armbrust<\/em> Treffer zu erzielen. So k\u00f6nnen auch Frauen mit <em>Armbr\u00fcsten<\/em> schie\u00dfen, die im Vergleich mit einem Bogen, der vielmehr K\u00f6rperkraft erfordert, viel Power haben.<\/p>\n<p>Die heutigen modernen <em>Armbr\u00fcste<\/em> haben, abgesehen vom Funktionsprinzip, mit den nostalgischen <em>Armbr\u00fcsten<\/em> aus fr\u00fcheren Zeiten nicht mehr viel zu tun.<\/p>\n<p>Auf jeden Fall bist du hier bei www.bogensport-beier.de genau richtig. Hier wirst du finden was du ben\u00f6tigst.<\/p>\n<p>Wenn du Hilfe brauchst nutze unseren Chat. Feundliche Kundenberater werden dich schnell zum Ziel f\u00fchren.<\/p>\n<\/div><\/section><\/p><\/div>\n\n<style type=\"text\/css\" data-created_by=\"avia_inline_auto\" id=\"style-css-av-l0qhwf83-d6837f97d50727fc55d532cd530ac5b5\">\n#top .hr.hr-invisible.av-l0qhwf83-d6837f97d50727fc55d532cd530ac5b5{\nheight:50px;\n}\n<\/style>\n<div  class='hr av-l0qhwf83-d6837f97d50727fc55d532cd530ac5b5 hr-invisible  avia-builder-el-3  el_after_av_one_full  el_before_av_one_full '><span class='hr-inner '><span class=\"hr-inner-style\"><\/span><\/span><\/div>\n<div  class='flex_column av-arq3r-52942d7370f598737905c75dde9f3e18 av_one_full  avia-builder-el-4  el_after_av_hr  el_before_av_one_full  first flex_column_div  '     ><style type=\"text\/css\" data-created_by=\"avia_inline_auto\" id=\"style-css-av-l0qhlq9q-f1452bbfef023629edc966b789e12100\">\n.iconbox.av-l0qhlq9q-f1452bbfef023629edc966b789e12100 .iconbox_icon{\nbackground-color:#b02b2c;\n}\n<\/style>\n<article  class='iconbox iconbox_top av-l0qhlq9q-f1452bbfef023629edc966b789e12100  avia-builder-el-5  avia-builder-el-no-sibling  main_color'  itemscope=\"itemscope\" itemtype=\"https:\/\/schema.org\/CreativeWork\" ><div class=\"iconbox_content\"><header class=\"entry-content-header\" aria-label=\"Icon: Frei ab 18 Jahren\"><div class=\"iconbox_icon heading-color\" aria-hidden='true' data-av_icon='\ue83e' data-av_iconfont='entypo-fontello'><\/div><h3 class='iconbox_content_title '  itemprop=\"headline\" >Frei ab 18 Jahren<\/h3><\/header><div class='iconbox_content_container '  itemprop=\"text\" ><p>Damit wir die gesetzlichen Bestimmungen einhalten k\u00f6nnen ben\u00f6tigen wir einmalig, nur bei der Erstbestellung, eine Kopie Ihres Personalausweises (von der Vorder- und R\u00fcckseite). Dabei wird nur Ihr Geburtsdatum von uns gespeichert. Somit k\u00f6nnen wir Ihr Alter \u00fcberpr\u00fcfen.<\/p>\n<\/div><\/div><footer class=\"entry-footer\"><\/footer><\/article><\/div>\n<div  class='flex_column av-b8no7-f57ff3d9a8ad2ef051cc6afcfadab222 av_one_full  avia-builder-el-6  el_after_av_one_full  el_before_av_one_full  first flex_column_div  column-top-margin'     ><section  class='av_textblock_section av-l0qla3z8-3340df790bc53189cb1f978992c12ec0 '   itemscope=\"itemscope\" itemtype=\"https:\/\/schema.org\/CreativeWork\" ><div class='avia_textblock'  itemprop=\"text\" ><h2><strong><em>Armbrust<\/em>schie\u00dfen als Sport in deutschen Landen<\/strong><\/h2>\n<p>Welche M\u00f6glichkeiten in Deutschland es gibt, das Schie\u00dfen mit der <em>Armbrust<\/em> auszu\u00fcben, wird am besten beim Sch\u00fctzenverein in deiner N\u00e4he erfragt. Diese Vereine sind dem Deutschen Sch\u00fctzenbund angegliedert.<\/p>\n<p>Nun w\u00fcnschen wir dir viel Spa\u00df beim St\u00f6bern in unseren Webshop, egal ob du dich erstmal informieren m\u00f6chtest oder ob du etwas kaufen willst.<\/p>\n<p>Und wenn du Hilfe brauchst wende dich an uns. Nutze die Chatfunktion und wir greifen dir unter die Arme, so dass du das richtige bekommst.<\/p>\n<\/div><\/section><\/div>\n<div  class='flex_column av-hj0lb-cb428cb917d87bd9e1c13a69cd7090bb av_one_full  avia-builder-el-8  el_after_av_one_full  el_before_av_one_full  first flex_column_div  column-top-margin'     ><p><div  class='avia-button-wrap av-l0qn0v4j-58c8647bda0bd2402ff25f60edc1c54d-wrap avia-button-center  avia-builder-el-9  el_before_av_image  avia-builder-el-first '><a href='https:\/\/www.bogensport-beier.de\/armbrueste\/' class='avia-button av-l0qn0v4j-58c8647bda0bd2402ff25f60edc1c54d av-link-btn avia-icon_select-yes-right-icon avia-size-small avia-position-center avia-color-theme-color' target=\"_blank\" rel=\"noopener noreferrer\" aria-label=\"Zu unseren Armbrust Bestsellern im Shop\"><span class='avia_iconbox_title' >Zu unseren Armbrust Bestsellern im Shop<\/span><span class='avia_button_icon avia_button_icon_right' aria-hidden='true' data-av_icon='\ue881' data-av_iconfont='entypo-fontello'><\/span><\/a><\/div><br \/>\n\n<style type=\"text\/css\" data-created_by=\"avia_inline_auto\" id=\"style-css-av-8agdb-a9e93c141b946992d07b7c3b280c3d2f\">\n.avia-image-container.av-8agdb-a9e93c141b946992d07b7c3b280c3d2f img.avia_image{\nbox-shadow:none;\n}\n.avia-image-container.av-8agdb-a9e93c141b946992d07b7c3b280c3d2f .av-image-caption-overlay-center{\ncolor:#ffffff;\n}\n<\/style>\n<div  class='avia-image-container av-8agdb-a9e93c141b946992d07b7c3b280c3d2f av-styling- av-img-linked avia-align-center  avia-builder-el-10  el_after_av_button  avia-builder-el-last '   itemprop=\"image\" itemscope=\"itemscope\" itemtype=\"https:\/\/schema.org\/ImageObject\" ><div class=\"avia-image-container-inner\"><div class=\"avia-image-overlay-wrap\"><a href=\"https:\/\/www.bogensport-beier.de\/armbrueste\/\" class='avia_image ' target=\"_blank\" rel=\"noopener noreferrer\" aria-label='armbrust-topseller-bogensport-beier-1'><img decoding=\"async\" fetchpriority=\"high\" class='wp-image-834 avia-img-lazy-loading-not-834 avia_image ' src=\"https:\/\/www.bogensport-beier.de\/magazin\/wp-content\/uploads\/2022\/04\/armbrust-topseller-bogensport-beier-1-300x191.jpg\" alt='' title='armbrust-topseller-bogensport-beier-1'  height=\"191\" width=\"300\"  itemprop=\"thumbnailUrl\" srcset=\"https:\/\/www.bogensport-beier.de\/magazin\/wp-content\/uploads\/2022\/04\/armbrust-topseller-bogensport-beier-1-300x191.jpg 300w, https:\/\/www.bogensport-beier.de\/magazin\/wp-content\/uploads\/2022\/04\/armbrust-topseller-bogensport-beier-1-768x489.jpg 768w, https:\/\/www.bogensport-beier.de\/magazin\/wp-content\/uploads\/2022\/04\/armbrust-topseller-bogensport-beier-1-705x449.jpg 705w, https:\/\/www.bogensport-beier.de\/magazin\/wp-content\/uploads\/2022\/04\/armbrust-topseller-bogensport-beier-1.jpg 928w\" sizes=\"(max-width: 300px) 100vw, 300px\" \/><\/a><\/div><\/div><\/div><\/p><\/div>\n<div  class='flex_column av-9tgb3-81ba7dcc9df1202af879ea50de729159 av_one_full  avia-builder-el-11  el_after_av_one_full  el_before_av_one_full  first flex_column_div  column-top-margin'     ><section  class='av_textblock_section av-l0qn288u-f90cc40ddec8e5277b03ec26131471b1 '   itemscope=\"itemscope\" itemtype=\"https:\/\/schema.org\/CreativeWork\" ><div class='avia_textblock'  itemprop=\"text\" ><h2><strong>Welche <em>Armbr\u00fcste<\/em> gibt es?<\/strong><\/h2>\n<p>Du wirst schnell merken, wenn du dich f\u00fcr eine <em>Armbrust<\/em> interessierst, dass es eine umfangreiche Auswahl gibt. Da kommt man schnell an seine Grenzen: Welches ist die richtige Entscheidung? Welche nehme ich und welche nicht? Es soll ja die sein, die zu mir passt. Um dir nicht die falsche <em>Armbrust<\/em> zu verkaufen, und dich evtl. zu entt\u00e4uschen, m\u00f6chten wir dich so gut es geht bei der Auswahl der <em>Armbrust<\/em> unterst\u00fctzen.<\/p>\n<p>Jeder Einsteiger hatte sicherlich bisher nichts mit einer <em>Armbrust<\/em> zu tun. Woher auch? Man hatte ja bisher keine Ber\u00fchrungspunkte damit. Ein Vergleich von <em>Armbr\u00fcsten<\/em> f\u00e4llt nat\u00fcrlich dann entsprechend schwer, weil einfach das Wissen fehlt.<\/p>\n<h2><strong><em>Armbrust<\/em> Kaufberatung<\/strong><\/h2>\n<p>Hier, in unserem Ratgeber findest Du umfangreiche M\u00f6glichkeiten dich detailliert zu informieren. Ziel sollte sein, dass du die f\u00fcr dich perfekte <em>Armbrust<\/em> bekommst.<\/p>\n<p>Also wenn Du Fragen hast und oder nicht weiterkommst, dann melde dich bei uns im Chat oder auch telefonisch unter +49 (0) 9565 61056 03<br \/>\nWir stehen dir gern und unverbindlich zur Seite.<\/p>\n<\/div><\/section><\/div>\n<div  class='flex_column av-ap2fb-3653f1115ea158738998fd87ebb8b419 av_one_full  avia-builder-el-13  el_after_av_one_full  avia-builder-el-last  first flex_column_div  column-top-margin'     ><div  class='avia-button-wrap av-l0qn30av-c314d1573473d51582b7287562f8d8c5-wrap avia-button-center  avia-builder-el-14  avia-builder-el-no-sibling '><a href='https:\/\/www.bogensport-beier.de\/armbrueste\/' class='avia-button av-l0qn30av-c314d1573473d51582b7287562f8d8c5 av-link-btn avia-icon_select-yes-right-icon avia-size-small avia-position-center avia-color-theme-color' target=\"_blank\" rel=\"noopener noreferrer\" aria-label=\"Zu den Armbr\u00fcsten im Shop\"><span class='avia_iconbox_title' >Zu den Armbr\u00fcsten im Shop<\/span><span class='avia_button_icon avia_button_icon_right' aria-hidden='true' data-av_icon='\ue881' data-av_iconfont='entypo-fontello'><\/span><\/a><\/div><\/div>\n","protected":false},"excerpt":{"rendered":"","protected":false},"author":1,"featured_media":0,"parent":0,"menu_order":1,"comment_status":"closed","ping_status":"closed","template":"","meta":{"footnotes":""},"class_list":["post-703","page","type-page","status-publish","hentry"],"yoast_head":"<!-- This site is optimized with the Yoast SEO plugin v27.1.1 - https:\/\/yoast.com\/product\/yoast-seo-wordpress\/ -->\n<title>Armbrust Arten - Magazin - Bogensport Beier<\/title>\n<meta name=\"description\" content=\"Wir erkl\u00e4ren dir welche Armbrust Arten es gibt und was du beim Umgang mit Armbr\u00fcsten und den gesetzlichen Bestimmen beachten musst.\" \/>\n<meta name=\"robots\" content=\"index, follow, max-snippet:-1, max-image-preview:large, max-video-preview:-1\" \/>\n<link rel=\"canonical\" href=\"https:\/\/www.bogensport-beier.de\/magazin\/armbrust-arten\/\" \/>\n<meta property=\"og:locale\" content=\"de_DE\" \/>\n<meta property=\"og:type\" content=\"article\" \/>\n<meta property=\"og:title\" content=\"Armbrust Arten - Magazin - Bogensport Beier\" \/>\n<meta property=\"og:description\" content=\"Wir erkl\u00e4ren dir welche Armbrust Arten es gibt und was du beim Umgang mit Armbr\u00fcsten und den gesetzlichen Bestimmen beachten musst.\" \/>\n<meta property=\"og:url\" content=\"https:\/\/www.bogensport-beier.de\/magazin\/armbrust-arten\/\" \/>\n<meta property=\"og:site_name\" content=\"Magazin - Bogensport Beier\" \/>\n<meta property=\"article:modified_time\" content=\"2024-09-03T13:32:39+00:00\" \/>\n<meta name=\"twitter:card\" content=\"summary_large_image\" \/>\n<meta name=\"twitter:label1\" content=\"Gesch\u00e4tzte Lesezeit\" \/>\n\t<meta name=\"twitter:data1\" content=\"8\u00a0Minuten\" \/>\n<script type=\"application\/ld+json\" class=\"yoast-schema-graph\">{\"@context\":\"https:\/\/schema.org\",\"@graph\":[{\"@type\":\"WebPage\",\"@id\":\"https:\/\/www.bogensport-beier.de\/magazin\/armbrust-arten\/\",\"url\":\"https:\/\/www.bogensport-beier.de\/magazin\/armbrust-arten\/\",\"name\":\"Armbrust Arten - Magazin - Bogensport Beier\",\"isPartOf\":{\"@id\":\"https:\/\/www.bogensport-beier.de\/magazin\/#website\"},\"datePublished\":\"2022-03-14T09:12:20+00:00\",\"dateModified\":\"2024-09-03T13:32:39+00:00\",\"description\":\"Wir erkl\u00e4ren dir welche Armbrust Arten es gibt und was du beim Umgang mit Armbr\u00fcsten und den gesetzlichen Bestimmen beachten musst.\",\"breadcrumb\":{\"@id\":\"https:\/\/www.bogensport-beier.de\/magazin\/armbrust-arten\/#breadcrumb\"},\"inLanguage\":\"de\",\"potentialAction\":[{\"@type\":\"ReadAction\",\"target\":[\"https:\/\/www.bogensport-beier.de\/magazin\/armbrust-arten\/\"]}]},{\"@type\":\"BreadcrumbList\",\"@id\":\"https:\/\/www.bogensport-beier.de\/magazin\/armbrust-arten\/#breadcrumb\",\"itemListElement\":[{\"@type\":\"ListItem\",\"position\":1,\"name\":\"Startseite\",\"item\":\"https:\/\/www.bogensport-beier.de\/magazin\/\"},{\"@type\":\"ListItem\",\"position\":2,\"name\":\"Armbrust Arten\"}]},{\"@type\":\"WebSite\",\"@id\":\"https:\/\/www.bogensport-beier.de\/magazin\/#website\",\"url\":\"https:\/\/www.bogensport-beier.de\/magazin\/\",\"name\":\"Magazin - Bogensport Beier\",\"description\":\"Alles rund um den Bogensport\",\"potentialAction\":[{\"@type\":\"SearchAction\",\"target\":{\"@type\":\"EntryPoint\",\"urlTemplate\":\"https:\/\/www.bogensport-beier.de\/magazin\/?s={search_term_string}\"},\"query-input\":{\"@type\":\"PropertyValueSpecification\",\"valueRequired\":true,\"valueName\":\"search_term_string\"}}],\"inLanguage\":\"de\"}]}<\/script>\n<!-- \/ Yoast SEO plugin. -->","yoast_head_json":{"title":"Armbrust Arten - Magazin - Bogensport Beier","description":"Wir erkl\u00e4ren dir welche Armbrust Arten es gibt und was du beim Umgang mit Armbr\u00fcsten und den gesetzlichen Bestimmen beachten musst.","robots":{"index":"index","follow":"follow","max-snippet":"max-snippet:-1","max-image-preview":"max-image-preview:large","max-video-preview":"max-video-preview:-1"},"canonical":"https:\/\/www.bogensport-beier.de\/magazin\/armbrust-arten\/","og_locale":"de_DE","og_type":"article","og_title":"Armbrust Arten - Magazin - Bogensport Beier","og_description":"Wir erkl\u00e4ren dir welche Armbrust Arten es gibt und was du beim Umgang mit Armbr\u00fcsten und den gesetzlichen Bestimmen beachten musst.","og_url":"https:\/\/www.bogensport-beier.de\/magazin\/armbrust-arten\/","og_site_name":"Magazin - Bogensport Beier","article_modified_time":"2024-09-03T13:32:39+00:00","twitter_card":"summary_large_image","twitter_misc":{"Gesch\u00e4tzte Lesezeit":"8\u00a0Minuten"},"schema":{"@context":"https:\/\/schema.org","@graph":[{"@type":"WebPage","@id":"https:\/\/www.bogensport-beier.de\/magazin\/armbrust-arten\/","url":"https:\/\/www.bogensport-beier.de\/magazin\/armbrust-arten\/","name":"Armbrust Arten - Magazin - Bogensport Beier","isPartOf":{"@id":"https:\/\/www.bogensport-beier.de\/magazin\/#website"},"datePublished":"2022-03-14T09:12:20+00:00","dateModified":"2024-09-03T13:32:39+00:00","description":"Wir erkl\u00e4ren dir welche Armbrust Arten es gibt und was du beim Umgang mit Armbr\u00fcsten und den gesetzlichen Bestimmen beachten musst.","breadcrumb":{"@id":"https:\/\/www.bogensport-beier.de\/magazin\/armbrust-arten\/#breadcrumb"},"inLanguage":"de","potentialAction":[{"@type":"ReadAction","target":["https:\/\/www.bogensport-beier.de\/magazin\/armbrust-arten\/"]}]},{"@type":"BreadcrumbList","@id":"https:\/\/www.bogensport-beier.de\/magazin\/armbrust-arten\/#breadcrumb","itemListElement":[{"@type":"ListItem","position":1,"name":"Startseite","item":"https:\/\/www.bogensport-beier.de\/magazin\/"},{"@type":"ListItem","position":2,"name":"Armbrust Arten"}]},{"@type":"WebSite","@id":"https:\/\/www.bogensport-beier.de\/magazin\/#website","url":"https:\/\/www.bogensport-beier.de\/magazin\/","name":"Magazin - Bogensport Beier","description":"Alles rund um den Bogensport","potentialAction":[{"@type":"SearchAction","target":{"@type":"EntryPoint","urlTemplate":"https:\/\/www.bogensport-beier.de\/magazin\/?s={search_term_string}"},"query-input":{"@type":"PropertyValueSpecification","valueRequired":true,"valueName":"search_term_string"}}],"inLanguage":"de"}]}},"_links":{"self":[{"href":"https:\/\/www.bogensport-beier.de\/magazin\/wp-json\/wp\/v2\/pages\/703","targetHints":{"allow":["GET"]}}],"collection":[{"href":"https:\/\/www.bogensport-beier.de\/magazin\/wp-json\/wp\/v2\/pages"}],"about":[{"href":"https:\/\/www.bogensport-beier.de\/magazin\/wp-json\/wp\/v2\/types\/page"}],"author":[{"embeddable":true,"href":"https:\/\/www.bogensport-beier.de\/magazin\/wp-json\/wp\/v2\/users\/1"}],"replies":[{"embeddable":true,"href":"https:\/\/www.bogensport-beier.de\/magazin\/wp-json\/wp\/v2\/comments?post=703"}],"version-history":[{"count":25,"href":"https:\/\/www.bogensport-beier.de\/magazin\/wp-json\/wp\/v2\/pages\/703\/revisions"}],"predecessor-version":[{"id":705,"href":"https:\/\/www.bogensport-beier.de\/magazin\/wp-json\/wp\/v2\/pages\/703\/revisions\/705"}],"wp:attachment":[{"href":"https:\/\/www.bogensport-beier.de\/magazin\/wp-json\/wp\/v2\/media?parent=703"}],"curies":[{"name":"wp","href":"https:\/\/api.w.org\/{rel}","templated":true}]}}