{"id":47,"date":"2021-08-31T12:44:46","date_gmt":"2021-08-31T10:44:46","guid":{"rendered":"https:\/\/www.bogensport-beier.de\/magazin\/neu\/?page_id=47"},"modified":"2021-09-15T10:59:41","modified_gmt":"2021-09-15T08:59:41","slug":"untersiemau-bogensport-beier","status":"publish","type":"page","link":"https:\/\/www.bogensport-beier.de\/magazin\/ratgeber\/bogensport-fachgeschaeft\/untersiemau-bogensport-beier\/","title":{"rendered":"Untersiemau Bogensport-Beier"},"content":{"rendered":"<div  class='flex_column av-av_one_full-d846867a37b468541bc8830743d44203 av_one_full  avia-builder-el-0  el_before_av_one_full  avia-builder-el-first  first flex_column_div  '     ><p>\n<style type=\"text\/css\" data-created_by=\"avia_inline_auto\" id=\"style-css-av-av_heading-0f5fb31e789603e871320b9ddbb59dfd\">\n#top .av-special-heading.av-av_heading-0f5fb31e789603e871320b9ddbb59dfd{\npadding-bottom:10px;\n}\nbody .av-special-heading.av-av_heading-0f5fb31e789603e871320b9ddbb59dfd .av-special-heading-tag .heading-char{\nfont-size:25px;\n}\n.av-special-heading.av-av_heading-0f5fb31e789603e871320b9ddbb59dfd .av-subheading{\nfont-size:15px;\n}\n<\/style>\n<div  class='av-special-heading av-av_heading-0f5fb31e789603e871320b9ddbb59dfd av-special-heading-h1 blockquote modern-quote  avia-builder-el-1  el_before_av_textblock  avia-builder-el-first '><h1 class='av-special-heading-tag '  itemprop=\"headline\"  >Fachgesch\u00e4ft Bogensport Beier<\/h1><div class=\"special-heading-border\"><div class=\"special-heading-inner-border\"><\/div><\/div><\/div><br \/>\n<section  class='av_textblock_section av-av_textblock-32af9c344aeda5838e62bcf702809feb '   itemscope=\"itemscope\" itemtype=\"https:\/\/schema.org\/CreativeWork\" ><div class='avia_textblock'  itemprop=\"text\" ><p>Endlich ist es soweit \u2013 unser <em><strong>Bogensport Fachmarkt<\/strong><\/em> in unserem neuen Betriebsgeb\u00e4ude in <em><strong>Untersiemau<\/strong> <\/em>ist fertig eingerichtet. Als regionaler Anlaufpunkt f\u00fcr traditionelle <em><strong>Bogensch\u00fctzen<\/strong><\/em> bietet unser Fachmarkt eine gro\u00dfe Auswahl an Bogensportartikeln in bew\u00e4hrter Markenqualit\u00e4t.<\/p>\n<p>B\u00f6gen, Pfeile, Zielscheiben aus Ethafoam, 3D-Tiere, Lederartikel, Zubeh\u00f6r, Werkzeug und vieles mehr \u2013 in unserem <em>Bogensport Fachmarkt<\/em> bleiben keine W\u00fcnsche offen. Wir bieten hier das gesamte Sortiment unserer eigenen Marke BY BEIER GERMANY sowie eine gro\u00dfe Auswahl an Produkten bekannter Marken wie Longlife, GoldTip, Easton, Franzbogen und viele mehr.<\/p>\n<p>Kommen Sie vorbei, schauen Sie sich um und \u00fcberzeugen Sie sich von unserem Sortiment!<\/p>\n<p>Mit unserem Konzept des <em>Fachmarktes<\/em> m\u00f6chten wir das Einkaufen von Produkten f\u00fcr das traditionelle Bogenschie\u00dfen unkompliziert und transparent gestalten. Deshalb funktioniert in unserem <em>Bogensport-Fachmarkt <\/em>das Einkaufen \u00e4hnlich wie im Baumarkt:<\/p>\n<p>die Warenpr\u00e4sentation ist offen, das hei\u00dft Sie k\u00f6nnen die Artikel aus dem Regal nehmen und in Ruhe begutachten, Sie k\u00f6nnen vergleichen und ausprobieren und so das Richtige f\u00fcr sich finden.<\/p>\n<p>Bei Fragen hat unser Team immer ein offenes Ohr f\u00fcr Sie, wir f\u00fchren Ihnen auch gerne unsere Produkte vor und erl\u00e4utern die Funktionen. Eine fachkundige Beratung , abgestimmt auf Ihre W\u00fcnsche und Bed\u00fcrfnisse, liegt uns dabei am Herzen: Wir m\u00f6chten, dass Sie die richtigen Produkte f\u00fcr Ihr Hobby bekommen und Freude am Bogenschie\u00dfen haben.<\/p>\n<p>Wir haben im Betriebsgeb\u00e4ude einen Schie\u00dfraum eingerichtet, in dem Sie Ihr neues Equipment vor dem Kauf ausgiebig testen k\u00f6nnen.<\/p>\n<p>Unsere freundlichen und kompetenten Mitarbeiter stehen Ihnen bei allen Fragen zum Bogenschie\u00dfen gerne beratend zur Seite.<\/p>\n<\/div><\/section><br \/>\n<section  class='av_textblock_section av-av_textblock-32af9c344aeda5838e62bcf702809feb '   itemscope=\"itemscope\" itemtype=\"https:\/\/schema.org\/CreativeWork\" ><div class='avia_textblock'  itemprop=\"text\" ><p>Und wenn es doch der Blick auf unser gesamtes Sortiment sein soll, dann bietet sich der Besuch unserers Onlineshops an &#8211; <a href=\"https:\/\/www.bogensport-beier.de\/\">www.bogensport-beier.de<\/a><\/p>\n<\/div><\/section><\/p><\/div>\n\n<style type=\"text\/css\" data-created_by=\"avia_inline_auto\" id=\"style-css-av-av_one_full-d234c119f59cbcc9a4cc8b93075b9dd1\">\n.flex_column.av-av_one_full-d234c119f59cbcc9a4cc8b93075b9dd1{\npadding:10px 10px 10px 10px;\n}\n<\/style>\n<div  class='flex_column av-av_one_full-d234c119f59cbcc9a4cc8b93075b9dd1 av_one_full  avia-builder-el-4  el_after_av_one_full  avia-builder-el-last  first flex_column_div  column-top-margin'     ><section  class='av_textblock_section av-av_textblock-32af9c344aeda5838e62bcf702809feb '   itemscope=\"itemscope\" itemtype=\"https:\/\/schema.org\/CreativeWork\" ><div class='avia_textblock'  itemprop=\"text\" ><div class=\"wptb-container-legacy\" data-table-id=\"368\">\n    <table class=\"wptb-preview-table wptb-element-main-table_setting-368\" style=\"border: 1px solid rgb(209, 209, 209);\" data-reconstraction=\"1\" data-wptb-table-tds-sum-max-width=\"122\" data-wptb-cells-width-auto-count=\"1\" data-wptb-extra-styles=\"LyogRW50ZXIgeW91ciBjdXN0b20gQ1NTIHJ1bGVzIGhlcmUgKi8=\" role=\"table\" data-table-columns=\"1\" data-disable-theme-styles=\"1\"><tbody><tr class=\"wptb-row\"><td class=\"wptb-cell\" data-y-index=\"0\" data-x-index=\"0\" style=\"border: 1px solid rgb(209, 209, 209); padding: 10px;\" data-wptb-css-td-auto-width=\"true\"><div class=\"wptb-custom_html-container wptb-ph-element wptb-element-custom_html-1 edit-active\"><div class=\"wptb-custom-html-wrapper\" data-wptb-new-element=\"1\" style=\"position: relative;\"><span><h3>\u00d6ffnungszeiten<\/h3><\/span><\/div><\/div><div class=\"wptb-text-container wptb-ph-element wptb-element-text-2\"><div class=\"\" style=\"position: relative;\"><p>Ab sofort ist ein Besuch mit vorheriger Terminabsprache via Email oder Telefon m\u00f6glich.<br><br><\/p><p><strong>Montag: geschlossen<\/strong><br><br><\/p><p><strong>Dienstag &amp; Mittwoch:<\/strong><br>von 10:00 \u2013 12:00 Uhr<br>von 13:00 \u2013 17:00 Uhr<br><br><\/p><p><strong>Donnerstag:<\/strong><br>von 10:00 \u2013 12:00 Uhr<br>von 13:00 \u2013 17:00 Uhr<br><br><\/p><p><strong>Freitag:<\/strong><br>von 10:00 \u2013 14:00 Uhr.<br><br><\/p><p><strong>Jeden ersten Samstag im Monat<\/strong><br>von 10:00 \u2013 14:00 Uhr ge\u00f6ffnet<br><br>sowie an den&nbsp; 2. 3. und 4. Advents-Samstagen<br><br><\/p><p>F\u00e4llt der 1. Samstag im Monat auf einen Feiertag, dann haben wir am 2. Samstag dieses Monats ge\u00f6ffnet.<\/p><\/div><\/div><\/td><\/tr><\/tbody><\/table>\n<\/div>\n\n<\/div><\/section><\/div>\n","protected":false},"excerpt":{"rendered":"","protected":false},"author":1,"featured_media":0,"parent":35,"menu_order":0,"comment_status":"closed","ping_status":"closed","template":"","meta":{"footnotes":""},"class_list":["post-47","page","type-page","status-publish","hentry"],"yoast_head":"<!-- This site is optimized with the Yoast SEO plugin v27.1.1 - https:\/\/yoast.com\/product\/yoast-seo-wordpress\/ -->\n<title>Untersiemau Bogensport-Beier - Magazin - Bogensport Beier<\/title>\n<meta name=\"robots\" content=\"index, follow, max-snippet:-1, max-image-preview:large, max-video-preview:-1\" \/>\n<link rel=\"canonical\" href=\"https:\/\/www.bogensport-beier.de\/magazin\/ratgeber\/bogensport-fachgeschaeft\/untersiemau-bogensport-beier\/\" \/>\n<meta property=\"og:locale\" content=\"de_DE\" \/>\n<meta property=\"og:type\" content=\"article\" \/>\n<meta property=\"og:title\" content=\"Untersiemau Bogensport-Beier - Magazin - Bogensport Beier\" \/>\n<meta property=\"og:url\" content=\"https:\/\/www.bogensport-beier.de\/magazin\/ratgeber\/bogensport-fachgeschaeft\/untersiemau-bogensport-beier\/\" \/>\n<meta property=\"og:site_name\" content=\"Magazin - Bogensport Beier\" \/>\n<meta property=\"article:modified_time\" content=\"2021-09-15T08:59:41+00:00\" \/>\n<meta name=\"twitter:card\" content=\"summary_large_image\" \/>\n<meta name=\"twitter:label1\" content=\"Gesch\u00e4tzte Lesezeit\" \/>\n\t<meta name=\"twitter:data1\" content=\"3\u00a0Minuten\" \/>\n<script type=\"application\/ld+json\" class=\"yoast-schema-graph\">{\"@context\":\"https:\/\/schema.org\",\"@graph\":[{\"@type\":\"WebPage\",\"@id\":\"https:\/\/www.bogensport-beier.de\/magazin\/ratgeber\/bogensport-fachgeschaeft\/untersiemau-bogensport-beier\/\",\"url\":\"https:\/\/www.bogensport-beier.de\/magazin\/ratgeber\/bogensport-fachgeschaeft\/untersiemau-bogensport-beier\/\",\"name\":\"Untersiemau Bogensport-Beier - Magazin - Bogensport Beier\",\"isPartOf\":{\"@id\":\"https:\/\/www.bogensport-beier.de\/magazin\/#website\"},\"datePublished\":\"2021-08-31T10:44:46+00:00\",\"dateModified\":\"2021-09-15T08:59:41+00:00\",\"breadcrumb\":{\"@id\":\"https:\/\/www.bogensport-beier.de\/magazin\/ratgeber\/bogensport-fachgeschaeft\/untersiemau-bogensport-beier\/#breadcrumb\"},\"inLanguage\":\"de\",\"potentialAction\":[{\"@type\":\"ReadAction\",\"target\":[\"https:\/\/www.bogensport-beier.de\/magazin\/ratgeber\/bogensport-fachgeschaeft\/untersiemau-bogensport-beier\/\"]}]},{\"@type\":\"BreadcrumbList\",\"@id\":\"https:\/\/www.bogensport-beier.de\/magazin\/ratgeber\/bogensport-fachgeschaeft\/untersiemau-bogensport-beier\/#breadcrumb\",\"itemListElement\":[{\"@type\":\"ListItem\",\"position\":1,\"name\":\"Startseite\",\"item\":\"https:\/\/www.bogensport-beier.de\/magazin\/\"},{\"@type\":\"ListItem\",\"position\":2,\"name\":\"Ratgeber\",\"item\":\"https:\/\/www.bogensport-beier.de\/magazin\/ratgeber\/\"},{\"@type\":\"ListItem\",\"position\":3,\"name\":\"Fachgesch\u00e4ft\",\"item\":\"https:\/\/www.bogensport-beier.de\/magazin\/ratgeber\/bogensport-fachgeschaeft\/\"},{\"@type\":\"ListItem\",\"position\":4,\"name\":\"Untersiemau Bogensport-Beier\"}]},{\"@type\":\"WebSite\",\"@id\":\"https:\/\/www.bogensport-beier.de\/magazin\/#website\",\"url\":\"https:\/\/www.bogensport-beier.de\/magazin\/\",\"name\":\"Magazin - Bogensport Beier\",\"description\":\"Alles rund um den Bogensport\",\"potentialAction\":[{\"@type\":\"SearchAction\",\"target\":{\"@type\":\"EntryPoint\",\"urlTemplate\":\"https:\/\/www.bogensport-beier.de\/magazin\/?s={search_term_string}\"},\"query-input\":{\"@type\":\"PropertyValueSpecification\",\"valueRequired\":true,\"valueName\":\"search_term_string\"}}],\"inLanguage\":\"de\"}]}<\/script>\n<!-- \/ Yoast SEO plugin. -->","yoast_head_json":{"title":"Untersiemau Bogensport-Beier - Magazin - Bogensport Beier","robots":{"index":"index","follow":"follow","max-snippet":"max-snippet:-1","max-image-preview":"max-image-preview:large","max-video-preview":"max-video-preview:-1"},"canonical":"https:\/\/www.bogensport-beier.de\/magazin\/ratgeber\/bogensport-fachgeschaeft\/untersiemau-bogensport-beier\/","og_locale":"de_DE","og_type":"article","og_title":"Untersiemau Bogensport-Beier - Magazin - Bogensport Beier","og_url":"https:\/\/www.bogensport-beier.de\/magazin\/ratgeber\/bogensport-fachgeschaeft\/untersiemau-bogensport-beier\/","og_site_name":"Magazin - Bogensport Beier","article_modified_time":"2021-09-15T08:59:41+00:00","twitter_card":"summary_large_image","twitter_misc":{"Gesch\u00e4tzte Lesezeit":"3\u00a0Minuten"},"schema":{"@context":"https:\/\/schema.org","@graph":[{"@type":"WebPage","@id":"https:\/\/www.bogensport-beier.de\/magazin\/ratgeber\/bogensport-fachgeschaeft\/untersiemau-bogensport-beier\/","url":"https:\/\/www.bogensport-beier.de\/magazin\/ratgeber\/bogensport-fachgeschaeft\/untersiemau-bogensport-beier\/","name":"Untersiemau Bogensport-Beier - Magazin - Bogensport Beier","isPartOf":{"@id":"https:\/\/www.bogensport-beier.de\/magazin\/#website"},"datePublished":"2021-08-31T10:44:46+00:00","dateModified":"2021-09-15T08:59:41+00:00","breadcrumb":{"@id":"https:\/\/www.bogensport-beier.de\/magazin\/ratgeber\/bogensport-fachgeschaeft\/untersiemau-bogensport-beier\/#breadcrumb"},"inLanguage":"de","potentialAction":[{"@type":"ReadAction","target":["https:\/\/www.bogensport-beier.de\/magazin\/ratgeber\/bogensport-fachgeschaeft\/untersiemau-bogensport-beier\/"]}]},{"@type":"BreadcrumbList","@id":"https:\/\/www.bogensport-beier.de\/magazin\/ratgeber\/bogensport-fachgeschaeft\/untersiemau-bogensport-beier\/#breadcrumb","itemListElement":[{"@type":"ListItem","position":1,"name":"Startseite","item":"https:\/\/www.bogensport-beier.de\/magazin\/"},{"@type":"ListItem","position":2,"name":"Ratgeber","item":"https:\/\/www.bogensport-beier.de\/magazin\/ratgeber\/"},{"@type":"ListItem","position":3,"name":"Fachgesch\u00e4ft","item":"https:\/\/www.bogensport-beier.de\/magazin\/ratgeber\/bogensport-fachgeschaeft\/"},{"@type":"ListItem","position":4,"name":"Untersiemau Bogensport-Beier"}]},{"@type":"WebSite","@id":"https:\/\/www.bogensport-beier.de\/magazin\/#website","url":"https:\/\/www.bogensport-beier.de\/magazin\/","name":"Magazin - Bogensport Beier","description":"Alles rund um den Bogensport","potentialAction":[{"@type":"SearchAction","target":{"@type":"EntryPoint","urlTemplate":"https:\/\/www.bogensport-beier.de\/magazin\/?s={search_term_string}"},"query-input":{"@type":"PropertyValueSpecification","valueRequired":true,"valueName":"search_term_string"}}],"inLanguage":"de"}]}},"_links":{"self":[{"href":"https:\/\/www.bogensport-beier.de\/magazin\/wp-json\/wp\/v2\/pages\/47","targetHints":{"allow":["GET"]}}],"collection":[{"href":"https:\/\/www.bogensport-beier.de\/magazin\/wp-json\/wp\/v2\/pages"}],"about":[{"href":"https:\/\/www.bogensport-beier.de\/magazin\/wp-json\/wp\/v2\/types\/page"}],"author":[{"embeddable":true,"href":"https:\/\/www.bogensport-beier.de\/magazin\/wp-json\/wp\/v2\/users\/1"}],"replies":[{"embeddable":true,"href":"https:\/\/www.bogensport-beier.de\/magazin\/wp-json\/wp\/v2\/comments?post=47"}],"version-history":[{"count":2,"href":"https:\/\/www.bogensport-beier.de\/magazin\/wp-json\/wp\/v2\/pages\/47\/revisions"}],"predecessor-version":[{"id":463,"href":"https:\/\/www.bogensport-beier.de\/magazin\/wp-json\/wp\/v2\/pages\/47\/revisions\/463"}],"up":[{"embeddable":true,"href":"https:\/\/www.bogensport-beier.de\/magazin\/wp-json\/wp\/v2\/pages\/35"}],"wp:attachment":[{"href":"https:\/\/www.bogensport-beier.de\/magazin\/wp-json\/wp\/v2\/media?parent=47"}],"curies":[{"name":"wp","href":"https:\/\/api.w.org\/{rel}","templated":true}]}}