{"id":171,"date":"2021-09-01T09:51:09","date_gmt":"2021-09-01T07:51:09","guid":{"rendered":"https:\/\/www.bogensport-beier.de\/magazin\/neu\/?page_id=171"},"modified":"2023-05-16T09:31:09","modified_gmt":"2023-05-16T07:31:09","slug":"pfeilbau","status":"publish","type":"page","link":"https:\/\/www.bogensport-beier.de\/magazin\/pfeilbau\/","title":{"rendered":"Pfeilbau"},"content":{"rendered":"<div  class='flex_column av-1v0ifv-ec85ec25e487900d12706268d05c83ad av_one_full  avia-builder-el-0  el_before_av_one_full  avia-builder-el-first  first flex_column_div  '     ><p>\n<style type=\"text\/css\" data-created_by=\"avia_inline_auto\" id=\"style-css-av-ktlj6qkf-10f751efcb3cd5bc95d42010c068a45b\">\n#top .av-special-heading.av-ktlj6qkf-10f751efcb3cd5bc95d42010c068a45b{\npadding-bottom:10px;\n}\nbody .av-special-heading.av-ktlj6qkf-10f751efcb3cd5bc95d42010c068a45b .av-special-heading-tag .heading-char{\nfont-size:25px;\n}\n.av-special-heading.av-ktlj6qkf-10f751efcb3cd5bc95d42010c068a45b .av-subheading{\nfont-size:25px;\n}\n<\/style>\n<div  class='av-special-heading av-ktlj6qkf-10f751efcb3cd5bc95d42010c068a45b av-special-heading-h1 blockquote modern-quote  avia-builder-el-1  el_before_av_textblock  avia-builder-el-first '><h1 class='av-special-heading-tag '  itemprop=\"headline\"  >Pfeilbau<\/h1><div class='av-subheading av-subheading_below'><p>In unserem hauseigenen Pfeilbau werden t\u00e4glich etwa 1.000 Pfeile hergestellt.<\/p>\n<\/div><div class=\"special-heading-border\"><div class=\"special-heading-inner-border\"><\/div><\/div><\/div><br \/>\n<section  class='av_textblock_section av-ktlj7v12-aec3650979d7fa7b38bfd2c0e20f87bc '   itemscope=\"itemscope\" itemtype=\"https:\/\/schema.org\/CreativeWork\" ><div class='avia_textblock'  itemprop=\"text\" ><p>Wir verbauen Sch\u00e4fte aus Holz, Aluminium, Carbon und Carbon-Glasfiber-Gemisch und fertigen\u00a0<em><strong>Standardpfeile<\/strong><\/em>, <em><strong>Kinderpfeile<\/strong><\/em>, <em><strong>Mittelalterpfeile<\/strong> <\/em>und <em><strong>Larppfeile<\/strong> <\/em>mit von uns entwickelten Spezial-Polsterk\u00f6pfen sowie hochwertige individuelle Holzpfeile. In unserer hauseigenen Lackiererei werden Sch\u00e4fte gebeizt und lackiert, wir schleifen die Nocken- und Spitzenkonen auf Spezialmaschinen und stanzen Federn in die gew\u00fcnschten Formen.<\/p>\n<p>In Zusammenarbeit mit einem Klebemittelhersteller haben wir die optimalen Klebstoffe f\u00fcr den <em><strong>Pfeilbau<\/strong> <\/em>entwickelt, um f\u00fcr unsere <strong><em>Pfeile<\/em> <\/strong>eine hervorragende Haltbarkeit zu erzielen.\u00a0Auch das von uns entwickelte Federklebeband hat seinen Urspung in unserem <em>Pfeilbau<\/em>.<\/p>\n<p><strong>Unser Pfeilbau zeichnet sich durch hohe Qualit\u00e4t und Leistungsf\u00e4higkeit sowie Termintreue und\u00a0kurze Lieferzeiten aus.<\/strong><\/p>\n<\/div><\/section><\/p><\/div><div  class='flex_column av-eync3-971067ee541bbf2b2b3e0616a045137c av_one_full  avia-builder-el-3  el_after_av_one_full  el_before_av_one_full  first flex_column_div  column-top-margin'     ><div  class='avia-button-wrap av-9pr6j-a50f6646658e831cd208e07cbb0d091b-wrap avia-button-center  avia-builder-el-4  avia-builder-el-no-sibling '><a href='https:\/\/www.bogensport-beier.de\/pfeile-und-bolzen\/' class='avia-button av-9pr6j-a50f6646658e831cd208e07cbb0d091b av-link-btn avia-icon_select-yes-right-icon avia-size-large avia-position-center avia-color-theme-color' target=\"_blank\" rel=\"noopener noreferrer\" aria-label=\"zu unseren Pfeilen im Shop\"><span class='avia_iconbox_title' >zu unseren Pfeilen im Shop<\/span><span class='avia_button_icon avia_button_icon_right' aria-hidden='true' data-av_icon='\ue889' data-av_iconfont='entypo-fontello'><\/span><\/a><\/div><\/div><div  class='flex_column av-6dqyr-c46eeead675f71e6618c0d90ee839b6b av_one_full  avia-builder-el-5  el_after_av_one_full  el_before_av_one_full  first flex_column_div  column-top-margin'     ><style type=\"text\/css\" data-created_by=\"avia_inline_auto\" id=\"style-css-av-1j1z7n-06a7ae68137530019603abf9e7e5ada4\">\n.avia-image-container.av-1j1z7n-06a7ae68137530019603abf9e7e5ada4 img.avia_image{\nbox-shadow:none;\n}\n.avia-image-container.av-1j1z7n-06a7ae68137530019603abf9e7e5ada4 .av-image-caption-overlay-center{\ncolor:#ffffff;\n}\n<\/style>\n<div  class='avia-image-container av-1j1z7n-06a7ae68137530019603abf9e7e5ada4 av-styling- avia-align-center  avia-builder-el-6  avia-builder-el-no-sibling  av-has-copyright av-copyright-always'   itemprop=\"image\" itemscope=\"itemscope\" itemtype=\"https:\/\/schema.org\/ImageObject\" ><div class=\"avia-image-container-inner\"><div class=\"avia-image-overlay-wrap\"><img decoding=\"async\" fetchpriority=\"high\" class='wp-image-513 avia-img-lazy-loading-not-513 avia_image ' src=\"https:\/\/www.bogensport-beier.de\/magazin\/wp-content\/uploads\/2021\/09\/pfeilbau-produktion-bogensport-beier.jpg\" alt='' title='pfeilbau-produktion-bogensport-beier'  height=\"212\" width=\"900\"  itemprop=\"thumbnailUrl\" srcset=\"https:\/\/www.bogensport-beier.de\/magazin\/wp-content\/uploads\/2021\/09\/pfeilbau-produktion-bogensport-beier.jpg 900w, https:\/\/www.bogensport-beier.de\/magazin\/wp-content\/uploads\/2021\/09\/pfeilbau-produktion-bogensport-beier-300x71.jpg 300w, https:\/\/www.bogensport-beier.de\/magazin\/wp-content\/uploads\/2021\/09\/pfeilbau-produktion-bogensport-beier-768x181.jpg 768w, https:\/\/www.bogensport-beier.de\/magazin\/wp-content\/uploads\/2021\/09\/pfeilbau-produktion-bogensport-beier-705x166.jpg 705w\" sizes=\"(max-width: 900px) 100vw, 900px\" \/><\/div><small class=\"avia-copyright\">Bild: Bogensport Beier<\/small><\/div><\/div><\/div><div  class='flex_column av-1ea8cb-c36ae6e93d3c6ecf74e18d60f1fb7545 av_one_full  avia-builder-el-7  el_after_av_one_full  el_before_av_one_full  first flex_column_div  column-top-margin'     ><p>\n<style type=\"text\/css\" data-created_by=\"avia_inline_auto\" id=\"style-css-av-ktljdjr2-a4020ebef2be2ae4d2f08d3deb834d4d\">\n#top .av-special-heading.av-ktljdjr2-a4020ebef2be2ae4d2f08d3deb834d4d{\npadding-bottom:10px;\n}\nbody .av-special-heading.av-ktljdjr2-a4020ebef2be2ae4d2f08d3deb834d4d .av-special-heading-tag .heading-char{\nfont-size:25px;\n}\n.av-special-heading.av-ktljdjr2-a4020ebef2be2ae4d2f08d3deb834d4d .av-subheading{\nfont-size:25px;\n}\n<\/style>\n<div  class='av-special-heading av-ktljdjr2-a4020ebef2be2ae4d2f08d3deb834d4d av-special-heading-h2 blockquote modern-quote  avia-builder-el-8  el_before_av_textblock  avia-builder-el-first '><h2 class='av-special-heading-tag '  itemprop=\"headline\"  >Hochwertige individuelle Holzpfeile<\/h2><div class=\"special-heading-border\"><div class=\"special-heading-inner-border\"><\/div><\/div><\/div><br \/>\n<section  class='av_textblock_section av-4lut7-4dcbe95a08a78bf8547d0e9976254c88 '   itemscope=\"itemscope\" itemtype=\"https:\/\/schema.org\/CreativeWork\" ><div class='avia_textblock'  itemprop=\"text\" ><p>Die Faustregel im Bogensport lautet: Der <em>Pfeil<\/em> muss zum Bogen und zum Sch\u00fctzen passen.\u00a0In den meisten F\u00e4llen, in denen der <em>Pfeil<\/em> nicht dahin fliegt, wohin er soll, liegt das in der\u00a0mangelnde Abstimmung zwischen <em>Pfeil<\/em>, Bogen und dem Sch\u00fctzen selbst.<br \/>\nUm einen stabilen, sauberen <em>Pfeil<\/em>flug und konsistente Ergebnisse zu erreichen, muss bestimmt\u00a0werden, welcher <em>Pfeil<\/em> der richtige f\u00fcr den Bogensch\u00fctzen und seinen Bogen ist.\u00a0Es m\u00fcssen Material, Durchmesser, L\u00e4nge und Spinewert des <em>Pfeil<\/em>schaftes ebenso ermittelt werden\u00a0wie Form und Gewicht der Spitze. Anhand dieser Angaben k\u00f6nnen wir Ihnen einen <em>Pfeil<\/em> bauen, der auf Ihre Bed\u00fcrfnisse optimal\u00a0abgestimmt ist. Sie w\u00e4hlen weitere Optionen wie Federform und -farben und suchen die zu\u00a0Ihrer Sehne passende Nocke aus.<\/p>\n<p>In unseren Onlineshop haben wir einen <em>Pfeil<\/em>-Konfigurator f\u00fcr individuelle Holz<em>pfeil<\/em>e\u00a0integriert, der die ben\u00f6tigten Parameter auflistet und zur Auswahl bereitstellt.\u00a0So findet jeder Bogensch\u00fctze den <em>Pfeil<\/em>, der zu ihm passt und mit dem er gute Ergebnisse erzielt.<br \/>\n<strong>Gerne beraten wie Sie auch vor Ort in unserem Bogensport-Fachmarkt in Untersiemau.<\/strong><\/p>\n<\/div><\/section><\/p><\/div><div  class='flex_column av-12y7ar-b83562a2c2bcc61ed4af6f283ff166b0 av_one_full  avia-builder-el-10  el_after_av_one_full  el_before_av_one_full  first flex_column_div  column-top-margin'     ><style type=\"text\/css\" data-created_by=\"avia_inline_auto\" id=\"style-css-av-zfdpn-770541e4ece3848de7676a800e5381f1\">\n.avia-image-container.av-zfdpn-770541e4ece3848de7676a800e5381f1 img.avia_image{\nbox-shadow:none;\n}\n.avia-image-container.av-zfdpn-770541e4ece3848de7676a800e5381f1 .av-image-caption-overlay-center{\ncolor:#ffffff;\n}\n<\/style>\n<div  class='avia-image-container av-zfdpn-770541e4ece3848de7676a800e5381f1 av-styling- avia-align-center  avia-builder-el-11  avia-builder-el-no-sibling  av-has-copyright av-copyright-always'   itemprop=\"image\" itemscope=\"itemscope\" itemtype=\"https:\/\/schema.org\/ImageObject\" ><div class=\"avia-image-container-inner\"><div class=\"avia-image-overlay-wrap\"><img decoding=\"async\" fetchpriority=\"high\" class='wp-image-512 avia-img-lazy-loading-not-512 avia_image ' src=\"https:\/\/www.bogensport-beier.de\/magazin\/wp-content\/uploads\/2021\/09\/kundenpfeil-individuell-bogensport-beier.jpg\" alt='' title='kundenpfeil-individuell-bogensport-beier'  height=\"599\" width=\"431\"  itemprop=\"thumbnailUrl\" srcset=\"https:\/\/www.bogensport-beier.de\/magazin\/wp-content\/uploads\/2021\/09\/kundenpfeil-individuell-bogensport-beier.jpg 431w, https:\/\/www.bogensport-beier.de\/magazin\/wp-content\/uploads\/2021\/09\/kundenpfeil-individuell-bogensport-beier-216x300.jpg 216w\" sizes=\"(max-width: 431px) 100vw, 431px\" \/><\/div><small class=\"avia-copyright\">Bild: Bogensport Beier<\/small><\/div><\/div><\/div><div  class='flex_column av-av_one_full-d846867a37b468541bc8830743d44203 av_one_full  avia-builder-el-12  el_after_av_one_full  avia-builder-el-last  first flex_column_div  column-top-margin'     ><div  class='avia-button-wrap av-ktljfkjk-245e63e237d49cd3afa85a309510a966-wrap avia-button-center  avia-builder-el-13  avia-builder-el-no-sibling '><a href='https:\/\/www.bogensport-beier.de\/pfeile-und-bolzen\/' class='avia-button av-ktljfkjk-245e63e237d49cd3afa85a309510a966 av-link-btn avia-icon_select-yes-right-icon avia-size-large avia-position-center avia-color-theme-color' target=\"_blank\" rel=\"noopener noreferrer\" aria-label=\"zu unseren Pfeilen im Shop\"><span class='avia_iconbox_title' >zu unseren Pfeilen im Shop<\/span><span class='avia_button_icon avia_button_icon_right' aria-hidden='true' data-av_icon='\ue889' data-av_iconfont='entypo-fontello'><\/span><\/a><\/div><\/div><\/p>\n","protected":false},"excerpt":{"rendered":"","protected":false},"author":1,"featured_media":0,"parent":0,"menu_order":0,"comment_status":"closed","ping_status":"closed","template":"","meta":{"footnotes":""},"class_list":["post-171","page","type-page","status-publish","hentry"],"yoast_head":"<!-- This site is optimized with the Yoast SEO plugin v27.5 - https:\/\/yoast.com\/product\/yoast-seo-wordpress\/ -->\n<title>Pfeilbau - Magazin - Bogensport Beier<\/title>\n<meta name=\"robots\" content=\"index, follow, max-snippet:-1, max-image-preview:large, max-video-preview:-1\" \/>\n<link rel=\"canonical\" href=\"https:\/\/www.bogensport-beier.de\/magazin\/pfeilbau\/\" \/>\n<meta property=\"og:locale\" content=\"de_DE\" \/>\n<meta property=\"og:type\" content=\"article\" \/>\n<meta property=\"og:title\" content=\"Pfeilbau - Magazin - Bogensport Beier\" \/>\n<meta property=\"og:url\" content=\"https:\/\/www.bogensport-beier.de\/magazin\/pfeilbau\/\" \/>\n<meta property=\"og:site_name\" content=\"Magazin - Bogensport Beier\" \/>\n<meta property=\"article:modified_time\" content=\"2023-05-16T07:31:09+00:00\" \/>\n<meta name=\"twitter:card\" content=\"summary_large_image\" \/>\n<meta name=\"twitter:label1\" content=\"Gesch\u00e4tzte Lesezeit\" \/>\n\t<meta name=\"twitter:data1\" content=\"6\u00a0Minuten\" \/>\n<script type=\"application\/ld+json\" class=\"yoast-schema-graph\">{\"@context\":\"https:\\\/\\\/schema.org\",\"@graph\":[{\"@type\":\"WebPage\",\"@id\":\"https:\\\/\\\/www.bogensport-beier.de\\\/magazin\\\/pfeilbau\\\/\",\"url\":\"https:\\\/\\\/www.bogensport-beier.de\\\/magazin\\\/pfeilbau\\\/\",\"name\":\"Pfeilbau - Magazin - Bogensport Beier\",\"isPartOf\":{\"@id\":\"https:\\\/\\\/www.bogensport-beier.de\\\/magazin\\\/#website\"},\"datePublished\":\"2021-09-01T07:51:09+00:00\",\"dateModified\":\"2023-05-16T07:31:09+00:00\",\"breadcrumb\":{\"@id\":\"https:\\\/\\\/www.bogensport-beier.de\\\/magazin\\\/pfeilbau\\\/#breadcrumb\"},\"inLanguage\":\"de\",\"potentialAction\":[{\"@type\":\"ReadAction\",\"target\":[\"https:\\\/\\\/www.bogensport-beier.de\\\/magazin\\\/pfeilbau\\\/\"]}]},{\"@type\":\"BreadcrumbList\",\"@id\":\"https:\\\/\\\/www.bogensport-beier.de\\\/magazin\\\/pfeilbau\\\/#breadcrumb\",\"itemListElement\":[{\"@type\":\"ListItem\",\"position\":1,\"name\":\"Startseite\",\"item\":\"https:\\\/\\\/www.bogensport-beier.de\\\/magazin\\\/\"},{\"@type\":\"ListItem\",\"position\":2,\"name\":\"Pfeilbau\"}]},{\"@type\":\"WebSite\",\"@id\":\"https:\\\/\\\/www.bogensport-beier.de\\\/magazin\\\/#website\",\"url\":\"https:\\\/\\\/www.bogensport-beier.de\\\/magazin\\\/\",\"name\":\"Magazin - Bogensport Beier\",\"description\":\"Alles rund um den Bogensport\",\"potentialAction\":[{\"@type\":\"SearchAction\",\"target\":{\"@type\":\"EntryPoint\",\"urlTemplate\":\"https:\\\/\\\/www.bogensport-beier.de\\\/magazin\\\/?s={search_term_string}\"},\"query-input\":{\"@type\":\"PropertyValueSpecification\",\"valueRequired\":true,\"valueName\":\"search_term_string\"}}],\"inLanguage\":\"de\"}]}<\/script>\n<!-- \/ Yoast SEO plugin. -->","yoast_head_json":{"title":"Pfeilbau - Magazin - Bogensport Beier","robots":{"index":"index","follow":"follow","max-snippet":"max-snippet:-1","max-image-preview":"max-image-preview:large","max-video-preview":"max-video-preview:-1"},"canonical":"https:\/\/www.bogensport-beier.de\/magazin\/pfeilbau\/","og_locale":"de_DE","og_type":"article","og_title":"Pfeilbau - Magazin - Bogensport Beier","og_url":"https:\/\/www.bogensport-beier.de\/magazin\/pfeilbau\/","og_site_name":"Magazin - Bogensport Beier","article_modified_time":"2023-05-16T07:31:09+00:00","twitter_card":"summary_large_image","twitter_misc":{"Gesch\u00e4tzte Lesezeit":"6\u00a0Minuten"},"schema":{"@context":"https:\/\/schema.org","@graph":[{"@type":"WebPage","@id":"https:\/\/www.bogensport-beier.de\/magazin\/pfeilbau\/","url":"https:\/\/www.bogensport-beier.de\/magazin\/pfeilbau\/","name":"Pfeilbau - Magazin - Bogensport Beier","isPartOf":{"@id":"https:\/\/www.bogensport-beier.de\/magazin\/#website"},"datePublished":"2021-09-01T07:51:09+00:00","dateModified":"2023-05-16T07:31:09+00:00","breadcrumb":{"@id":"https:\/\/www.bogensport-beier.de\/magazin\/pfeilbau\/#breadcrumb"},"inLanguage":"de","potentialAction":[{"@type":"ReadAction","target":["https:\/\/www.bogensport-beier.de\/magazin\/pfeilbau\/"]}]},{"@type":"BreadcrumbList","@id":"https:\/\/www.bogensport-beier.de\/magazin\/pfeilbau\/#breadcrumb","itemListElement":[{"@type":"ListItem","position":1,"name":"Startseite","item":"https:\/\/www.bogensport-beier.de\/magazin\/"},{"@type":"ListItem","position":2,"name":"Pfeilbau"}]},{"@type":"WebSite","@id":"https:\/\/www.bogensport-beier.de\/magazin\/#website","url":"https:\/\/www.bogensport-beier.de\/magazin\/","name":"Magazin - Bogensport Beier","description":"Alles rund um den Bogensport","potentialAction":[{"@type":"SearchAction","target":{"@type":"EntryPoint","urlTemplate":"https:\/\/www.bogensport-beier.de\/magazin\/?s={search_term_string}"},"query-input":{"@type":"PropertyValueSpecification","valueRequired":true,"valueName":"search_term_string"}}],"inLanguage":"de"}]}},"_links":{"self":[{"href":"https:\/\/www.bogensport-beier.de\/magazin\/wp-json\/wp\/v2\/pages\/171","targetHints":{"allow":["GET"]}}],"collection":[{"href":"https:\/\/www.bogensport-beier.de\/magazin\/wp-json\/wp\/v2\/pages"}],"about":[{"href":"https:\/\/www.bogensport-beier.de\/magazin\/wp-json\/wp\/v2\/types\/page"}],"author":[{"embeddable":true,"href":"https:\/\/www.bogensport-beier.de\/magazin\/wp-json\/wp\/v2\/users\/1"}],"replies":[{"embeddable":true,"href":"https:\/\/www.bogensport-beier.de\/magazin\/wp-json\/wp\/v2\/comments?post=171"}],"version-history":[{"count":4,"href":"https:\/\/www.bogensport-beier.de\/magazin\/wp-json\/wp\/v2\/pages\/171\/revisions"}],"predecessor-version":[{"id":514,"href":"https:\/\/www.bogensport-beier.de\/magazin\/wp-json\/wp\/v2\/pages\/171\/revisions\/514"}],"wp:attachment":[{"href":"https:\/\/www.bogensport-beier.de\/magazin\/wp-json\/wp\/v2\/media?parent=171"}],"curies":[{"name":"wp","href":"https:\/\/api.w.org\/{rel}","templated":true}]}}