{"id":167,"date":"2021-09-01T09:50:05","date_gmt":"2021-09-01T07:50:05","guid":{"rendered":"https:\/\/www.bogensport-beier.de\/magazin\/neu\/?page_id=167"},"modified":"2023-05-16T09:29:26","modified_gmt":"2023-05-16T07:29:26","slug":"carbonpfeil","status":"publish","type":"page","link":"https:\/\/www.bogensport-beier.de\/magazin\/carbonpfeil\/","title":{"rendered":"Carbonpfeil"},"content":{"rendered":"<div  class='flex_column av-4xrtj-476952803ece4bcd28f7ac445ba3f1a1 av_one_full  avia-builder-el-0  el_before_av_one_full  avia-builder-el-first  first flex_column_div  '     ><style type=\"text\/css\" data-created_by=\"avia_inline_auto\" id=\"style-css-av-ktlk3j0p-7d1d60293475f91b57f115d561f2dafb\">\n#top .av-special-heading.av-ktlk3j0p-7d1d60293475f91b57f115d561f2dafb{\npadding-bottom:10px;\n}\nbody .av-special-heading.av-ktlk3j0p-7d1d60293475f91b57f115d561f2dafb .av-special-heading-tag .heading-char{\nfont-size:25px;\n}\n.av-special-heading.av-ktlk3j0p-7d1d60293475f91b57f115d561f2dafb .av-subheading{\nfont-size:15px;\n}\n<\/style>\n<div  class='av-special-heading av-ktlk3j0p-7d1d60293475f91b57f115d561f2dafb av-special-heading-h1 blockquote modern-quote  avia-builder-el-1  avia-builder-el-no-sibling '><h1 class='av-special-heading-tag '  itemprop=\"headline\"  >Der Carbonpfeil<\/h1><div class=\"special-heading-border\"><div class=\"special-heading-inner-border\"><\/div><\/div><\/div><\/div>\n<div  class='flex_column av-1aifg7-092ff391bf7e8b68a14a76b706a712dd av_one_full  avia-builder-el-2  el_after_av_one_full  el_before_av_one_full  first flex_column_div  column-top-margin'     ><p>\n<style type=\"text\/css\" data-created_by=\"avia_inline_auto\" id=\"style-css-av-ktlk3zbm-3108bf9d278baa4b0335b1c19d7e72f6\">\n.avia-image-container.av-ktlk3zbm-3108bf9d278baa4b0335b1c19d7e72f6 img.avia_image{\nbox-shadow:none;\n}\n.avia-image-container.av-ktlk3zbm-3108bf9d278baa4b0335b1c19d7e72f6 .av-image-caption-overlay-center{\ncolor:#ffffff;\n}\n<\/style>\n<div  class='avia-image-container av-ktlk3zbm-3108bf9d278baa4b0335b1c19d7e72f6 av-styling- avia-align-center  avia-builder-el-3  el_before_av_heading  avia-builder-el-first '   itemprop=\"image\" itemscope=\"itemscope\" itemtype=\"https:\/\/schema.org\/ImageObject\" ><div class=\"avia-image-container-inner\"><div class=\"avia-image-overlay-wrap\"><img decoding=\"async\" fetchpriority=\"high\" class='wp-image-521 avia-img-lazy-loading-not-521 avia_image ' src=\"https:\/\/www.bogensport-beier.de\/magazin\/wp-content\/uploads\/2021\/09\/GoldTip.png\" alt='' title='GoldTip'  height=\"42\" width=\"150\"  itemprop=\"thumbnailUrl\"  \/><\/div><\/div><\/div><br \/>\n\n<style type=\"text\/css\" data-created_by=\"avia_inline_auto\" id=\"style-css-av-ktlk8ea4-39dd403607ca711a9083c9669fc3a066\">\n#top .av-special-heading.av-ktlk8ea4-39dd403607ca711a9083c9669fc3a066{\npadding-bottom:10px;\n}\nbody .av-special-heading.av-ktlk8ea4-39dd403607ca711a9083c9669fc3a066 .av-special-heading-tag .heading-char{\nfont-size:25px;\n}\n.av-special-heading.av-ktlk8ea4-39dd403607ca711a9083c9669fc3a066 .av-subheading{\nfont-size:15px;\n}\n<\/style>\n<div  class='av-special-heading av-ktlk8ea4-39dd403607ca711a9083c9669fc3a066 av-special-heading-h2 blockquote modern-quote  avia-builder-el-4  el_after_av_image  el_before_av_textblock '><h2 class='av-special-heading-tag '  itemprop=\"headline\"  >The toughest arrow you\u00b4ll ever shoot.<\/h2><div class=\"special-heading-border\"><div class=\"special-heading-inner-border\"><\/div><\/div><\/div><br \/>\n<section  class='av_textblock_section av-ktlk91et-487a194ba2478217ca449a2c81cc5a43 '   itemscope=\"itemscope\" itemtype=\"https:\/\/schema.org\/CreativeWork\" ><div class='avia_textblock'  itemprop=\"text\" ><p><em><strong>BEIER<\/strong> DISTRIBUTION <strong>ist Master Distributor von Gold Tip<\/strong>. Wir haben uns ganz bewusst f\u00fcr <strong>Gold Tip<\/strong> entschieden, denn Gold Tip bietet <strong>Carbonsch\u00e4fte <\/strong>und \u2013 pfeile in einer hervorragenden Qualit\u00e4t.\u00a0 Gold Tip als der f\u00fchrende Hersteller f\u00fcr Carbonpfeile\u00a0 ist aus der Welt des Bogensports nicht mehr wegzudenken.<\/em><\/p>\n<p>Gold Tip Sch\u00e4fte sind \u201cintelligent\u201c genug, um gerade bleiben? Ja das sind sie!<\/p>\n<p>Seit Jahren hat die Industrie uns gelehrt, dass ein Carbon \u2013 Pfeil entweder \u201cgerade oder gebrochen\u201d ist.<\/p>\n<p>Aber was ist richtig? Ein Carbonpfeil wird durch das Schie\u00dfen krumm, ja richtig \u2013 das ist kein Schreibfehler. Der <em>Carbonpfeil<\/em> verliert die Geradheit, das baut sich zwar wieder ab, aber das dauert eine Weile.<\/p>\n<p>Ein Beispiel: Sie stehen im Turnier und schie\u00dfen, dabei schie\u00dfen immer mit den gleichen Pfeil(en). Mit jedem Schuss verliert Ihr Pfeil etwas an Geradheit. Was das bedeutet, wissen Sie. Die Gruppierung, Ihrer Pfeile und das Schussbild werden schlechter. Das ist die Realit\u00e4t, einige <em>Carbonpfeile<\/em> k\u00f6nnen ihre Geradheit bereits nach wenigen Sch\u00fcssen verlieren.<\/p>\n<\/div><\/section><\/p><\/div><div  class='flex_column av-dsrm7-03b74bf76b68c014d93e8d1021b01dc5 av_one_full  avia-builder-el-6  el_after_av_one_full  el_before_av_one_full  first flex_column_div  column-top-margin'     ><div  class='avia-button-wrap av-a7bw7-002d68126d89498b5ef6eaa37a5bced7-wrap avia-button-center  avia-builder-el-7  avia-builder-el-no-sibling '><a href='https:\/\/www.bogensport-beier.de\/ziele\/3d-tiere\/' class='avia-button av-a7bw7-002d68126d89498b5ef6eaa37a5bced7 av-link-btn avia-icon_select-yes-right-icon avia-size-large avia-position-center avia-color-theme-color' target=\"_blank\" rel=\"noopener noreferrer\" aria-label=\"zu unseren Gold Tip Pfeilen im Shop\"><span class='avia_iconbox_title' >zu unseren Gold Tip Pfeilen im Shop<\/span><span class='avia_button_icon avia_button_icon_right' aria-hidden='true' data-av_icon='\ue889' data-av_iconfont='entypo-fontello'><\/span><\/a><\/div><\/div><\/p>\n<div  class='flex_column av-xjit3-7f4d2fd8f55adc9b5e2b29c2328e46a5 av_one_full  avia-builder-el-8  el_after_av_one_full  el_before_av_one_full  first flex_column_div  column-top-margin'     ><style type=\"text\/css\" data-created_by=\"avia_inline_auto\" id=\"style-css-av-ktlk9j5k-db868ea8151e15284fa4f40b731a9068\">\n.avia-image-container.av-ktlk9j5k-db868ea8151e15284fa4f40b731a9068 img.avia_image{\nbox-shadow:none;\n}\n.avia-image-container.av-ktlk9j5k-db868ea8151e15284fa4f40b731a9068 .av-image-caption-overlay-center{\ncolor:#ffffff;\n}\n<\/style>\n<div  class='avia-image-container av-ktlk9j5k-db868ea8151e15284fa4f40b731a9068 av-styling- avia-align-center  avia-builder-el-9  avia-builder-el-no-sibling '   itemprop=\"image\" itemscope=\"itemscope\" itemtype=\"https:\/\/schema.org\/ImageObject\" ><div class=\"avia-image-container-inner\"><div class=\"avia-image-overlay-wrap\"><img decoding=\"async\" fetchpriority=\"high\" class='wp-image-522 avia-img-lazy-loading-not-522 avia_image ' src=\"https:\/\/www.bogensport-beier.de\/magazin\/wp-content\/uploads\/2021\/09\/GoldTip-Carbonpfeil-600x275-1.jpg\" alt='' title='GoldTip-Carbonpfeil-600x275'  height=\"275\" width=\"600\"  itemprop=\"thumbnailUrl\" srcset=\"https:\/\/www.bogensport-beier.de\/magazin\/wp-content\/uploads\/2021\/09\/GoldTip-Carbonpfeil-600x275-1.jpg 600w, https:\/\/www.bogensport-beier.de\/magazin\/wp-content\/uploads\/2021\/09\/GoldTip-Carbonpfeil-600x275-1-300x138.jpg 300w\" sizes=\"(max-width: 600px) 100vw, 600px\" \/><\/div><\/div><\/div><\/div>\n<div  class='flex_column av-th4qv-f8cea007652975905f8396f8227c310b av_one_full  avia-builder-el-10  el_after_av_one_full  el_before_av_one_full  first flex_column_div  column-top-margin'     ><section  class='av_textblock_section av-k9pf3-7787e9c2c539488b61c900cb10528b8e '   itemscope=\"itemscope\" itemtype=\"https:\/\/schema.org\/CreativeWork\" ><div class='avia_textblock'  itemprop=\"text\" ><div class=\"symple-column symple-one-half symple-column-first \">\n<p><strong>GOLD TIP Smart Carbon Technologie \u2013 die Innovation f\u00fcr Carbonpfeile und -sch\u00e4fte<\/strong><\/p>\n<p>Aber hier kommt die L\u00f6sung: Nur die <em>Gold Tip<\/em>-eigene Smart-Carbon Technologie garantiert, dass jeder Pfeil oder Armbrustbolzen seine Geradheit beh\u00e4lt, er hat die \u201cErinnerung\/Intelligenz\u201c an seine urspr\u00fcngliche Form \u2013 Gold Tip hat hierf\u00fcr den Slogan \u201cOut of the box Straightness\u201d kreiert \u2013 beim <em>Gold Tip<\/em> Schaft\/Pfeil kann man vom sogenannten Memoryeffekt sprechen, ist das nicht fabelhaft? Der Pfeil bleibt \u00fcber seine Lebenszeit, bei jedem Schuss gerade, das ist keine Frage!<\/p>\n<\/div>\n<\/div><\/section><\/div>\n<div  class='flex_column av-864v3-934a2ac86a9cae98e833e2099c9207ab av_one_full  avia-builder-el-12  el_after_av_one_full  el_before_av_one_full  first flex_column_div  column-top-margin'     ><style type=\"text\/css\" data-created_by=\"avia_inline_auto\" id=\"style-css-av-ktlkeewy-a0cec27f524adfba25f26830ac261961\">\n.avia-image-container.av-ktlkeewy-a0cec27f524adfba25f26830ac261961 img.avia_image{\nbox-shadow:none;\n}\n.avia-image-container.av-ktlkeewy-a0cec27f524adfba25f26830ac261961 .av-image-caption-overlay-center{\ncolor:#ffffff;\n}\n<\/style>\n<div  class='avia-image-container av-ktlkeewy-a0cec27f524adfba25f26830ac261961 av-styling- avia-align-center  avia-builder-el-13  avia-builder-el-no-sibling '   itemprop=\"image\" itemscope=\"itemscope\" itemtype=\"https:\/\/schema.org\/ImageObject\" ><div class=\"avia-image-container-inner\"><div class=\"avia-image-overlay-wrap\"><img decoding=\"async\" fetchpriority=\"high\" class='wp-image-523 avia-img-lazy-loading-not-523 avia_image ' src=\"https:\/\/www.bogensport-beier.de\/magazin\/wp-content\/uploads\/2021\/09\/goldtip-pfeile-carbon-bogensport-beier.jpg\" alt='' title='goldtip-pfeile-carbon-bogensport-beier'  height=\"412\" width=\"900\"  itemprop=\"thumbnailUrl\" srcset=\"https:\/\/www.bogensport-beier.de\/magazin\/wp-content\/uploads\/2021\/09\/goldtip-pfeile-carbon-bogensport-beier.jpg 900w, https:\/\/www.bogensport-beier.de\/magazin\/wp-content\/uploads\/2021\/09\/goldtip-pfeile-carbon-bogensport-beier-300x137.jpg 300w, https:\/\/www.bogensport-beier.de\/magazin\/wp-content\/uploads\/2021\/09\/goldtip-pfeile-carbon-bogensport-beier-768x352.jpg 768w, https:\/\/www.bogensport-beier.de\/magazin\/wp-content\/uploads\/2021\/09\/goldtip-pfeile-carbon-bogensport-beier-705x323.jpg 705w\" sizes=\"(max-width: 900px) 100vw, 900px\" \/><\/div><\/div><\/div><\/div>\n<div  class='flex_column av-8x187-8c5e036b3721bad3385bbc5990d1f436 av_one_full  avia-builder-el-14  el_after_av_one_full  el_before_av_one_full  first flex_column_div  column-top-margin'     ><section  class='av_textblock_section av-ktlkfahz-c4e0d71e437b40ae258110b72720d481 '   itemscope=\"itemscope\" itemtype=\"https:\/\/schema.org\/CreativeWork\" ><div class='avia_textblock'  itemprop=\"text\" ><div class=\"symple-column symple-one-half symple-column-first \">\n<div class=\"symple-column symple-one-half symple-column-last \">\n<p><strong>Gold Tip Pfeilsch\u00e4fte sind die Wahl von Top Bogensch\u00fctzen und Bogenj\u00e4gern weltweit.<\/strong><\/p>\n<p>Bei <em>Gold Tip<\/em> ist man bestrebt, eine hundertprozentige Kundenzufriedenheit hinsichtlich der Qualit\u00e4t von Sch\u00e4ften und Komponenten zu erreichen.<\/p>\n<p>Wir von Beier Distribution m\u00f6chten, dass Sie den besten Pfeil zum Bogenschie\u00dfen auf diesem Planeten bekommen. Deshalb haben wir <em>Gold Tip<\/em> in unser Programm aufgenommen.<\/p>\n<\/div>\n<\/div>\n<\/div><\/section><\/div>\n<div  class='flex_column av-ged7r-ebe442021e987f70deabc4c8630d7d6e av_one_full  avia-builder-el-16  el_after_av_one_full  avia-builder-el-last  first flex_column_div  column-top-margin'     ><div  class='avia-button-wrap av-aa0cf-fc90afdd197987e5c3ccff7b0d2a3b0c-wrap avia-button-center  avia-builder-el-17  avia-builder-el-no-sibling '><a href='https:\/\/www.bogensport-beier.de\/ziele\/3d-tiere\/' class='avia-button av-aa0cf-fc90afdd197987e5c3ccff7b0d2a3b0c av-link-btn avia-icon_select-yes-right-icon avia-size-large avia-position-center avia-color-theme-color' target=\"_blank\" rel=\"noopener noreferrer\" aria-label=\"zu unseren Gold Tip Pfeilen im Shop\"><span class='avia_iconbox_title' >zu unseren Gold Tip Pfeilen im Shop<\/span><span class='avia_button_icon avia_button_icon_right' aria-hidden='true' data-av_icon='\ue889' data-av_iconfont='entypo-fontello'><\/span><\/a><\/div><\/div>\n","protected":false},"excerpt":{"rendered":"","protected":false},"author":1,"featured_media":0,"parent":0,"menu_order":0,"comment_status":"closed","ping_status":"closed","template":"","meta":{"footnotes":""},"class_list":["post-167","page","type-page","status-publish","hentry"],"yoast_head":"<!-- This site is optimized with the Yoast SEO plugin v27.1.1 - https:\/\/yoast.com\/product\/yoast-seo-wordpress\/ -->\n<title>Carbonpfeil - Magazin - Bogensport Beier<\/title>\n<meta name=\"robots\" content=\"index, follow, max-snippet:-1, max-image-preview:large, max-video-preview:-1\" \/>\n<link rel=\"canonical\" href=\"https:\/\/www.bogensport-beier.de\/magazin\/carbonpfeil\/\" \/>\n<meta property=\"og:locale\" content=\"de_DE\" \/>\n<meta property=\"og:type\" content=\"article\" \/>\n<meta property=\"og:title\" content=\"Carbonpfeil - Magazin - Bogensport Beier\" \/>\n<meta property=\"og:url\" content=\"https:\/\/www.bogensport-beier.de\/magazin\/carbonpfeil\/\" \/>\n<meta property=\"og:site_name\" content=\"Magazin - Bogensport Beier\" \/>\n<meta property=\"article:modified_time\" content=\"2023-05-16T07:29:26+00:00\" \/>\n<meta name=\"twitter:card\" content=\"summary_large_image\" \/>\n<meta name=\"twitter:label1\" content=\"Gesch\u00e4tzte Lesezeit\" \/>\n\t<meta name=\"twitter:data1\" content=\"7\u00a0Minuten\" \/>\n<script type=\"application\/ld+json\" class=\"yoast-schema-graph\">{\"@context\":\"https:\/\/schema.org\",\"@graph\":[{\"@type\":\"WebPage\",\"@id\":\"https:\/\/www.bogensport-beier.de\/magazin\/carbonpfeil\/\",\"url\":\"https:\/\/www.bogensport-beier.de\/magazin\/carbonpfeil\/\",\"name\":\"Carbonpfeil - Magazin - Bogensport Beier\",\"isPartOf\":{\"@id\":\"https:\/\/www.bogensport-beier.de\/magazin\/#website\"},\"datePublished\":\"2021-09-01T07:50:05+00:00\",\"dateModified\":\"2023-05-16T07:29:26+00:00\",\"breadcrumb\":{\"@id\":\"https:\/\/www.bogensport-beier.de\/magazin\/carbonpfeil\/#breadcrumb\"},\"inLanguage\":\"de\",\"potentialAction\":[{\"@type\":\"ReadAction\",\"target\":[\"https:\/\/www.bogensport-beier.de\/magazin\/carbonpfeil\/\"]}]},{\"@type\":\"BreadcrumbList\",\"@id\":\"https:\/\/www.bogensport-beier.de\/magazin\/carbonpfeil\/#breadcrumb\",\"itemListElement\":[{\"@type\":\"ListItem\",\"position\":1,\"name\":\"Startseite\",\"item\":\"https:\/\/www.bogensport-beier.de\/magazin\/\"},{\"@type\":\"ListItem\",\"position\":2,\"name\":\"Carbonpfeil\"}]},{\"@type\":\"WebSite\",\"@id\":\"https:\/\/www.bogensport-beier.de\/magazin\/#website\",\"url\":\"https:\/\/www.bogensport-beier.de\/magazin\/\",\"name\":\"Magazin - Bogensport Beier\",\"description\":\"Alles rund um den Bogensport\",\"potentialAction\":[{\"@type\":\"SearchAction\",\"target\":{\"@type\":\"EntryPoint\",\"urlTemplate\":\"https:\/\/www.bogensport-beier.de\/magazin\/?s={search_term_string}\"},\"query-input\":{\"@type\":\"PropertyValueSpecification\",\"valueRequired\":true,\"valueName\":\"search_term_string\"}}],\"inLanguage\":\"de\"}]}<\/script>\n<!-- \/ Yoast SEO plugin. -->","yoast_head_json":{"title":"Carbonpfeil - Magazin - Bogensport Beier","robots":{"index":"index","follow":"follow","max-snippet":"max-snippet:-1","max-image-preview":"max-image-preview:large","max-video-preview":"max-video-preview:-1"},"canonical":"https:\/\/www.bogensport-beier.de\/magazin\/carbonpfeil\/","og_locale":"de_DE","og_type":"article","og_title":"Carbonpfeil - Magazin - Bogensport Beier","og_url":"https:\/\/www.bogensport-beier.de\/magazin\/carbonpfeil\/","og_site_name":"Magazin - Bogensport Beier","article_modified_time":"2023-05-16T07:29:26+00:00","twitter_card":"summary_large_image","twitter_misc":{"Gesch\u00e4tzte Lesezeit":"7\u00a0Minuten"},"schema":{"@context":"https:\/\/schema.org","@graph":[{"@type":"WebPage","@id":"https:\/\/www.bogensport-beier.de\/magazin\/carbonpfeil\/","url":"https:\/\/www.bogensport-beier.de\/magazin\/carbonpfeil\/","name":"Carbonpfeil - Magazin - Bogensport Beier","isPartOf":{"@id":"https:\/\/www.bogensport-beier.de\/magazin\/#website"},"datePublished":"2021-09-01T07:50:05+00:00","dateModified":"2023-05-16T07:29:26+00:00","breadcrumb":{"@id":"https:\/\/www.bogensport-beier.de\/magazin\/carbonpfeil\/#breadcrumb"},"inLanguage":"de","potentialAction":[{"@type":"ReadAction","target":["https:\/\/www.bogensport-beier.de\/magazin\/carbonpfeil\/"]}]},{"@type":"BreadcrumbList","@id":"https:\/\/www.bogensport-beier.de\/magazin\/carbonpfeil\/#breadcrumb","itemListElement":[{"@type":"ListItem","position":1,"name":"Startseite","item":"https:\/\/www.bogensport-beier.de\/magazin\/"},{"@type":"ListItem","position":2,"name":"Carbonpfeil"}]},{"@type":"WebSite","@id":"https:\/\/www.bogensport-beier.de\/magazin\/#website","url":"https:\/\/www.bogensport-beier.de\/magazin\/","name":"Magazin - Bogensport Beier","description":"Alles rund um den Bogensport","potentialAction":[{"@type":"SearchAction","target":{"@type":"EntryPoint","urlTemplate":"https:\/\/www.bogensport-beier.de\/magazin\/?s={search_term_string}"},"query-input":{"@type":"PropertyValueSpecification","valueRequired":true,"valueName":"search_term_string"}}],"inLanguage":"de"}]}},"_links":{"self":[{"href":"https:\/\/www.bogensport-beier.de\/magazin\/wp-json\/wp\/v2\/pages\/167","targetHints":{"allow":["GET"]}}],"collection":[{"href":"https:\/\/www.bogensport-beier.de\/magazin\/wp-json\/wp\/v2\/pages"}],"about":[{"href":"https:\/\/www.bogensport-beier.de\/magazin\/wp-json\/wp\/v2\/types\/page"}],"author":[{"embeddable":true,"href":"https:\/\/www.bogensport-beier.de\/magazin\/wp-json\/wp\/v2\/users\/1"}],"replies":[{"embeddable":true,"href":"https:\/\/www.bogensport-beier.de\/magazin\/wp-json\/wp\/v2\/comments?post=167"}],"version-history":[{"count":8,"href":"https:\/\/www.bogensport-beier.de\/magazin\/wp-json\/wp\/v2\/pages\/167\/revisions"}],"predecessor-version":[{"id":524,"href":"https:\/\/www.bogensport-beier.de\/magazin\/wp-json\/wp\/v2\/pages\/167\/revisions\/524"}],"wp:attachment":[{"href":"https:\/\/www.bogensport-beier.de\/magazin\/wp-json\/wp\/v2\/media?parent=167"}],"curies":[{"name":"wp","href":"https:\/\/api.w.org\/{rel}","templated":true}]}}