{"id":165,"date":"2021-09-01T09:49:47","date_gmt":"2021-09-01T07:49:47","guid":{"rendered":"https:\/\/www.bogensport-beier.de\/magazin\/neu\/?page_id=165"},"modified":"2024-09-05T09:12:20","modified_gmt":"2024-09-05T07:12:20","slug":"holzpfeilschaefte","status":"publish","type":"page","link":"https:\/\/www.bogensport-beier.de\/magazin\/holzpfeilschaefte\/","title":{"rendered":"Holzpfeilsch\u00e4fte"},"content":{"rendered":"<div  class='flex_column av-kfgt-a84bc98d2d2784684211f5014189729c av_one_full  avia-builder-el-0  el_before_av_one_full  avia-builder-el-first  first flex_column_div  '     ><style type=\"text\/css\" data-created_by=\"avia_inline_auto\" id=\"style-css-av-ktljjyia-4bf5dcb4853f3dcd68c36778b8f32f15\">\n#top .av-special-heading.av-ktljjyia-4bf5dcb4853f3dcd68c36778b8f32f15{\npadding-bottom:10px;\n}\nbody .av-special-heading.av-ktljjyia-4bf5dcb4853f3dcd68c36778b8f32f15 .av-special-heading-tag .heading-char{\nfont-size:25px;\n}\n.av-special-heading.av-ktljjyia-4bf5dcb4853f3dcd68c36778b8f32f15 .av-subheading{\nfont-size:25px;\n}\n<\/style>\n<div  class='av-special-heading av-ktljjyia-4bf5dcb4853f3dcd68c36778b8f32f15 av-special-heading-h1 blockquote modern-quote  avia-builder-el-1  avia-builder-el-no-sibling '><h1 class='av-special-heading-tag '  itemprop=\"headline\"  >Holzpfeilsch\u00e4fte<\/h1><div class='av-subheading av-subheading_below'><p>Unsere Pfeilsch\u00e4fte aus europ\u00e4ischem Holz in h\u00f6chster Qualit\u00e4t<\/p>\n<\/div><div class=\"special-heading-border\"><div class=\"special-heading-inner-border\"><\/div><\/div><\/div><\/div>\n<div  class='flex_column av-2ihud-0bd2a79ef8f9be6290b00787afc17e5d av_one_full  avia-builder-el-2  el_after_av_one_full  el_before_av_one_full  first flex_column_div  column-top-margin'     ><section  class='av_textblock_section av-k9fdx-9bb65b6ca7e35669d265221715274e40 '   itemscope=\"itemscope\" itemtype=\"https:\/\/schema.org\/CreativeWork\" ><div class='avia_textblock'  itemprop=\"text\" ><p><a href=\"https:\/\/www.bogensport-beier.de\/media\/pdf\/b3\/2b\/e7\/bogensport-beier-spinewertetabelle-holzschaefte.pdf\">Hier k\u00f6nnt Ihr die Spinewerttabelle f\u00fcr Holzsch\u00e4fte downloaden!<\/a><\/p>\n<\/div><\/section><\/div>\n<div  class='flex_column av-1g83rp-0ccc97af3c90a34248ed55f68a3998f9 av_one_full  avia-builder-el-4  el_after_av_one_full  el_before_av_one_full  first flex_column_div  column-top-margin'     ><style type=\"text\/css\" data-created_by=\"avia_inline_auto\" id=\"style-css-av-ktljozyn-9b06785a224bcd1e6c627531898482fb\">\n.avia-image-container.av-ktljozyn-9b06785a224bcd1e6c627531898482fb img.avia_image{\nbox-shadow:none;\n}\n.avia-image-container.av-ktljozyn-9b06785a224bcd1e6c627531898482fb .av-image-caption-overlay-center{\ncolor:#ffffff;\n}\n<\/style>\n<div  class='avia-image-container av-ktljozyn-9b06785a224bcd1e6c627531898482fb av-styling- avia-align-center  avia-builder-el-5  avia-builder-el-no-sibling '   itemprop=\"image\" itemscope=\"itemscope\" itemtype=\"https:\/\/schema.org\/ImageObject\" ><div class=\"avia-image-container-inner\"><div class=\"avia-image-overlay-wrap\"><img decoding=\"async\" fetchpriority=\"high\" class='wp-image-1360 avia-img-lazy-loading-not-1360 avia_image ' src=\"https:\/\/www.bogensport-beier.de\/magazin\/wp-content\/uploads\/2023\/08\/Holzpfeilschaefte.jpg\" alt='' title='Holzpfeilsch\u00e4fte'  height=\"600\" width=\"466\"  itemprop=\"thumbnailUrl\" srcset=\"https:\/\/www.bogensport-beier.de\/magazin\/wp-content\/uploads\/2023\/08\/Holzpfeilschaefte.jpg 466w, https:\/\/www.bogensport-beier.de\/magazin\/wp-content\/uploads\/2023\/08\/Holzpfeilschaefte-233x300.jpg 233w\" sizes=\"(max-width: 466px) 100vw, 466px\" \/><\/div><\/div><\/div><\/div>\n<div  class='flex_column av-1ah7gt-f0f5d659a11f8458122e49d37d667921 av_one_full  avia-builder-el-6  el_after_av_one_full  el_before_av_one_full  first flex_column_div  column-top-margin'     ><section  class='av_textblock_section av-ktljmbor-6379645038daa22ca45cfddd056a55f4 '   itemscope=\"itemscope\" itemtype=\"https:\/\/schema.org\/CreativeWork\" ><div class='avia_textblock'  itemprop=\"text\" ><p><em><strong>Holzpfeil Sch\u00e4fte<\/strong> <\/em>aus europ\u00e4ischer <em><strong>Fichte<\/strong> <\/em>oder <em><strong>Tanne<\/strong> <\/em>sind eine echte Alternative zur <em><strong>Zeder<\/strong><\/em>. <em>Fichte<\/em> geh\u00f6rt zu den besten Pfeilmaterialien f\u00fcr den traditionellen Bogensport. Fichten- und Tannenholzsch\u00e4fte gew\u00e4hrleisten einen stabilen Pfeilflug bei geringem Gewicht und hohe Flugstabilit\u00e4t.<\/p>\n<p>Wir haben uns entschieden, nur noch europ\u00e4ische Fichte aus Deutschen Mittellagen anzubieten. Wir sind nicht nur von der Qualit\u00e4t dieses Pfeilmaterials \u00fcberzeugt \u2013 nein, es ist auch eine \u00f6kologische Entscheidung. Wir verzichten Mutter Natur zuliebe auf lange Transportwege. Warum soll man Sch\u00e4fte erst um die halbe Welt fliegen, wenn es einen hervorragenden Pfeilschaft in unseren oder unseren Nachbarlanden gibt? Die <em>Fichte<\/em> als einheimische Holzart wartet nicht nur mit besten Flugeigenschaften, sondern auch mit einem hervorragenden Preis-Leistungs-Verh\u00e4ltnis auf.<\/p>\n<p>Die europ\u00e4ische Fichte aus deutschen Mittelgebirge und den Alpen liefert erstklassiges Material f\u00fcr <em>Holzpfeil Sch\u00e4fte<\/em>. Dar\u00fcber hinaus ist sie durchschnittlich 10% leichter als <em>Zeder<\/em>nholz, dabei aber au\u00dfergew\u00f6hnlich haltbar und stabil. Neben hervorragenden Flugeigenschaften sind Sch\u00e4fte aus europ\u00e4ischer Berg<em>fichte<\/em> auch preislich eine echte Alternative zu den <em>Zeder<\/em>nholzsch\u00e4ften aus USA!<\/p>\n<p>Unsere Sch\u00e4fte bei Bogensport Beier sind qualitativ hochwertige <em>Holzpfeil Sch\u00e4fte<\/em> aus <em>Fichten<\/em>\u2013 bzw. Fichtenholz aus den Alpen und deutschen Mittelgebirge. Diese H\u00f6lzer werden unter Ber\u00fccksichtigung der Mondphasen und zum Teil unter schwierigen Bedingungen im Winter geschlagen.<\/p>\n<p>Wir sind \u00fcberzeugt, dass wir mit unseren Pfeilsch\u00e4ften eine hervorragende Alternative zum <em>Zeder<\/em>nholz anbieten k\u00f6nnen. Alle unsere <em>Holzpfeil <\/em>Sch\u00e4fte werden sorgf\u00e4ltig kontrolliert und von Hand gespined.<\/p>\n<\/div><\/section><\/div>\n<div  class='flex_column av-111jud-bfc709d0f537490ee239f69336f2984c av_one_full  avia-builder-el-8  el_after_av_one_full  el_before_av_one_full  first flex_column_div  column-top-margin'     ><style type=\"text\/css\" data-created_by=\"avia_inline_auto\" id=\"style-css-av-wgeml-20b93cf443320bb2655ecb7b9a502fea\">\n.avia-image-container.av-wgeml-20b93cf443320bb2655ecb7b9a502fea img.avia_image{\nbox-shadow:none;\n}\n.avia-image-container.av-wgeml-20b93cf443320bb2655ecb7b9a502fea .av-image-caption-overlay-center{\ncolor:#ffffff;\n}\n<\/style>\n<div  class='avia-image-container av-wgeml-20b93cf443320bb2655ecb7b9a502fea av-styling- avia-align-center  avia-builder-el-9  avia-builder-el-no-sibling '   itemprop=\"image\" itemscope=\"itemscope\" itemtype=\"https:\/\/schema.org\/ImageObject\" ><div class=\"avia-image-container-inner\"><div class=\"avia-image-overlay-wrap\"><img decoding=\"async\" fetchpriority=\"high\" class='wp-image-1361 avia-img-lazy-loading-not-1361 avia_image ' src=\"https:\/\/www.bogensport-beier.de\/magazin\/wp-content\/uploads\/2023\/08\/Holzpfeilschaefte-2.jpg\" alt='' title='Holzpfeilsch\u00e4fte-2'  height=\"209\" width=\"900\"  itemprop=\"thumbnailUrl\" srcset=\"https:\/\/www.bogensport-beier.de\/magazin\/wp-content\/uploads\/2023\/08\/Holzpfeilschaefte-2.jpg 900w, https:\/\/www.bogensport-beier.de\/magazin\/wp-content\/uploads\/2023\/08\/Holzpfeilschaefte-2-300x70.jpg 300w, https:\/\/www.bogensport-beier.de\/magazin\/wp-content\/uploads\/2023\/08\/Holzpfeilschaefte-2-768x178.jpg 768w, https:\/\/www.bogensport-beier.de\/magazin\/wp-content\/uploads\/2023\/08\/Holzpfeilschaefte-2-705x164.jpg 705w\" sizes=\"(max-width: 900px) 100vw, 900px\" \/><\/div><\/div><\/div><\/div>\n<div  class='flex_column av-esqd9-63ec431b90f438741bc5666f16671bdc av_one_full  avia-builder-el-10  el_after_av_one_full  avia-builder-el-last  first flex_column_div  column-top-margin'     ><div  class='avia-button-wrap av-b0xh9-50e4abc7f4cf456982316d061fea712a-wrap avia-button-center  avia-builder-el-11  avia-builder-el-no-sibling '><a href='https:\/\/www.bogensport-beier.de\/pfeile\/pfeilschaefte\/pfeilschaefte-holz\/' class='avia-button av-b0xh9-50e4abc7f4cf456982316d061fea712a av-link-btn avia-icon_select-yes-right-icon avia-size-large avia-position-center avia-color-theme-color' target=\"_blank\" rel=\"noopener noreferrer\" aria-label=\"zu unseren Holzsch\u00e4ften im Shop\"><span class='avia_iconbox_title' >zu unseren Holzsch\u00e4ften im Shop<\/span><span class='avia_button_icon avia_button_icon_right' aria-hidden='true' data-av_icon='\ue889' data-av_iconfont='entypo-fontello'><\/span><\/a><\/div><\/div>\n","protected":false},"excerpt":{"rendered":"","protected":false},"author":1,"featured_media":0,"parent":0,"menu_order":0,"comment_status":"closed","ping_status":"closed","template":"","meta":{"footnotes":""},"class_list":["post-165","page","type-page","status-publish","hentry"],"yoast_head":"<!-- This site is optimized with the Yoast SEO plugin v27.1.1 - https:\/\/yoast.com\/product\/yoast-seo-wordpress\/ -->\n<title>Holzpfeilsch\u00e4fte - Magazin - Bogensport Beier<\/title>\n<meta name=\"robots\" content=\"index, follow, max-snippet:-1, max-image-preview:large, max-video-preview:-1\" \/>\n<link rel=\"canonical\" href=\"https:\/\/www.bogensport-beier.de\/magazin\/holzpfeilschaefte\/\" \/>\n<meta property=\"og:locale\" content=\"de_DE\" \/>\n<meta property=\"og:type\" content=\"article\" \/>\n<meta property=\"og:title\" content=\"Holzpfeilsch\u00e4fte - Magazin - Bogensport Beier\" \/>\n<meta property=\"og:url\" content=\"https:\/\/www.bogensport-beier.de\/magazin\/holzpfeilschaefte\/\" \/>\n<meta property=\"og:site_name\" content=\"Magazin - Bogensport Beier\" \/>\n<meta property=\"article:modified_time\" content=\"2024-09-05T07:12:20+00:00\" \/>\n<meta name=\"twitter:card\" content=\"summary_large_image\" \/>\n<meta name=\"twitter:label1\" content=\"Gesch\u00e4tzte Lesezeit\" \/>\n\t<meta name=\"twitter:data1\" content=\"5\u00a0Minuten\" \/>\n<script type=\"application\/ld+json\" class=\"yoast-schema-graph\">{\"@context\":\"https:\/\/schema.org\",\"@graph\":[{\"@type\":\"WebPage\",\"@id\":\"https:\/\/www.bogensport-beier.de\/magazin\/holzpfeilschaefte\/\",\"url\":\"https:\/\/www.bogensport-beier.de\/magazin\/holzpfeilschaefte\/\",\"name\":\"Holzpfeilsch\u00e4fte - Magazin - Bogensport Beier\",\"isPartOf\":{\"@id\":\"https:\/\/www.bogensport-beier.de\/magazin\/#website\"},\"datePublished\":\"2021-09-01T07:49:47+00:00\",\"dateModified\":\"2024-09-05T07:12:20+00:00\",\"breadcrumb\":{\"@id\":\"https:\/\/www.bogensport-beier.de\/magazin\/holzpfeilschaefte\/#breadcrumb\"},\"inLanguage\":\"de\",\"potentialAction\":[{\"@type\":\"ReadAction\",\"target\":[\"https:\/\/www.bogensport-beier.de\/magazin\/holzpfeilschaefte\/\"]}]},{\"@type\":\"BreadcrumbList\",\"@id\":\"https:\/\/www.bogensport-beier.de\/magazin\/holzpfeilschaefte\/#breadcrumb\",\"itemListElement\":[{\"@type\":\"ListItem\",\"position\":1,\"name\":\"Startseite\",\"item\":\"https:\/\/www.bogensport-beier.de\/magazin\/\"},{\"@type\":\"ListItem\",\"position\":2,\"name\":\"Holzpfeilsch\u00e4fte\"}]},{\"@type\":\"WebSite\",\"@id\":\"https:\/\/www.bogensport-beier.de\/magazin\/#website\",\"url\":\"https:\/\/www.bogensport-beier.de\/magazin\/\",\"name\":\"Magazin - Bogensport Beier\",\"description\":\"Alles rund um den Bogensport\",\"potentialAction\":[{\"@type\":\"SearchAction\",\"target\":{\"@type\":\"EntryPoint\",\"urlTemplate\":\"https:\/\/www.bogensport-beier.de\/magazin\/?s={search_term_string}\"},\"query-input\":{\"@type\":\"PropertyValueSpecification\",\"valueRequired\":true,\"valueName\":\"search_term_string\"}}],\"inLanguage\":\"de\"}]}<\/script>\n<!-- \/ Yoast SEO plugin. -->","yoast_head_json":{"title":"Holzpfeilsch\u00e4fte - Magazin - Bogensport Beier","robots":{"index":"index","follow":"follow","max-snippet":"max-snippet:-1","max-image-preview":"max-image-preview:large","max-video-preview":"max-video-preview:-1"},"canonical":"https:\/\/www.bogensport-beier.de\/magazin\/holzpfeilschaefte\/","og_locale":"de_DE","og_type":"article","og_title":"Holzpfeilsch\u00e4fte - Magazin - Bogensport Beier","og_url":"https:\/\/www.bogensport-beier.de\/magazin\/holzpfeilschaefte\/","og_site_name":"Magazin - Bogensport Beier","article_modified_time":"2024-09-05T07:12:20+00:00","twitter_card":"summary_large_image","twitter_misc":{"Gesch\u00e4tzte Lesezeit":"5\u00a0Minuten"},"schema":{"@context":"https:\/\/schema.org","@graph":[{"@type":"WebPage","@id":"https:\/\/www.bogensport-beier.de\/magazin\/holzpfeilschaefte\/","url":"https:\/\/www.bogensport-beier.de\/magazin\/holzpfeilschaefte\/","name":"Holzpfeilsch\u00e4fte - Magazin - Bogensport Beier","isPartOf":{"@id":"https:\/\/www.bogensport-beier.de\/magazin\/#website"},"datePublished":"2021-09-01T07:49:47+00:00","dateModified":"2024-09-05T07:12:20+00:00","breadcrumb":{"@id":"https:\/\/www.bogensport-beier.de\/magazin\/holzpfeilschaefte\/#breadcrumb"},"inLanguage":"de","potentialAction":[{"@type":"ReadAction","target":["https:\/\/www.bogensport-beier.de\/magazin\/holzpfeilschaefte\/"]}]},{"@type":"BreadcrumbList","@id":"https:\/\/www.bogensport-beier.de\/magazin\/holzpfeilschaefte\/#breadcrumb","itemListElement":[{"@type":"ListItem","position":1,"name":"Startseite","item":"https:\/\/www.bogensport-beier.de\/magazin\/"},{"@type":"ListItem","position":2,"name":"Holzpfeilsch\u00e4fte"}]},{"@type":"WebSite","@id":"https:\/\/www.bogensport-beier.de\/magazin\/#website","url":"https:\/\/www.bogensport-beier.de\/magazin\/","name":"Magazin - Bogensport Beier","description":"Alles rund um den Bogensport","potentialAction":[{"@type":"SearchAction","target":{"@type":"EntryPoint","urlTemplate":"https:\/\/www.bogensport-beier.de\/magazin\/?s={search_term_string}"},"query-input":{"@type":"PropertyValueSpecification","valueRequired":true,"valueName":"search_term_string"}}],"inLanguage":"de"}]}},"_links":{"self":[{"href":"https:\/\/www.bogensport-beier.de\/magazin\/wp-json\/wp\/v2\/pages\/165","targetHints":{"allow":["GET"]}}],"collection":[{"href":"https:\/\/www.bogensport-beier.de\/magazin\/wp-json\/wp\/v2\/pages"}],"about":[{"href":"https:\/\/www.bogensport-beier.de\/magazin\/wp-json\/wp\/v2\/types\/page"}],"author":[{"embeddable":true,"href":"https:\/\/www.bogensport-beier.de\/magazin\/wp-json\/wp\/v2\/users\/1"}],"replies":[{"embeddable":true,"href":"https:\/\/www.bogensport-beier.de\/magazin\/wp-json\/wp\/v2\/comments?post=165"}],"version-history":[{"count":14,"href":"https:\/\/www.bogensport-beier.de\/magazin\/wp-json\/wp\/v2\/pages\/165\/revisions"}],"predecessor-version":[{"id":1567,"href":"https:\/\/www.bogensport-beier.de\/magazin\/wp-json\/wp\/v2\/pages\/165\/revisions\/1567"}],"wp:attachment":[{"href":"https:\/\/www.bogensport-beier.de\/magazin\/wp-json\/wp\/v2\/media?parent=165"}],"curies":[{"name":"wp","href":"https:\/\/api.w.org\/{rel}","templated":true}]}}