{"id":1486,"date":"2024-01-10T09:13:45","date_gmt":"2024-01-10T08:13:45","guid":{"rendered":"https:\/\/www.bogensport-beier.de\/magazin\/?page_id=1486"},"modified":"2024-09-03T14:46:39","modified_gmt":"2024-09-03T12:46:39","slug":"rattanboegen-pflege","status":"publish","type":"page","link":"https:\/\/www.bogensport-beier.de\/magazin\/rattanboegen-pflege\/","title":{"rendered":"Rattanb\u00f6gen Pflege"},"content":{"rendered":"<div  class='flex_column av-1zcp3c-265075c9c50d1cfdfd2cc6835cb1d9e2 av_one_full  avia-builder-el-0  el_before_av_one_full  avia-builder-el-first  first flex_column_div  '     ><p>\n<style type=\"text\/css\" data-created_by=\"avia_inline_auto\" id=\"style-css-av-ktlbzq5z-1927547428a50024ed105c4b78359d0a\">\n#top .av-special-heading.av-ktlbzq5z-1927547428a50024ed105c4b78359d0a{\npadding-bottom:10px;\n}\nbody .av-special-heading.av-ktlbzq5z-1927547428a50024ed105c4b78359d0a .av-special-heading-tag .heading-char{\nfont-size:25px;\n}\n.av-special-heading.av-ktlbzq5z-1927547428a50024ed105c4b78359d0a .av-subheading{\nfont-size:25px;\n}\n<\/style>\n<div  class='av-special-heading av-ktlbzq5z-1927547428a50024ed105c4b78359d0a av-special-heading-h1 blockquote modern-quote  avia-builder-el-1  el_before_av_heading  avia-builder-el-first '><h1 class='av-special-heading-tag '  itemprop=\"headline\"  >Rattanb\u00f6gen &#8211; Pflege<\/h1><div class=\"special-heading-border\"><div class=\"special-heading-inner-border\"><\/div><\/div><\/div><br \/>\n\n<style type=\"text\/css\" data-created_by=\"avia_inline_auto\" id=\"style-css-av-ktlc0goa-8e77e04165d98d4db77b95ad91293360\">\n#top .av-special-heading.av-ktlc0goa-8e77e04165d98d4db77b95ad91293360{\npadding-bottom:10px;\n}\nbody .av-special-heading.av-ktlc0goa-8e77e04165d98d4db77b95ad91293360 .av-special-heading-tag .heading-char{\nfont-size:25px;\n}\n.av-special-heading.av-ktlc0goa-8e77e04165d98d4db77b95ad91293360 .av-subheading{\nfont-size:18px;\n}\n<\/style>\n<div  class='av-special-heading av-ktlc0goa-8e77e04165d98d4db77b95ad91293360 av-special-heading-h2 blockquote modern-quote  avia-builder-el-2  el_after_av_heading  el_before_av_textblock '><h2 class='av-special-heading-tag '  itemprop=\"headline\"  >Pflegeanleitung f\u00fcr Rattanb\u00f6gen \/ Strongbows<\/h2><div class=\"special-heading-border\"><div class=\"special-heading-inner-border\"><\/div><\/div><\/div><br \/>\n<section  class='av_textblock_section av-lr7hwg19-0aba97f5658012596af7d02f91fdc031 '   itemscope=\"itemscope\" itemtype=\"https:\/\/schema.org\/CreativeWork\" ><div class='avia_textblock'  itemprop=\"text\" ><p>Damit Du m\u00f6glichst lange Freude an Deinem neuen <em>Rattanbogen<\/em> hast, haben wir Dir einige Tipps zusammengestellt, die Deinen Bogen sch\u00fctzen und pflegen. Wenn Du diese grunds\u00e4tzlich befolgst, k\u00f6nnt ihr zusammen alt werden.<\/p>\n<\/div><\/section><\/p><\/div>\n<div  class='flex_column av-6djzk-e51b9ea8fc43af3207f6b3e7775bfb0c av_one_full  avia-builder-el-4  el_after_av_one_full  el_before_av_one_full  first flex_column_div  column-top-margin'     ><style type=\"text\/css\" data-created_by=\"avia_inline_auto\" id=\"style-css-av-1mkvuo-b5fb892dbd210e4dc34a951f2ade1e3b\">\n.avia-image-container.av-1mkvuo-b5fb892dbd210e4dc34a951f2ade1e3b img.avia_image{\nbox-shadow:none;\n}\n.avia-image-container.av-1mkvuo-b5fb892dbd210e4dc34a951f2ade1e3b .av-image-caption-overlay-center{\ncolor:#ffffff;\n}\n<\/style>\n<div  class='avia-image-container av-1mkvuo-b5fb892dbd210e4dc34a951f2ade1e3b av-styling- avia-align-center  avia-builder-el-5  avia-builder-el-no-sibling '   itemprop=\"image\" itemscope=\"itemscope\" itemtype=\"https:\/\/schema.org\/ImageObject\" ><div class=\"avia-image-container-inner\"><div class=\"avia-image-overlay-wrap\"><img decoding=\"async\" fetchpriority=\"high\" class='wp-image-1490 avia-img-lazy-loading-not-1490 avia_image ' src=\"https:\/\/www.bogensport-beier.de\/magazin\/wp-content\/uploads\/2024\/01\/rattanboegen-pflegeanleitung-bogensport-beier-300x300.jpg\" alt='' title='rattanboegen-pflegeanleitung-bogensport-beier'  height=\"300\" width=\"300\"  itemprop=\"thumbnailUrl\" srcset=\"https:\/\/www.bogensport-beier.de\/magazin\/wp-content\/uploads\/2024\/01\/rattanboegen-pflegeanleitung-bogensport-beier-300x300.jpg 300w, https:\/\/www.bogensport-beier.de\/magazin\/wp-content\/uploads\/2024\/01\/rattanboegen-pflegeanleitung-bogensport-beier-1030x1030.jpg 1030w, https:\/\/www.bogensport-beier.de\/magazin\/wp-content\/uploads\/2024\/01\/rattanboegen-pflegeanleitung-bogensport-beier-80x80.jpg 80w, https:\/\/www.bogensport-beier.de\/magazin\/wp-content\/uploads\/2024\/01\/rattanboegen-pflegeanleitung-bogensport-beier-768x768.jpg 768w, https:\/\/www.bogensport-beier.de\/magazin\/wp-content\/uploads\/2024\/01\/rattanboegen-pflegeanleitung-bogensport-beier-1536x1536.jpg 1536w, https:\/\/www.bogensport-beier.de\/magazin\/wp-content\/uploads\/2024\/01\/rattanboegen-pflegeanleitung-bogensport-beier-2048x2048.jpg 2048w, https:\/\/www.bogensport-beier.de\/magazin\/wp-content\/uploads\/2024\/01\/rattanboegen-pflegeanleitung-bogensport-beier-36x36.jpg 36w, https:\/\/www.bogensport-beier.de\/magazin\/wp-content\/uploads\/2024\/01\/rattanboegen-pflegeanleitung-bogensport-beier-180x180.jpg 180w, https:\/\/www.bogensport-beier.de\/magazin\/wp-content\/uploads\/2024\/01\/rattanboegen-pflegeanleitung-bogensport-beier-1500x1500.jpg 1500w, https:\/\/www.bogensport-beier.de\/magazin\/wp-content\/uploads\/2024\/01\/rattanboegen-pflegeanleitung-bogensport-beier-705x705.jpg 705w\" sizes=\"(max-width: 300px) 100vw, 300px\" \/><\/div><\/div><\/div><\/div>\n<div  class='flex_column av-iv40-442767d85837a54c5252849b81bd5dfa av_one_full  avia-builder-el-6  el_after_av_one_full  el_before_av_one_full  first flex_column_div  column-top-margin'     ><section  class='av_textblock_section av-lr7iittf-506282c42f3fde3bd040d0a86efed3e5 '   itemscope=\"itemscope\" itemtype=\"https:\/\/schema.org\/CreativeWork\" ><div class='avia_textblock'  itemprop=\"text\" ><h3><strong>TIPP 1<\/strong><\/h3>\n<p>Bogen nach jeder Benutzung entspannen.<\/p>\n<p><em>Rattan<\/em> ist ein Naturprodukt, welches sehr gute Eigenschaften aufweist, um einen <em>Bogen<\/em> daraus zu fertigen. Gerade weil dieses Produkt aus der Natur stammt, besitzt es Eigenschaften, die wir als Sch\u00fctzen mit einkalkulieren m\u00fcssen, damit wir lange Freude an unserem Bogen haben.<\/p>\n<p>Wenn ein <em>Rattanbogen<\/em> l\u00e4ngere Zeit aufgespannt war, kannst Du beobachten, dass er nicht mehr vollst\u00e4ndig in die Ursprungsform zur\u00fcckkehrt. Dieses Ph\u00e4nomen bezeichnet man als \u201eStringfollow\u201c. Um diesem entgegenzuwirken reicht es normalerweise den Bogen nach jedem Gebrauch abzuspannen und leicht zur\u00fcckzubiegen.<\/p>\n<\/div><\/section><br \/>\n\n<style type=\"text\/css\" data-created_by=\"avia_inline_auto\" id=\"style-css-av-lr7i2awl-4dc68fbb8e5dbce46e3a2987a7ff040b\">\n#top #wrap_all .iconbox.av-lr7i2awl-4dc68fbb8e5dbce46e3a2987a7ff040b .iconbox_content_title{\nfont-size:18px;\n}\n.iconbox.av-lr7i2awl-4dc68fbb8e5dbce46e3a2987a7ff040b .iconbox_content_container{\nfont-size:16px;\n}\n<\/style>\n<article  class='iconbox iconbox_left av-lr7i2awl-4dc68fbb8e5dbce46e3a2987a7ff040b  avia-builder-el-8  el_after_av_textblock  el_before_av_textblock '  itemscope=\"itemscope\" itemtype=\"https:\/\/schema.org\/CreativeWork\" ><div class=\"iconbox_content\"><header class=\"entry-content-header\" aria-label=\"Icon: Stringfollow\"><div class=\"iconbox_icon heading-color\" aria-hidden='true' data-av_icon='\ue81f' data-av_iconfont='entypo-fontello'><\/div><h3 class='iconbox_content_title '  itemprop=\"headline\" >Stringfollow<\/h3><\/header><div class='iconbox_content_container '  itemprop=\"text\" ><p>Der Bogen bleibt auch abgespannt in der aufgespannten Form und kehrt nicht mehr in die Ursprungsform zur\u00fcck.<\/p>\n<\/div><\/div><footer class=\"entry-footer\"><\/footer><\/article><br \/>\n<section  class='av_textblock_section av-lr7i3e4i-5c3e94dfe6e1e1cc3cd213f1c8d23cb5 '   itemscope=\"itemscope\" itemtype=\"https:\/\/schema.org\/CreativeWork\" ><div class='avia_textblock'  itemprop=\"text\" ><h3><strong>TIPP 2<\/strong><\/h3>\n<p>Bogen Stringfollow? Das hilft\u2026<\/p>\n<p>Um Deinen <em>Rattanbogen<\/em> wieder in Form zu bringen kannst Du folgendes unternehmen. Rattan besitzt ein \u201eGed\u00e4chtnis\u201c welches durch Kontakt mit Feuchtigkeit aktiviert wird.<\/p>\n<p>Stelle den <em>Rattanbogen<\/em> hierzu in eine Umgebung mit hoher Luftfeuchtigkeit. Das Material wird sich wieder in die Ursprungsform begeben und Du kannst wieder schie\u00dfen wie am ersten Tag.<\/p>\n<\/div><\/section><br \/>\n<article  class='iconbox iconbox_left av-lr7i3n1b-4cf170616b19c70961bba67e9ed7d384  avia-builder-el-10  el_after_av_textblock  el_before_av_textblock '  itemscope=\"itemscope\" itemtype=\"https:\/\/schema.org\/CreativeWork\" ><div class=\"iconbox_content\"><header class=\"entry-content-header\" aria-label=\"Icon: Rattan mag Feuchtigkeit\"><div class=\"iconbox_icon heading-color\" aria-hidden='true' data-av_icon='\ue81f' data-av_iconfont='entypo-fontello'><\/div><h3 class='iconbox_content_title '  itemprop=\"headline\" >Rattan mag Feuchtigkeit<\/h3><\/header><div class='iconbox_content_container '  itemprop=\"text\" ><\/div><\/div><footer class=\"entry-footer\"><\/footer><\/article><br \/>\n<section  class='av_textblock_section av-lr7i575y-6058c9dbe9a4cff91e461d93a12cff78 '   itemscope=\"itemscope\" itemtype=\"https:\/\/schema.org\/CreativeWork\" ><div class='avia_textblock'  itemprop=\"text\" ><h3><strong>TIPP 3<\/strong><\/h3>\n<p>Deinem <em>Rattanbogen<\/em> stehen die Fasern zu Berge?<\/p>\n<p>Wenn Dein <em>Rattanbogen<\/em> rau und faserig geworden ist, kannst du auch hier den Tipp mit der Feuchtigkeit anwenden. Schleife Deinen <em>Rattanbogen<\/em>, noch in \u201efeuchtem\u201c Zustand mit einem feink\u00f6rnigen Schleifpapier. So kannst du leicht alle Unregelm\u00e4\u00dfigkeiten entfernen und das Rattan gleichzeitig pflegen. Anschlie\u00dfend behandelst Du ihn mit Lack, \u00d6l oder Wachs.<\/p>\n<\/div><\/section><br \/>\n<section  class='av_textblock_section av-lr7i5fkp-47ce9f5f43de238fe78787945848a36a '   itemscope=\"itemscope\" itemtype=\"https:\/\/schema.org\/CreativeWork\" ><div class='avia_textblock'  itemprop=\"text\" ><h3><strong>TIPP 4<\/strong><\/h3>\n<p>Lagere Deinen <em>Rattanbogen<\/em> nicht zu warm.<\/p>\n<p>Lege ihn niemals auf einen Heizk\u00f6rper oder Ofen. Wenn ein <em>Rattanbogen<\/em> austrocknet, bricht er.<\/p>\n<\/div><\/section><\/p><\/div>\n<div  class='flex_column av-gvx4o-013626148572b7865483cd2107b20af8 av_one_full  avia-builder-el-13  el_after_av_one_full  avia-builder-el-last  first flex_column_div  column-top-margin'     ><div  class='avia-button-wrap av-8sjxk-3e02b3bbf1f99c97ce6a1f02e5f9dca8-wrap avia-button-center  avia-builder-el-14  avia-builder-el-no-sibling '><a href='https:\/\/www.bogensport-beier.de\/boegen-sets\/rattanboegen\/' class='avia-button av-8sjxk-3e02b3bbf1f99c97ce6a1f02e5f9dca8 av-link-btn avia-icon_select-yes-right-icon avia-size-large avia-position-center avia-color-theme-color' target=\"_blank\" rel=\"noopener noreferrer\" aria-label=\"zu unseren Strongbows im Shop\"><span class='avia_iconbox_title' >zu unseren Strongbows im Shop<\/span><span class='avia_button_icon avia_button_icon_right' aria-hidden='true' data-av_icon='\ue889' data-av_iconfont='entypo-fontello'><\/span><\/a><\/div><\/div>\n","protected":false},"excerpt":{"rendered":"","protected":false},"author":1,"featured_media":0,"parent":0,"menu_order":0,"comment_status":"closed","ping_status":"closed","template":"","meta":{"footnotes":""},"class_list":["post-1486","page","type-page","status-publish","hentry"],"yoast_head":"<!-- This site is optimized with the Yoast SEO plugin v27.1.1 - https:\/\/yoast.com\/product\/yoast-seo-wordpress\/ -->\n<title>Rattanb\u00f6gen Pflege - Magazin - Bogensport Beier<\/title>\n<meta name=\"description\" content=\"Wir Dir einige Tipps zusammengestellt, die Deinen Bogen sch\u00fctzen und pflegen. Wenn Du diese befolgst, k\u00f6nnt ihr zusammen alt werden.\" \/>\n<meta name=\"robots\" content=\"index, follow, max-snippet:-1, max-image-preview:large, max-video-preview:-1\" \/>\n<link rel=\"canonical\" href=\"https:\/\/www.bogensport-beier.de\/magazin\/rattanboegen-pflege\/\" \/>\n<meta property=\"og:locale\" content=\"de_DE\" \/>\n<meta property=\"og:type\" content=\"article\" \/>\n<meta property=\"og:title\" content=\"Rattanb\u00f6gen Pflege - Magazin - Bogensport Beier\" \/>\n<meta property=\"og:description\" content=\"Wir Dir einige Tipps zusammengestellt, die Deinen Bogen sch\u00fctzen und pflegen. Wenn Du diese befolgst, k\u00f6nnt ihr zusammen alt werden.\" \/>\n<meta property=\"og:url\" content=\"https:\/\/www.bogensport-beier.de\/magazin\/rattanboegen-pflege\/\" \/>\n<meta property=\"og:site_name\" content=\"Magazin - Bogensport Beier\" \/>\n<meta property=\"article:modified_time\" content=\"2024-09-03T12:46:39+00:00\" \/>\n<meta name=\"twitter:card\" content=\"summary_large_image\" \/>\n<meta name=\"twitter:label1\" content=\"Gesch\u00e4tzte Lesezeit\" \/>\n\t<meta name=\"twitter:data1\" content=\"5\u00a0Minuten\" \/>\n<script type=\"application\/ld+json\" class=\"yoast-schema-graph\">{\"@context\":\"https:\/\/schema.org\",\"@graph\":[{\"@type\":\"WebPage\",\"@id\":\"https:\/\/www.bogensport-beier.de\/magazin\/rattanboegen-pflege\/\",\"url\":\"https:\/\/www.bogensport-beier.de\/magazin\/rattanboegen-pflege\/\",\"name\":\"Rattanb\u00f6gen Pflege - Magazin - Bogensport Beier\",\"isPartOf\":{\"@id\":\"https:\/\/www.bogensport-beier.de\/magazin\/#website\"},\"datePublished\":\"2024-01-10T08:13:45+00:00\",\"dateModified\":\"2024-09-03T12:46:39+00:00\",\"description\":\"Wir Dir einige Tipps zusammengestellt, die Deinen Bogen sch\u00fctzen und pflegen. Wenn Du diese befolgst, k\u00f6nnt ihr zusammen alt werden.\",\"breadcrumb\":{\"@id\":\"https:\/\/www.bogensport-beier.de\/magazin\/rattanboegen-pflege\/#breadcrumb\"},\"inLanguage\":\"de\",\"potentialAction\":[{\"@type\":\"ReadAction\",\"target\":[\"https:\/\/www.bogensport-beier.de\/magazin\/rattanboegen-pflege\/\"]}]},{\"@type\":\"BreadcrumbList\",\"@id\":\"https:\/\/www.bogensport-beier.de\/magazin\/rattanboegen-pflege\/#breadcrumb\",\"itemListElement\":[{\"@type\":\"ListItem\",\"position\":1,\"name\":\"Startseite\",\"item\":\"https:\/\/www.bogensport-beier.de\/magazin\/\"},{\"@type\":\"ListItem\",\"position\":2,\"name\":\"Rattanb\u00f6gen Pflege\"}]},{\"@type\":\"WebSite\",\"@id\":\"https:\/\/www.bogensport-beier.de\/magazin\/#website\",\"url\":\"https:\/\/www.bogensport-beier.de\/magazin\/\",\"name\":\"Magazin - Bogensport Beier\",\"description\":\"Alles rund um den Bogensport\",\"potentialAction\":[{\"@type\":\"SearchAction\",\"target\":{\"@type\":\"EntryPoint\",\"urlTemplate\":\"https:\/\/www.bogensport-beier.de\/magazin\/?s={search_term_string}\"},\"query-input\":{\"@type\":\"PropertyValueSpecification\",\"valueRequired\":true,\"valueName\":\"search_term_string\"}}],\"inLanguage\":\"de\"}]}<\/script>\n<!-- \/ Yoast SEO plugin. -->","yoast_head_json":{"title":"Rattanb\u00f6gen Pflege - Magazin - Bogensport Beier","description":"Wir Dir einige Tipps zusammengestellt, die Deinen Bogen sch\u00fctzen und pflegen. Wenn Du diese befolgst, k\u00f6nnt ihr zusammen alt werden.","robots":{"index":"index","follow":"follow","max-snippet":"max-snippet:-1","max-image-preview":"max-image-preview:large","max-video-preview":"max-video-preview:-1"},"canonical":"https:\/\/www.bogensport-beier.de\/magazin\/rattanboegen-pflege\/","og_locale":"de_DE","og_type":"article","og_title":"Rattanb\u00f6gen Pflege - Magazin - Bogensport Beier","og_description":"Wir Dir einige Tipps zusammengestellt, die Deinen Bogen sch\u00fctzen und pflegen. Wenn Du diese befolgst, k\u00f6nnt ihr zusammen alt werden.","og_url":"https:\/\/www.bogensport-beier.de\/magazin\/rattanboegen-pflege\/","og_site_name":"Magazin - Bogensport Beier","article_modified_time":"2024-09-03T12:46:39+00:00","twitter_card":"summary_large_image","twitter_misc":{"Gesch\u00e4tzte Lesezeit":"5\u00a0Minuten"},"schema":{"@context":"https:\/\/schema.org","@graph":[{"@type":"WebPage","@id":"https:\/\/www.bogensport-beier.de\/magazin\/rattanboegen-pflege\/","url":"https:\/\/www.bogensport-beier.de\/magazin\/rattanboegen-pflege\/","name":"Rattanb\u00f6gen Pflege - Magazin - Bogensport Beier","isPartOf":{"@id":"https:\/\/www.bogensport-beier.de\/magazin\/#website"},"datePublished":"2024-01-10T08:13:45+00:00","dateModified":"2024-09-03T12:46:39+00:00","description":"Wir Dir einige Tipps zusammengestellt, die Deinen Bogen sch\u00fctzen und pflegen. Wenn Du diese befolgst, k\u00f6nnt ihr zusammen alt werden.","breadcrumb":{"@id":"https:\/\/www.bogensport-beier.de\/magazin\/rattanboegen-pflege\/#breadcrumb"},"inLanguage":"de","potentialAction":[{"@type":"ReadAction","target":["https:\/\/www.bogensport-beier.de\/magazin\/rattanboegen-pflege\/"]}]},{"@type":"BreadcrumbList","@id":"https:\/\/www.bogensport-beier.de\/magazin\/rattanboegen-pflege\/#breadcrumb","itemListElement":[{"@type":"ListItem","position":1,"name":"Startseite","item":"https:\/\/www.bogensport-beier.de\/magazin\/"},{"@type":"ListItem","position":2,"name":"Rattanb\u00f6gen Pflege"}]},{"@type":"WebSite","@id":"https:\/\/www.bogensport-beier.de\/magazin\/#website","url":"https:\/\/www.bogensport-beier.de\/magazin\/","name":"Magazin - Bogensport Beier","description":"Alles rund um den Bogensport","potentialAction":[{"@type":"SearchAction","target":{"@type":"EntryPoint","urlTemplate":"https:\/\/www.bogensport-beier.de\/magazin\/?s={search_term_string}"},"query-input":{"@type":"PropertyValueSpecification","valueRequired":true,"valueName":"search_term_string"}}],"inLanguage":"de"}]}},"_links":{"self":[{"href":"https:\/\/www.bogensport-beier.de\/magazin\/wp-json\/wp\/v2\/pages\/1486","targetHints":{"allow":["GET"]}}],"collection":[{"href":"https:\/\/www.bogensport-beier.de\/magazin\/wp-json\/wp\/v2\/pages"}],"about":[{"href":"https:\/\/www.bogensport-beier.de\/magazin\/wp-json\/wp\/v2\/types\/page"}],"author":[{"embeddable":true,"href":"https:\/\/www.bogensport-beier.de\/magazin\/wp-json\/wp\/v2\/users\/1"}],"replies":[{"embeddable":true,"href":"https:\/\/www.bogensport-beier.de\/magazin\/wp-json\/wp\/v2\/comments?post=1486"}],"version-history":[{"count":8,"href":"https:\/\/www.bogensport-beier.de\/magazin\/wp-json\/wp\/v2\/pages\/1486\/revisions"}],"predecessor-version":[{"id":1538,"href":"https:\/\/www.bogensport-beier.de\/magazin\/wp-json\/wp\/v2\/pages\/1486\/revisions\/1538"}],"wp:attachment":[{"href":"https:\/\/www.bogensport-beier.de\/magazin\/wp-json\/wp\/v2\/media?parent=1486"}],"curies":[{"name":"wp","href":"https:\/\/api.w.org\/{rel}","templated":true}]}}