{"id":1301,"date":"2023-08-14T15:19:32","date_gmt":"2023-08-14T13:19:32","guid":{"rendered":"https:\/\/www.bogensport-beier.de\/magazin\/?page_id=1301"},"modified":"2023-08-15T12:51:48","modified_gmt":"2023-08-15T10:51:48","slug":"kinderpfeil","status":"publish","type":"page","link":"https:\/\/www.bogensport-beier.de\/magazin\/kinderpfeil\/","title":{"rendered":"Kinderpfeil"},"content":{"rendered":"\n<style type=\"text\/css\" data-created_by=\"avia_inline_auto\" id=\"style-css-av-llax959h-8e3aa887494b647ccf39c718ecc56fd4\">\n#top .av-special-heading.av-llax959h-8e3aa887494b647ccf39c718ecc56fd4{\npadding-bottom:10px;\n}\nbody .av-special-heading.av-llax959h-8e3aa887494b647ccf39c718ecc56fd4 .av-special-heading-tag .heading-char{\nfont-size:25px;\n}\n.av-special-heading.av-llax959h-8e3aa887494b647ccf39c718ecc56fd4 .av-subheading{\nfont-size:15px;\n}\n<\/style>\n<div  class='av-special-heading av-llax959h-8e3aa887494b647ccf39c718ecc56fd4 av-special-heading-h2  avia-builder-el-0  el_before_av_image  avia-builder-el-first '><h2 class='av-special-heading-tag '  itemprop=\"headline\"  >Kinderpfeil<\/h2><div class=\"special-heading-border\"><div class=\"special-heading-inner-border\"><\/div><\/div><\/div>\n\n<style type=\"text\/css\" data-created_by=\"avia_inline_auto\" id=\"style-css-av-llc6kst2-5012ddb8ae7c3133c9ef605db46be4fc\">\n.avia-image-container.av-llc6kst2-5012ddb8ae7c3133c9ef605db46be4fc img.avia_image{\nbox-shadow:none;\n}\n.avia-image-container.av-llc6kst2-5012ddb8ae7c3133c9ef605db46be4fc .av-image-caption-overlay-center{\ncolor:#ffffff;\n}\n<\/style>\n<div  class='avia-image-container av-llc6kst2-5012ddb8ae7c3133c9ef605db46be4fc av-styling- avia-align-center  avia-builder-el-1  el_after_av_heading  el_before_av_textblock '   itemprop=\"image\" itemscope=\"itemscope\" itemtype=\"https:\/\/schema.org\/ImageObject\" ><div class=\"avia-image-container-inner\"><div class=\"avia-image-overlay-wrap\"><img decoding=\"async\" fetchpriority=\"high\" class='wp-image-1339 avia-img-lazy-loading-not-1339 avia_image ' src=\"https:\/\/www.bogensport-beier.de\/magazin\/wp-content\/uploads\/2023\/08\/Kinderpfeil-Holzpfeile-Bogenschiessen-1030x687.jpg\" alt='' title='Kinderpfeil-Holzpfeile-Bogenschie\u00dfen'  height=\"687\" width=\"1030\"  itemprop=\"thumbnailUrl\" srcset=\"https:\/\/www.bogensport-beier.de\/magazin\/wp-content\/uploads\/2023\/08\/Kinderpfeil-Holzpfeile-Bogenschiessen-1030x687.jpg 1030w, https:\/\/www.bogensport-beier.de\/magazin\/wp-content\/uploads\/2023\/08\/Kinderpfeil-Holzpfeile-Bogenschiessen-300x200.jpg 300w, https:\/\/www.bogensport-beier.de\/magazin\/wp-content\/uploads\/2023\/08\/Kinderpfeil-Holzpfeile-Bogenschiessen-768x512.jpg 768w, https:\/\/www.bogensport-beier.de\/magazin\/wp-content\/uploads\/2023\/08\/Kinderpfeil-Holzpfeile-Bogenschiessen-705x470.jpg 705w, https:\/\/www.bogensport-beier.de\/magazin\/wp-content\/uploads\/2023\/08\/Kinderpfeil-Holzpfeile-Bogenschiessen.jpg 1200w\" sizes=\"(max-width: 1030px) 100vw, 1030px\" \/><\/div><\/div><\/div>\n<section  class='av_textblock_section av-llaxalo9-43f234c91bd218beb19693eab0cf153d '   itemscope=\"itemscope\" itemtype=\"https:\/\/schema.org\/CreativeWork\" ><div class='avia_textblock'  itemprop=\"text\" ><p>Auf der Suche nach dem perfekten <strong><em>Bogenschie\u00df<\/em><\/strong> Erlebnis f\u00fcr Kinder sind <strong><em>Holzpfeile<\/em><\/strong> eine hervorragende Wahl. Sie bieten nicht nur eine sichere und unterhaltsame M\u00f6glichkeit, das <em>Bogenschie\u00dfen<\/em> zu erlernen, sondern verk\u00f6rpern auch die Tradition und Nat\u00fcrlichkeit dieses faszinierenden Sports. <strong><em>Kinderpfeile<\/em><\/strong> aus Holz sind speziell f\u00fcr junge Bogensch\u00fctzen entwickelt und bieten eine optimale Kombination aus Leistung, Sicherheit und \u00c4sthetik.<\/p>\n<p><em>Kinderpfeile<\/em> aus Holz sind in verschiedenen Ausf\u00fchrungen erh\u00e4ltlich und k\u00f6nnen an die individuellen Bed\u00fcrfnisse und F\u00e4higkeiten der jungen Bogensch\u00fctzen angepasst werden. Sie sind in der Regel k\u00fcrzer und leichter als Pfeile f\u00fcr Erwachsene und sind auf geringere Zugkraft der Kinderb\u00f6gen angepasst, um den Kindern ein angenehmes und kontrolliertes Schie\u00dfen zu erm\u00f6glichen. Die Kinderpfeile <a href=\"https:\/\/www.bogensport-beier.de\/search?sSearch=motega\" target=\"_blank\" rel=\"noopener\">Motega <\/a>sind aus hochwertigem Holz gefertigt und bieten eine stabile Flugbahn sowie eine hohe Pr\u00e4zision.<\/p>\n<p>Die Sicherheit steht bei <em>Kinderpfeilen<\/em> aus Holz an erster Stelle. Sie sind mit speziellen Blechpessspitzen ausgestattet, die abgerundet sind, die zwar eine gute Durchdringung erm\u00f6glichen, aber gleichzeitig Verletzungen minimieren. Dar\u00fcber hinaus sind die Pfeile robust und langlebig, um den Anforderungen des aktiven Spiels standzuhalten.<\/p>\n<p>Das <em>Bogenschie\u00dfen<\/em> bietet Kindern eine Vielzahl von Vorteilen. Es f\u00f6rdert die k\u00f6rperliche Koordination, die Konzentration und die Ausdauer. Es hilft auch dabei, das Selbstvertrauen und die Selbstbeherrschung zu st\u00e4rken. Durch das <em>Bogenschie\u00dfen<\/em> lernen Kinder, ihre Ziele zu setzen und hart zu arbeiten, um sie zu erreichen. Es ist eine Aktivit\u00e4t, die Spa\u00df macht und gleichzeitig Disziplin und Geduld f\u00f6rdert.<\/p>\n<p>Um das <em>Bogenschie\u00dfen<\/em> f\u00fcr Kinder noch spannender zu gestalten, k\u00f6nnen die <em>Holzpfeile<\/em> mit verschiedenen Farben und Mustern verziert werden. Dies macht das Schie\u00dfen zu einem kreativen und individuellen Erlebnis. Kinder k\u00f6nnen ihre eigenen <em>Holzpfeile<\/em> gestalten und somit ihre Pers\u00f6nlichkeit und Kreativit\u00e4t zum Ausdruck bringen.<\/p>\n<p>Wenn du auf der Suche nach hochwertigen <em>Kinderpfeilen<\/em> aus Holz bist, solltest du dich an einen renommierten Anbieter wie Bogensport Beier wenden. Sie bieten eine breite Auswahl an <em>Kinderpfeilen<\/em>, die speziell f\u00fcr junge Bogensch\u00fctzen entwickelt wurden. Ihre Pfeile zeichnen sich durch hohe Qualit\u00e4t, Sicherheit und Leistung aus. Bogensport Beier bietet auch eine Vielzahl von Zubeh\u00f6r f\u00fcr das <em>Bogenschie\u00dfen<\/em>, um das Erlebnis noch weiter zu verbessern.<\/p>\n<p>Das <em>Bogenschie\u00dfen<\/em> ist eine faszinierende und lohnende Aktivit\u00e4t f\u00fcr Kinder. Mit hochwertigen <em>Holzpfeilen<\/em> k\u00f6nnen sie nicht nur ihre F\u00e4higkeiten verbessern, sondern auch die Freude an diesem traditionellen Sport entdecken. Besuche den Online-Shop von Bogensport Beier, um die verschiedenen <em>Kinderpfeile<\/em> aus Holz zu entdecken und den perfekten <em>Holzpfeil<\/em> f\u00fcr dein Kind zu finden. Lass sie die Freude und den Stolz erleben, wenn sie ihre Ziele mit ihren eigenen <em>Kinderpfeilen<\/em> aus Holz treffen.<\/p>\n<\/div><\/section>\n","protected":false},"excerpt":{"rendered":"","protected":false},"author":1,"featured_media":0,"parent":0,"menu_order":0,"comment_status":"closed","ping_status":"closed","template":"","meta":{"footnotes":""},"class_list":["post-1301","page","type-page","status-publish","hentry"],"yoast_head":"<!-- This site is optimized with the Yoast SEO plugin v27.1.1 - https:\/\/yoast.com\/product\/yoast-seo-wordpress\/ -->\n<title>Kinderpfeil - Magazin - Bogensport Beier<\/title>\n<meta name=\"robots\" content=\"index, follow, max-snippet:-1, max-image-preview:large, max-video-preview:-1\" \/>\n<link rel=\"canonical\" href=\"https:\/\/www.bogensport-beier.de\/magazin\/kinderpfeil\/\" \/>\n<meta property=\"og:locale\" content=\"de_DE\" \/>\n<meta property=\"og:type\" content=\"article\" \/>\n<meta property=\"og:title\" content=\"Kinderpfeil - Magazin - Bogensport Beier\" \/>\n<meta property=\"og:url\" content=\"https:\/\/www.bogensport-beier.de\/magazin\/kinderpfeil\/\" \/>\n<meta property=\"og:site_name\" content=\"Magazin - Bogensport Beier\" \/>\n<meta property=\"article:modified_time\" content=\"2023-08-15T10:51:48+00:00\" \/>\n<meta name=\"twitter:card\" content=\"summary_large_image\" \/>\n<meta name=\"twitter:label1\" content=\"Gesch\u00e4tzte Lesezeit\" \/>\n\t<meta name=\"twitter:data1\" content=\"3\u00a0Minuten\" \/>\n<script type=\"application\/ld+json\" class=\"yoast-schema-graph\">{\"@context\":\"https:\/\/schema.org\",\"@graph\":[{\"@type\":\"WebPage\",\"@id\":\"https:\/\/www.bogensport-beier.de\/magazin\/kinderpfeil\/\",\"url\":\"https:\/\/www.bogensport-beier.de\/magazin\/kinderpfeil\/\",\"name\":\"Kinderpfeil - Magazin - Bogensport Beier\",\"isPartOf\":{\"@id\":\"https:\/\/www.bogensport-beier.de\/magazin\/#website\"},\"datePublished\":\"2023-08-14T13:19:32+00:00\",\"dateModified\":\"2023-08-15T10:51:48+00:00\",\"breadcrumb\":{\"@id\":\"https:\/\/www.bogensport-beier.de\/magazin\/kinderpfeil\/#breadcrumb\"},\"inLanguage\":\"de\",\"potentialAction\":[{\"@type\":\"ReadAction\",\"target\":[\"https:\/\/www.bogensport-beier.de\/magazin\/kinderpfeil\/\"]}]},{\"@type\":\"BreadcrumbList\",\"@id\":\"https:\/\/www.bogensport-beier.de\/magazin\/kinderpfeil\/#breadcrumb\",\"itemListElement\":[{\"@type\":\"ListItem\",\"position\":1,\"name\":\"Startseite\",\"item\":\"https:\/\/www.bogensport-beier.de\/magazin\/\"},{\"@type\":\"ListItem\",\"position\":2,\"name\":\"Kinderpfeil\"}]},{\"@type\":\"WebSite\",\"@id\":\"https:\/\/www.bogensport-beier.de\/magazin\/#website\",\"url\":\"https:\/\/www.bogensport-beier.de\/magazin\/\",\"name\":\"Magazin - Bogensport Beier\",\"description\":\"Alles rund um den Bogensport\",\"potentialAction\":[{\"@type\":\"SearchAction\",\"target\":{\"@type\":\"EntryPoint\",\"urlTemplate\":\"https:\/\/www.bogensport-beier.de\/magazin\/?s={search_term_string}\"},\"query-input\":{\"@type\":\"PropertyValueSpecification\",\"valueRequired\":true,\"valueName\":\"search_term_string\"}}],\"inLanguage\":\"de\"}]}<\/script>\n<!-- \/ Yoast SEO plugin. -->","yoast_head_json":{"title":"Kinderpfeil - Magazin - Bogensport Beier","robots":{"index":"index","follow":"follow","max-snippet":"max-snippet:-1","max-image-preview":"max-image-preview:large","max-video-preview":"max-video-preview:-1"},"canonical":"https:\/\/www.bogensport-beier.de\/magazin\/kinderpfeil\/","og_locale":"de_DE","og_type":"article","og_title":"Kinderpfeil - Magazin - Bogensport Beier","og_url":"https:\/\/www.bogensport-beier.de\/magazin\/kinderpfeil\/","og_site_name":"Magazin - Bogensport Beier","article_modified_time":"2023-08-15T10:51:48+00:00","twitter_card":"summary_large_image","twitter_misc":{"Gesch\u00e4tzte Lesezeit":"3\u00a0Minuten"},"schema":{"@context":"https:\/\/schema.org","@graph":[{"@type":"WebPage","@id":"https:\/\/www.bogensport-beier.de\/magazin\/kinderpfeil\/","url":"https:\/\/www.bogensport-beier.de\/magazin\/kinderpfeil\/","name":"Kinderpfeil - Magazin - Bogensport Beier","isPartOf":{"@id":"https:\/\/www.bogensport-beier.de\/magazin\/#website"},"datePublished":"2023-08-14T13:19:32+00:00","dateModified":"2023-08-15T10:51:48+00:00","breadcrumb":{"@id":"https:\/\/www.bogensport-beier.de\/magazin\/kinderpfeil\/#breadcrumb"},"inLanguage":"de","potentialAction":[{"@type":"ReadAction","target":["https:\/\/www.bogensport-beier.de\/magazin\/kinderpfeil\/"]}]},{"@type":"BreadcrumbList","@id":"https:\/\/www.bogensport-beier.de\/magazin\/kinderpfeil\/#breadcrumb","itemListElement":[{"@type":"ListItem","position":1,"name":"Startseite","item":"https:\/\/www.bogensport-beier.de\/magazin\/"},{"@type":"ListItem","position":2,"name":"Kinderpfeil"}]},{"@type":"WebSite","@id":"https:\/\/www.bogensport-beier.de\/magazin\/#website","url":"https:\/\/www.bogensport-beier.de\/magazin\/","name":"Magazin - Bogensport Beier","description":"Alles rund um den Bogensport","potentialAction":[{"@type":"SearchAction","target":{"@type":"EntryPoint","urlTemplate":"https:\/\/www.bogensport-beier.de\/magazin\/?s={search_term_string}"},"query-input":{"@type":"PropertyValueSpecification","valueRequired":true,"valueName":"search_term_string"}}],"inLanguage":"de"}]}},"_links":{"self":[{"href":"https:\/\/www.bogensport-beier.de\/magazin\/wp-json\/wp\/v2\/pages\/1301","targetHints":{"allow":["GET"]}}],"collection":[{"href":"https:\/\/www.bogensport-beier.de\/magazin\/wp-json\/wp\/v2\/pages"}],"about":[{"href":"https:\/\/www.bogensport-beier.de\/magazin\/wp-json\/wp\/v2\/types\/page"}],"author":[{"embeddable":true,"href":"https:\/\/www.bogensport-beier.de\/magazin\/wp-json\/wp\/v2\/users\/1"}],"replies":[{"embeddable":true,"href":"https:\/\/www.bogensport-beier.de\/magazin\/wp-json\/wp\/v2\/comments?post=1301"}],"version-history":[{"count":7,"href":"https:\/\/www.bogensport-beier.de\/magazin\/wp-json\/wp\/v2\/pages\/1301\/revisions"}],"predecessor-version":[{"id":1337,"href":"https:\/\/www.bogensport-beier.de\/magazin\/wp-json\/wp\/v2\/pages\/1301\/revisions\/1337"}],"wp:attachment":[{"href":"https:\/\/www.bogensport-beier.de\/magazin\/wp-json\/wp\/v2\/media?parent=1301"}],"curies":[{"name":"wp","href":"https:\/\/api.w.org\/{rel}","templated":true}]}}