{"id":122,"date":"2021-08-31T15:54:57","date_gmt":"2021-08-31T13:54:57","guid":{"rendered":"https:\/\/www.bogensport-beier.de\/magazin\/neu\/?page_id=122"},"modified":"2024-09-03T13:12:59","modified_gmt":"2024-09-03T11:12:59","slug":"recurve","status":"publish","type":"page","link":"https:\/\/www.bogensport-beier.de\/magazin\/recurve\/","title":{"rendered":"Recurve"},"content":{"rendered":"<div  class='flex_column av-1n6hu-87184ea9ecb7767816c96654b79d34c6 av_one_full  avia-builder-el-0  el_before_av_one_full  avia-builder-el-first  first flex_column_div  '     ><style type=\"text\/css\" data-created_by=\"avia_inline_auto\" id=\"style-css-av-ktjweukq-d4a663cdb81e665106c6cd18fb212179\">\n#top .av-special-heading.av-ktjweukq-d4a663cdb81e665106c6cd18fb212179{\npadding-bottom:10px;\n}\nbody .av-special-heading.av-ktjweukq-d4a663cdb81e665106c6cd18fb212179 .av-special-heading-tag .heading-char{\nfont-size:25px;\n}\n.av-special-heading.av-ktjweukq-d4a663cdb81e665106c6cd18fb212179 .av-subheading{\nfont-size:15px;\n}\n<\/style>\n<div  class='av-special-heading av-ktjweukq-d4a663cdb81e665106c6cd18fb212179 av-special-heading-h2 blockquote modern-quote  avia-builder-el-1  avia-builder-el-no-sibling '><h2 class='av-special-heading-tag '  itemprop=\"headline\"  >Die Verbindung von Kraft und Komfort<\/h2><div class=\"special-heading-border\"><div class=\"special-heading-inner-border\"><\/div><\/div><\/div><\/div>\n<div  class='flex_column av-bjc96-693ff14c03d6ba0af5beaad4d055682c av_one_full  avia-builder-el-2  el_after_av_one_full  el_before_av_one_full  first flex_column_div  column-top-margin'     ><section  class='av_textblock_section av-ktjwfj8f-03affd4adfcf1a283816bcf8548f2b38 '   itemscope=\"itemscope\" itemtype=\"https:\/\/schema.org\/CreativeWork\" ><div class='avia_textblock'  itemprop=\"text\" ><p><em><strong>Recurveb\u00f6gen<\/strong> <\/em>sind keine Erfindung des 20. Jahrhunderts, wie oft angenommen wird. Die \u00e4ltesten Abbildungen dieser Bogenart mit den charakteristisch gebogenen Wurfarmen werden auf das 7. Jahrtausend vor Christus datiert. Die typische <em><strong>Recurve<\/strong><\/em>form ist auch bei den Reiterb\u00f6gen zu finden, die die Hunnen, Perser oder T\u00fcrken bereits lange vor unserer Zeitrechnung in Perfektion beherrschten.<\/p>\n<p>Der <em>Recurvebogen<\/em> hat die Besonderheit, dass seine kurzen, nach vorne gebogenen Wurfarme mehr Energie speichern k\u00f6nnen als die langen und geraden Wurfarme der Langb\u00f6gen. Die Sehne liegt beim <em>Recurvebogen<\/em> \u2013 anders als beim Langbogen \u2013 auf den Enden der Wurfarme auf. Beim Abschuss des Bogens wird durch die Streckung der Sehne ein Teil der Schwingungen vom Bogen absorbiert, daher weisen <em>Recurveb\u00f6gen<\/em> weniger Handschock als Langb\u00f6gen auf. Der <em>Recurvebogen<\/em> kann auch weiter ausgezogen werden und bietet einen hohen Schusskomfort.<\/p>\n<\/div><\/section><\/div>\n<div  class='flex_column av-11kpu-bf343b1ea2473424766c6fef60adc585 av_one_full  avia-builder-el-4  el_after_av_one_full  el_before_av_one_full  first flex_column_div  column-top-margin'     ><style type=\"text\/css\" data-created_by=\"avia_inline_auto\" id=\"style-css-av-ktjwkcaj-83c1670e88dfcba281f28696c8a3d2ac\">\n.avia-image-container.av-ktjwkcaj-83c1670e88dfcba281f28696c8a3d2ac img.avia_image{\nbox-shadow:none;\n}\n.avia-image-container.av-ktjwkcaj-83c1670e88dfcba281f28696c8a3d2ac .av-image-caption-overlay-center{\ncolor:#ffffff;\n}\n<\/style>\n<div  class='avia-image-container av-ktjwkcaj-83c1670e88dfcba281f28696c8a3d2ac av-styling- avia-align-center  avia-builder-el-5  avia-builder-el-no-sibling  av-has-copyright av-copyright-always'   itemprop=\"image\" itemscope=\"itemscope\" itemtype=\"https:\/\/schema.org\/ImageObject\" ><div class=\"avia-image-container-inner\"><div class=\"avia-image-overlay-wrap\"><img decoding=\"async\" fetchpriority=\"high\" class='wp-image-376 avia-img-lazy-loading-not-376 avia_image ' src=\"https:\/\/www.bogensport-beier.de\/magazin\/wp-content\/uploads\/2021\/09\/recurve-bogen-bogensport-beier-archeress.jpg\" alt='' title='recurve-bogen-bogensport-beier-archeress'  height=\"600\" width=\"900\"  itemprop=\"thumbnailUrl\" srcset=\"https:\/\/www.bogensport-beier.de\/magazin\/wp-content\/uploads\/2021\/09\/recurve-bogen-bogensport-beier-archeress.jpg 900w, https:\/\/www.bogensport-beier.de\/magazin\/wp-content\/uploads\/2021\/09\/recurve-bogen-bogensport-beier-archeress-300x200.jpg 300w, https:\/\/www.bogensport-beier.de\/magazin\/wp-content\/uploads\/2021\/09\/recurve-bogen-bogensport-beier-archeress-768x512.jpg 768w, https:\/\/www.bogensport-beier.de\/magazin\/wp-content\/uploads\/2021\/09\/recurve-bogen-bogensport-beier-archeress-705x470.jpg 705w\" sizes=\"(max-width: 900px) 100vw, 900px\" \/><\/div><small class=\"avia-copyright\">Bild: Bogensport Beier<\/small><\/div><\/div><\/div>\n<div  class='flex_column av-bdcz6-bd6375ae1382b550172dd93d26ac7c5b av_one_full  avia-builder-el-6  el_after_av_one_full  el_before_av_one_full  first flex_column_div  column-top-margin'     ><section  class='av_textblock_section av-ktjy1k32-5c3ef45adf09cf05942ba7dbce5c0af5 '   itemscope=\"itemscope\" itemtype=\"https:\/\/schema.org\/CreativeWork\" ><div class='avia_textblock'  itemprop=\"text\" ><p>Neben unserem AKAI, einem leistungsstarken <em>Recurve<\/em> aus Rattan, bieten wir mit unseren\u00a0 FAB4 vier Modelle in der Form von <em><strong>Take-Down-Recurves<\/strong><\/em>. Diese haben den gro\u00dfen Vorteil, dass man sie auseinander bauen kann, um sie leichter zu transportieren oder zu lagern. Weiterhin k\u00f6nnen die Wurfarme ausgetauscht werden, wenn das Zuggewicht des Bogens ge\u00e4ndert werden soll. Durch das breite Zuggewichts-Spektrum findet hier jeder Bogensch\u00fctze den passenden Bogen.<\/p>\n<\/div><\/section><\/div>\n<div  class='flex_column av-8cv42-47f4ad6cbd3d014bde5c43ef33f85e3f av_one_full  avia-builder-el-8  el_after_av_one_full  avia-builder-el-last  first flex_column_div  column-top-margin'     ><div  class='avia-button-wrap av-ktjy7uus-6eb97304cab8c1e9254418a475322167-wrap avia-button-center  avia-builder-el-9  avia-builder-el-no-sibling '><a href='https:\/\/www.bogensport-beier.de\/boegen-sets\/recurvebogen-einteilig\/' class='avia-button av-ktjy7uus-6eb97304cab8c1e9254418a475322167 av-link-btn avia-icon_select-yes-right-icon avia-size-large avia-position-center avia-color-theme-color' target=\"_blank\" rel=\"noopener noreferrer\" aria-label=\"zu unseren Recurve-B\u00f6gen im Shop\"><span class='avia_iconbox_title' >zu unseren Recurve-B\u00f6gen im Shop<\/span><span class='avia_button_icon avia_button_icon_right' aria-hidden='true' data-av_icon='\ue889' data-av_iconfont='entypo-fontello'><\/span><\/a><\/div><\/div>\n","protected":false},"excerpt":{"rendered":"","protected":false},"author":1,"featured_media":0,"parent":0,"menu_order":0,"comment_status":"closed","ping_status":"closed","template":"","meta":{"footnotes":""},"class_list":["post-122","page","type-page","status-publish","hentry"],"yoast_head":"<!-- This site is optimized with the Yoast SEO plugin v27.5 - https:\/\/yoast.com\/product\/yoast-seo-wordpress\/ -->\n<title>Recurve - Magazin - Bogensport Beier<\/title>\n<meta name=\"robots\" content=\"index, follow, max-snippet:-1, max-image-preview:large, max-video-preview:-1\" \/>\n<link rel=\"canonical\" href=\"https:\/\/www.bogensport-beier.de\/magazin\/recurve\/\" \/>\n<meta property=\"og:locale\" content=\"de_DE\" \/>\n<meta property=\"og:type\" content=\"article\" \/>\n<meta property=\"og:title\" content=\"Recurve - Magazin - Bogensport Beier\" \/>\n<meta property=\"og:url\" content=\"https:\/\/www.bogensport-beier.de\/magazin\/recurve\/\" \/>\n<meta property=\"og:site_name\" content=\"Magazin - Bogensport Beier\" \/>\n<meta property=\"article:modified_time\" content=\"2024-09-03T11:12:59+00:00\" \/>\n<meta name=\"twitter:card\" content=\"summary_large_image\" \/>\n<meta name=\"twitter:label1\" content=\"Gesch\u00e4tzte Lesezeit\" \/>\n\t<meta name=\"twitter:data1\" content=\"4\u00a0Minuten\" \/>\n<script type=\"application\/ld+json\" class=\"yoast-schema-graph\">{\"@context\":\"https:\\\/\\\/schema.org\",\"@graph\":[{\"@type\":\"WebPage\",\"@id\":\"https:\\\/\\\/www.bogensport-beier.de\\\/magazin\\\/recurve\\\/\",\"url\":\"https:\\\/\\\/www.bogensport-beier.de\\\/magazin\\\/recurve\\\/\",\"name\":\"Recurve - Magazin - Bogensport Beier\",\"isPartOf\":{\"@id\":\"https:\\\/\\\/www.bogensport-beier.de\\\/magazin\\\/#website\"},\"datePublished\":\"2021-08-31T13:54:57+00:00\",\"dateModified\":\"2024-09-03T11:12:59+00:00\",\"breadcrumb\":{\"@id\":\"https:\\\/\\\/www.bogensport-beier.de\\\/magazin\\\/recurve\\\/#breadcrumb\"},\"inLanguage\":\"de\",\"potentialAction\":[{\"@type\":\"ReadAction\",\"target\":[\"https:\\\/\\\/www.bogensport-beier.de\\\/magazin\\\/recurve\\\/\"]}]},{\"@type\":\"BreadcrumbList\",\"@id\":\"https:\\\/\\\/www.bogensport-beier.de\\\/magazin\\\/recurve\\\/#breadcrumb\",\"itemListElement\":[{\"@type\":\"ListItem\",\"position\":1,\"name\":\"Startseite\",\"item\":\"https:\\\/\\\/www.bogensport-beier.de\\\/magazin\\\/\"},{\"@type\":\"ListItem\",\"position\":2,\"name\":\"Recurve\"}]},{\"@type\":\"WebSite\",\"@id\":\"https:\\\/\\\/www.bogensport-beier.de\\\/magazin\\\/#website\",\"url\":\"https:\\\/\\\/www.bogensport-beier.de\\\/magazin\\\/\",\"name\":\"Magazin - Bogensport Beier\",\"description\":\"Alles rund um den Bogensport\",\"potentialAction\":[{\"@type\":\"SearchAction\",\"target\":{\"@type\":\"EntryPoint\",\"urlTemplate\":\"https:\\\/\\\/www.bogensport-beier.de\\\/magazin\\\/?s={search_term_string}\"},\"query-input\":{\"@type\":\"PropertyValueSpecification\",\"valueRequired\":true,\"valueName\":\"search_term_string\"}}],\"inLanguage\":\"de\"}]}<\/script>\n<!-- \/ Yoast SEO plugin. -->","yoast_head_json":{"title":"Recurve - Magazin - Bogensport Beier","robots":{"index":"index","follow":"follow","max-snippet":"max-snippet:-1","max-image-preview":"max-image-preview:large","max-video-preview":"max-video-preview:-1"},"canonical":"https:\/\/www.bogensport-beier.de\/magazin\/recurve\/","og_locale":"de_DE","og_type":"article","og_title":"Recurve - Magazin - Bogensport Beier","og_url":"https:\/\/www.bogensport-beier.de\/magazin\/recurve\/","og_site_name":"Magazin - Bogensport Beier","article_modified_time":"2024-09-03T11:12:59+00:00","twitter_card":"summary_large_image","twitter_misc":{"Gesch\u00e4tzte Lesezeit":"4\u00a0Minuten"},"schema":{"@context":"https:\/\/schema.org","@graph":[{"@type":"WebPage","@id":"https:\/\/www.bogensport-beier.de\/magazin\/recurve\/","url":"https:\/\/www.bogensport-beier.de\/magazin\/recurve\/","name":"Recurve - Magazin - Bogensport Beier","isPartOf":{"@id":"https:\/\/www.bogensport-beier.de\/magazin\/#website"},"datePublished":"2021-08-31T13:54:57+00:00","dateModified":"2024-09-03T11:12:59+00:00","breadcrumb":{"@id":"https:\/\/www.bogensport-beier.de\/magazin\/recurve\/#breadcrumb"},"inLanguage":"de","potentialAction":[{"@type":"ReadAction","target":["https:\/\/www.bogensport-beier.de\/magazin\/recurve\/"]}]},{"@type":"BreadcrumbList","@id":"https:\/\/www.bogensport-beier.de\/magazin\/recurve\/#breadcrumb","itemListElement":[{"@type":"ListItem","position":1,"name":"Startseite","item":"https:\/\/www.bogensport-beier.de\/magazin\/"},{"@type":"ListItem","position":2,"name":"Recurve"}]},{"@type":"WebSite","@id":"https:\/\/www.bogensport-beier.de\/magazin\/#website","url":"https:\/\/www.bogensport-beier.de\/magazin\/","name":"Magazin - Bogensport Beier","description":"Alles rund um den Bogensport","potentialAction":[{"@type":"SearchAction","target":{"@type":"EntryPoint","urlTemplate":"https:\/\/www.bogensport-beier.de\/magazin\/?s={search_term_string}"},"query-input":{"@type":"PropertyValueSpecification","valueRequired":true,"valueName":"search_term_string"}}],"inLanguage":"de"}]}},"_links":{"self":[{"href":"https:\/\/www.bogensport-beier.de\/magazin\/wp-json\/wp\/v2\/pages\/122","targetHints":{"allow":["GET"]}}],"collection":[{"href":"https:\/\/www.bogensport-beier.de\/magazin\/wp-json\/wp\/v2\/pages"}],"about":[{"href":"https:\/\/www.bogensport-beier.de\/magazin\/wp-json\/wp\/v2\/types\/page"}],"author":[{"embeddable":true,"href":"https:\/\/www.bogensport-beier.de\/magazin\/wp-json\/wp\/v2\/users\/1"}],"replies":[{"embeddable":true,"href":"https:\/\/www.bogensport-beier.de\/magazin\/wp-json\/wp\/v2\/comments?post=122"}],"version-history":[{"count":10,"href":"https:\/\/www.bogensport-beier.de\/magazin\/wp-json\/wp\/v2\/pages\/122\/revisions"}],"predecessor-version":[{"id":1533,"href":"https:\/\/www.bogensport-beier.de\/magazin\/wp-json\/wp\/v2\/pages\/122\/revisions\/1533"}],"wp:attachment":[{"href":"https:\/\/www.bogensport-beier.de\/magazin\/wp-json\/wp\/v2\/media?parent=122"}],"curies":[{"name":"wp","href":"https:\/\/api.w.org\/{rel}","templated":true}]}}