{"id":1179,"date":"2023-07-11T13:17:53","date_gmt":"2023-07-11T11:17:53","guid":{"rendered":"https:\/\/www.bogensport-beier.de\/magazin\/?page_id=1179"},"modified":"2023-07-31T16:27:56","modified_gmt":"2023-07-31T14:27:56","slug":"messpfeil","status":"publish","type":"page","link":"https:\/\/www.bogensport-beier.de\/magazin\/messpfeil\/","title":{"rendered":"Messpfeil"},"content":{"rendered":"<div  class='flex_column av-bi4bf-09eb4f349057f17cd9a62fc2cdfcbe21 av_one_full  avia-builder-el-0  el_before_av_one_full  avia-builder-el-first  first flex_column_div  '     ><p>\n<style type=\"text\/css\" data-created_by=\"avia_inline_auto\" id=\"style-css-av-ljy6rjmf-9ac25777b683cbf3dd1be7cebde1822e\">\n#top .av-special-heading.av-ljy6rjmf-9ac25777b683cbf3dd1be7cebde1822e{\npadding-bottom:10px;\n}\nbody .av-special-heading.av-ljy6rjmf-9ac25777b683cbf3dd1be7cebde1822e .av-special-heading-tag .heading-char{\nfont-size:25px;\n}\n.av-special-heading.av-ljy6rjmf-9ac25777b683cbf3dd1be7cebde1822e .av-subheading{\nfont-size:15px;\n}\n<\/style>\n<div  class='av-special-heading av-ljy6rjmf-9ac25777b683cbf3dd1be7cebde1822e av-special-heading-h1 blockquote modern-quote  avia-builder-el-1  el_before_av_textblock  avia-builder-el-first '><h1 class='av-special-heading-tag '  itemprop=\"headline\"  >Der Messpfeil<\/h1><div class=\"special-heading-border\"><div class=\"special-heading-inner-border\"><\/div><\/div><\/div><br \/>\n<section  class='av_textblock_section av-ljy6ubyt-2a3defec9f33789e4d345df5bb61d2a0 '   itemscope=\"itemscope\" itemtype=\"https:\/\/schema.org\/CreativeWork\" ><div class='avia_textblock'  itemprop=\"text\" ><p>Der <em>Messpfeil<\/em>, z. B. von Easton ist das ideale Messmittel f\u00fcr die Pfeill\u00e4ngenmessung, bzw. -bestimmung im <em>Bogenschie\u00dfen<\/em>.<\/p>\n<p>Es gibt ja einige M\u00f6glichkeiten wie du deine individuelle Pfeill\u00e4nge \/ Auszugsl\u00e4nge bestimmen kannst. Bei den dort beschriebenen Methoden wir immer das Verh\u00e4ltnis von Arml\u00e4nge zur K\u00f6rpergr\u00f6\u00dfe und Schulterbreite ermittelt, um die Pfeill\u00e4nge, bzw. die Auszugsl\u00e4nge zu ermitteln.<\/p>\n<p>All diese M\u00f6glichkeiten brauchst Du nicht anzuwenden, wenn Du einen <a href=\"https:\/\/www.bogensport-beier.de\/zubehoer\/hilfsmittel\/nuetzliches\/1538\/messpfeil\" target=\"_blank\" rel=\"noopener\"><em>Messpfeil<\/em> <\/a>benutzt. Ein <em>Messpfeil<\/em> ist auch keine gro\u00dfe Investition, er sollten in jedem <em>Bogensport<\/em> Verein vorhanden sein.<\/p>\n<\/div><\/section><br \/>\n\n<style type=\"text\/css\" data-created_by=\"avia_inline_auto\" id=\"style-css-av-48sxbf-b22c4f9f710b8208220d6eeb344c194c\">\n.avia-image-container.av-48sxbf-b22c4f9f710b8208220d6eeb344c194c img.avia_image{\nbox-shadow:none;\n}\n.avia-image-container.av-48sxbf-b22c4f9f710b8208220d6eeb344c194c .av-image-caption-overlay-center{\ncolor:#ffffff;\n}\n<\/style>\n<div  class='avia-image-container av-48sxbf-b22c4f9f710b8208220d6eeb344c194c av-styling- avia-align-center  avia-builder-el-3  el_after_av_textblock  el_before_av_textblock '   itemprop=\"image\" itemscope=\"itemscope\" itemtype=\"https:\/\/schema.org\/ImageObject\" ><div class=\"avia-image-container-inner\"><div class=\"avia-image-overlay-wrap\"><img decoding=\"async\" fetchpriority=\"high\" class='wp-image-1182 avia-img-lazy-loading-not-1182 avia_image ' src=\"https:\/\/www.bogensport-beier.de\/magazin\/wp-content\/uploads\/2023\/07\/messpfeil-easton-bogensport-beier.jpg\" alt='' title='messpfeil-easton-bogensport-beier'  height=\"200\" width=\"1200\"  itemprop=\"thumbnailUrl\" srcset=\"https:\/\/www.bogensport-beier.de\/magazin\/wp-content\/uploads\/2023\/07\/messpfeil-easton-bogensport-beier.jpg 1200w, https:\/\/www.bogensport-beier.de\/magazin\/wp-content\/uploads\/2023\/07\/messpfeil-easton-bogensport-beier-300x50.jpg 300w, https:\/\/www.bogensport-beier.de\/magazin\/wp-content\/uploads\/2023\/07\/messpfeil-easton-bogensport-beier-1030x172.jpg 1030w, https:\/\/www.bogensport-beier.de\/magazin\/wp-content\/uploads\/2023\/07\/messpfeil-easton-bogensport-beier-768x128.jpg 768w, https:\/\/www.bogensport-beier.de\/magazin\/wp-content\/uploads\/2023\/07\/messpfeil-easton-bogensport-beier-705x118.jpg 705w\" sizes=\"(max-width: 1200px) 100vw, 1200px\" \/><\/div><\/div><\/div><br \/>\n<section  class='av_textblock_section av-ljy6zunp-3fff43f33cb2d6d9af121a7d0971a5f5 '   itemscope=\"itemscope\" itemtype=\"https:\/\/schema.org\/CreativeWork\" ><div class='avia_textblock'  itemprop=\"text\" ><p>Mit dem Messpfeil kannst Du einmal die Auszugsl\u00e4nge und die Pfeill\u00e4nge messen. Denn die beiden sind nicht das gleiche.<\/p>\n<p>Die Auszugsl\u00e4nge wird am tiefsten Punkt im Bogen Griffst\u00fcck <strong>(1) <\/strong>der sogenannte Pivot-Point nach ATA gemessen. Die Pfeill\u00e4nge 1 \u00be Zoll vom tiefsten Punkt aus nach vorn gemessen. Der Einfachheit halber nimmt man die Vorderkante des Bogens.<\/p>\n<p>Bei der Pfeill\u00e4nge ist immer die Nocke bis zum Anfang der Spitze dabei. Nicht zu vergessen, dass bei Holzpfeilen der Rohschaft noch in die Spitze ragt, die aufgeschraubt oder aufgeklebt wird. Somit sind Auszugsl\u00e4nge und Pfeill\u00e4nge nicht das Gleiche!<\/p>\n<p>Siehe Skizze:<br \/>\nQuelle AMO Standards<\/p>\n<\/div><\/section><br \/>\n\n<style type=\"text\/css\" data-created_by=\"avia_inline_auto\" id=\"style-css-av-ljy8jous-2638b3d71b5a526f4221d77b30ddb182\">\n.avia-image-container.av-ljy8jous-2638b3d71b5a526f4221d77b30ddb182 img.avia_image{\nbox-shadow:none;\n}\n.avia-image-container.av-ljy8jous-2638b3d71b5a526f4221d77b30ddb182 .av-image-caption-overlay-center{\ncolor:#ffffff;\n}\n<\/style>\n<div  class='avia-image-container av-ljy8jous-2638b3d71b5a526f4221d77b30ddb182 av-styling- avia-align-center  avia-builder-el-5  el_after_av_textblock  el_before_av_textblock '   itemprop=\"image\" itemscope=\"itemscope\" itemtype=\"https:\/\/schema.org\/ImageObject\" ><div class=\"avia-image-container-inner\"><div class=\"avia-image-overlay-wrap\"><img decoding=\"async\" fetchpriority=\"high\" class='wp-image-1194 avia-img-lazy-loading-not-1194 avia_image ' src=\"https:\/\/www.bogensport-beier.de\/magazin\/wp-content\/uploads\/2023\/07\/pfeillaenge-messen-amo-standards.jpg\" alt='' title='pfeillaenge-messen-amo-standards'  height=\"587\" width=\"1200\"  itemprop=\"thumbnailUrl\" srcset=\"https:\/\/www.bogensport-beier.de\/magazin\/wp-content\/uploads\/2023\/07\/pfeillaenge-messen-amo-standards.jpg 1200w, https:\/\/www.bogensport-beier.de\/magazin\/wp-content\/uploads\/2023\/07\/pfeillaenge-messen-amo-standards-300x147.jpg 300w, https:\/\/www.bogensport-beier.de\/magazin\/wp-content\/uploads\/2023\/07\/pfeillaenge-messen-amo-standards-1030x504.jpg 1030w, https:\/\/www.bogensport-beier.de\/magazin\/wp-content\/uploads\/2023\/07\/pfeillaenge-messen-amo-standards-768x376.jpg 768w, https:\/\/www.bogensport-beier.de\/magazin\/wp-content\/uploads\/2023\/07\/pfeillaenge-messen-amo-standards-705x345.jpg 705w\" sizes=\"(max-width: 1200px) 100vw, 1200px\" \/><\/div><\/div><\/div><br \/>\n<section  class='av_textblock_section av-ljy8hfd5-da3864a836eda9b63eb0d5313c278427 '   itemscope=\"itemscope\" itemtype=\"https:\/\/schema.org\/CreativeWork\" ><div class='avia_textblock'  itemprop=\"text\" ><p>Der Pfeil sollte immer so kurz wir m\u00f6glich und so lang wie n\u00f6tig sein. Die Abstimmung auch des Pfeilgewichts und des Spinewerts sind von entscheidender Bedeutung f\u00fcr das Treffen der Zielscheibe beim Bogenschie\u00dfen.<\/p>\n<p>&gt;&gt; der Pfeil trifft, nicht der Bogen &lt;&lt;<\/p>\n<p>Der tiefste Punkt im Griffst\u00fcck des Bogens <strong>(1) <\/strong>ist der sogenannte Pivot-Piont (Drehpunkt). Idealer Weise sollte immer und dem h\u00f6chsten Punkt der Pfeilauflage liegen. Das w\u00e4re der Punkt auf dem Pfeil im Bogen aufliegt, oder eben unter dem der Finger der Pfeilauflage sein.<\/p>\n<\/div><\/section><br \/>\n\n<style type=\"text\/css\" data-created_by=\"avia_inline_auto\" id=\"style-css-sub-av-ljy7uwoi-72e3420d785fcd097e3d46c828a5aad0\">\n.av-hotspot-image-container .av-image-hotspot.av-ljy7vfcp-75f32778103f12067d45db4a0da337f0{\ntop:45%;\nleft:55%;\n}\n.av-hotspot-image-container .av-image-hotspot.av-ljy7vfcp-75f32778103f12067d45db4a0da337f0 .av-image-hotspot_inner{\nbackground-color:#edae44;\ncolor:#ffffff;\n}\n.av-hotspot-image-container .av-image-hotspot.av-ljy7vfcp-75f32778103f12067d45db4a0da337f0 .av-image-hotspot-pulse{\nbackground-color:#edae44;\n}\n<\/style>\n<div  class='av-hotspot-image-container av-ljy7uwoi-72e3420d785fcd097e3d46c828a5aad0  avia-builder-el-7  el_after_av_textblock  el_before_av_textblock  av-hotspot-numbered av-mobile-fallback-active  av-non-fullwidth-hotspot-image'  itemprop=\"image\" itemscope=\"itemscope\" itemtype=\"https:\/\/schema.org\/ImageObject\" ><div class='av-hotspot-container'><div class='av-hotspot-container-inner-cell'><div class='av-hotspot-container-inner-wrap'><div class='av-image-hotspot av-ljy7vfcp-75f32778103f12067d45db4a0da337f0 av-image-hotspot-1 ' data-avia-tooltip-position='top' data-avia-tooltip-alignment='left' data-avia-tooltip-class='av-tt-default-width av-tt-pos-above av-tt-align-left  av-mobile-fallback-active  main_color av-tooltip-shadow av-tt-hotspot' data-avia-tooltip='&lt;p&gt;Pivot-Point&lt;\/p&gt;\n'><div class='av-image-hotspot_inner'>1<\/div><div class='av-image-hotspot-pulse'><\/div><\/div><img decoding=\"async\" fetchpriority=\"high\" class='wp-image-1184 avia-img-lazy-loading-not-1184 avia_image' src=\"https:\/\/www.bogensport-beier.de\/magazin\/wp-content\/uploads\/2023\/07\/bogen-bogenschiessen-griffstuek-kaya-bogensport-beier-300x300.jpg\" alt='' title='bogen-bogenschie\u00dfen-griffstuek-kaya-bogensport-beier'  height=\"300\" width=\"300\"  itemprop=\"thumbnailUrl\" srcset=\"https:\/\/www.bogensport-beier.de\/magazin\/wp-content\/uploads\/2023\/07\/bogen-bogenschiessen-griffstuek-kaya-bogensport-beier-300x300.jpg 300w, https:\/\/www.bogensport-beier.de\/magazin\/wp-content\/uploads\/2023\/07\/bogen-bogenschiessen-griffstuek-kaya-bogensport-beier-1030x1030.jpg 1030w, https:\/\/www.bogensport-beier.de\/magazin\/wp-content\/uploads\/2023\/07\/bogen-bogenschiessen-griffstuek-kaya-bogensport-beier-80x80.jpg 80w, https:\/\/www.bogensport-beier.de\/magazin\/wp-content\/uploads\/2023\/07\/bogen-bogenschiessen-griffstuek-kaya-bogensport-beier-768x768.jpg 768w, https:\/\/www.bogensport-beier.de\/magazin\/wp-content\/uploads\/2023\/07\/bogen-bogenschiessen-griffstuek-kaya-bogensport-beier-36x36.jpg 36w, https:\/\/www.bogensport-beier.de\/magazin\/wp-content\/uploads\/2023\/07\/bogen-bogenschiessen-griffstuek-kaya-bogensport-beier-180x180.jpg 180w, https:\/\/www.bogensport-beier.de\/magazin\/wp-content\/uploads\/2023\/07\/bogen-bogenschiessen-griffstuek-kaya-bogensport-beier-705x705.jpg 705w, https:\/\/www.bogensport-beier.de\/magazin\/wp-content\/uploads\/2023\/07\/bogen-bogenschiessen-griffstuek-kaya-bogensport-beier.jpg 1500w\" sizes=\"(max-width: 300px) 100vw, 300px\" \/><\/div><\/div><\/div><div class='av-hotspot-fallback-tooltip av-image-hotspot-1 '><div class=\"av-hotspot-fallback-tooltip-count\">1<div class=\"avia-arrow\"><\/div><\/div><div class=\"av-hotspot-fallback-tooltip-inner clearfix\"><p>\nPivot-Point<\/p>\n<\/div><\/div><\/div><br \/>\n<section  class='av_textblock_section av-ljy7029o-7481495baecec2cfa207d5d231a9dd18 '   itemscope=\"itemscope\" itemtype=\"https:\/\/schema.org\/CreativeWork\" ><div class='avia_textblock'  itemprop=\"text\" ><p>Bei Olympischen Sch\u00fctzen die mit einem Klicker arbeiten muss der Pfeil noch etwas l\u00e4nger sein.<\/p>\n<p>Bei Anf\u00e4ngern im <i>Bogenschie\u00dfen<\/i> sollte der Pfeil generell 1 bis 2 Zoll l\u00e4nger sein, da sich im Laufe des <i>Bogenschie\u00df<\/i> Trainings der Auszug durch Steigerung des Trainingszustands verl\u00e4ngert. Sobald sich der <i>Bogenschie\u00df<\/i> Stil beim Bogensch\u00fctzen gefestigt hat kann die Pfeill\u00e4nge beim n\u00e4chsten <i>Pfeil Kauf<\/i> reduziert werden.<\/p>\n<\/div><\/section><\/p><\/div>\n<div  class='flex_column av-2ry28b-9e5c5615acc4e2f6c8fb17622f4e196f av_one_full  avia-builder-el-9  el_after_av_one_full  avia-builder-el-last  first flex_column_div  column-top-margin'     ><div  class='avia-button-wrap av-lkqyhpn0-d19e0b37a4726fbd0b0000d3c868e089-wrap avia-button-center  avia-builder-el-10  avia-builder-el-no-sibling '><a href='https:\/\/www.bogensport-beier.de\/magazin\/videos\/#messpfeil'  class='avia-button av-lkqyhpn0-d19e0b37a4726fbd0b0000d3c868e089 av-link-btn avia-icon_select-yes-right-icon avia-size-large avia-position-center avia-color-theme-color'   aria-label=\"zum Video \u00fcber den Messpfeil\"><span class='avia_iconbox_title' >zum Video \u00fcber den Messpfeil<\/span><span class='avia_button_icon avia_button_icon_right' aria-hidden='true' data-av_icon='\ue881' data-av_iconfont='entypo-fontello'><\/span><\/a><\/div><\/div>\n","protected":false},"excerpt":{"rendered":"","protected":false},"author":1,"featured_media":0,"parent":0,"menu_order":0,"comment_status":"closed","ping_status":"closed","template":"","meta":{"footnotes":""},"class_list":["post-1179","page","type-page","status-publish","hentry"],"yoast_head":"<!-- This site is optimized with the Yoast SEO plugin v27.1.1 - https:\/\/yoast.com\/product\/yoast-seo-wordpress\/ -->\n<title>Messpfeil - Magazin - Bogensport Beier<\/title>\n<meta name=\"robots\" content=\"index, follow, max-snippet:-1, max-image-preview:large, max-video-preview:-1\" \/>\n<link rel=\"canonical\" href=\"https:\/\/www.bogensport-beier.de\/magazin\/messpfeil\/\" \/>\n<meta property=\"og:locale\" content=\"de_DE\" \/>\n<meta property=\"og:type\" content=\"article\" \/>\n<meta property=\"og:title\" content=\"Messpfeil - Magazin - Bogensport Beier\" \/>\n<meta property=\"og:url\" content=\"https:\/\/www.bogensport-beier.de\/magazin\/messpfeil\/\" \/>\n<meta property=\"og:site_name\" content=\"Magazin - Bogensport Beier\" \/>\n<meta property=\"article:modified_time\" content=\"2023-07-31T14:27:56+00:00\" \/>\n<meta name=\"twitter:card\" content=\"summary_large_image\" \/>\n<meta name=\"twitter:label1\" content=\"Gesch\u00e4tzte Lesezeit\" \/>\n\t<meta name=\"twitter:data1\" content=\"4\u00a0Minuten\" \/>\n<script type=\"application\/ld+json\" class=\"yoast-schema-graph\">{\"@context\":\"https:\/\/schema.org\",\"@graph\":[{\"@type\":\"WebPage\",\"@id\":\"https:\/\/www.bogensport-beier.de\/magazin\/messpfeil\/\",\"url\":\"https:\/\/www.bogensport-beier.de\/magazin\/messpfeil\/\",\"name\":\"Messpfeil - Magazin - Bogensport Beier\",\"isPartOf\":{\"@id\":\"https:\/\/www.bogensport-beier.de\/magazin\/#website\"},\"datePublished\":\"2023-07-11T11:17:53+00:00\",\"dateModified\":\"2023-07-31T14:27:56+00:00\",\"breadcrumb\":{\"@id\":\"https:\/\/www.bogensport-beier.de\/magazin\/messpfeil\/#breadcrumb\"},\"inLanguage\":\"de\",\"potentialAction\":[{\"@type\":\"ReadAction\",\"target\":[\"https:\/\/www.bogensport-beier.de\/magazin\/messpfeil\/\"]}]},{\"@type\":\"BreadcrumbList\",\"@id\":\"https:\/\/www.bogensport-beier.de\/magazin\/messpfeil\/#breadcrumb\",\"itemListElement\":[{\"@type\":\"ListItem\",\"position\":1,\"name\":\"Startseite\",\"item\":\"https:\/\/www.bogensport-beier.de\/magazin\/\"},{\"@type\":\"ListItem\",\"position\":2,\"name\":\"Messpfeil\"}]},{\"@type\":\"WebSite\",\"@id\":\"https:\/\/www.bogensport-beier.de\/magazin\/#website\",\"url\":\"https:\/\/www.bogensport-beier.de\/magazin\/\",\"name\":\"Magazin - Bogensport Beier\",\"description\":\"Alles rund um den Bogensport\",\"potentialAction\":[{\"@type\":\"SearchAction\",\"target\":{\"@type\":\"EntryPoint\",\"urlTemplate\":\"https:\/\/www.bogensport-beier.de\/magazin\/?s={search_term_string}\"},\"query-input\":{\"@type\":\"PropertyValueSpecification\",\"valueRequired\":true,\"valueName\":\"search_term_string\"}}],\"inLanguage\":\"de\"}]}<\/script>\n<!-- \/ Yoast SEO plugin. -->","yoast_head_json":{"title":"Messpfeil - Magazin - Bogensport Beier","robots":{"index":"index","follow":"follow","max-snippet":"max-snippet:-1","max-image-preview":"max-image-preview:large","max-video-preview":"max-video-preview:-1"},"canonical":"https:\/\/www.bogensport-beier.de\/magazin\/messpfeil\/","og_locale":"de_DE","og_type":"article","og_title":"Messpfeil - Magazin - Bogensport Beier","og_url":"https:\/\/www.bogensport-beier.de\/magazin\/messpfeil\/","og_site_name":"Magazin - Bogensport Beier","article_modified_time":"2023-07-31T14:27:56+00:00","twitter_card":"summary_large_image","twitter_misc":{"Gesch\u00e4tzte Lesezeit":"4\u00a0Minuten"},"schema":{"@context":"https:\/\/schema.org","@graph":[{"@type":"WebPage","@id":"https:\/\/www.bogensport-beier.de\/magazin\/messpfeil\/","url":"https:\/\/www.bogensport-beier.de\/magazin\/messpfeil\/","name":"Messpfeil - Magazin - Bogensport Beier","isPartOf":{"@id":"https:\/\/www.bogensport-beier.de\/magazin\/#website"},"datePublished":"2023-07-11T11:17:53+00:00","dateModified":"2023-07-31T14:27:56+00:00","breadcrumb":{"@id":"https:\/\/www.bogensport-beier.de\/magazin\/messpfeil\/#breadcrumb"},"inLanguage":"de","potentialAction":[{"@type":"ReadAction","target":["https:\/\/www.bogensport-beier.de\/magazin\/messpfeil\/"]}]},{"@type":"BreadcrumbList","@id":"https:\/\/www.bogensport-beier.de\/magazin\/messpfeil\/#breadcrumb","itemListElement":[{"@type":"ListItem","position":1,"name":"Startseite","item":"https:\/\/www.bogensport-beier.de\/magazin\/"},{"@type":"ListItem","position":2,"name":"Messpfeil"}]},{"@type":"WebSite","@id":"https:\/\/www.bogensport-beier.de\/magazin\/#website","url":"https:\/\/www.bogensport-beier.de\/magazin\/","name":"Magazin - Bogensport Beier","description":"Alles rund um den Bogensport","potentialAction":[{"@type":"SearchAction","target":{"@type":"EntryPoint","urlTemplate":"https:\/\/www.bogensport-beier.de\/magazin\/?s={search_term_string}"},"query-input":{"@type":"PropertyValueSpecification","valueRequired":true,"valueName":"search_term_string"}}],"inLanguage":"de"}]}},"_links":{"self":[{"href":"https:\/\/www.bogensport-beier.de\/magazin\/wp-json\/wp\/v2\/pages\/1179","targetHints":{"allow":["GET"]}}],"collection":[{"href":"https:\/\/www.bogensport-beier.de\/magazin\/wp-json\/wp\/v2\/pages"}],"about":[{"href":"https:\/\/www.bogensport-beier.de\/magazin\/wp-json\/wp\/v2\/types\/page"}],"author":[{"embeddable":true,"href":"https:\/\/www.bogensport-beier.de\/magazin\/wp-json\/wp\/v2\/users\/1"}],"replies":[{"embeddable":true,"href":"https:\/\/www.bogensport-beier.de\/magazin\/wp-json\/wp\/v2\/comments?post=1179"}],"version-history":[{"count":14,"href":"https:\/\/www.bogensport-beier.de\/magazin\/wp-json\/wp\/v2\/pages\/1179\/revisions"}],"predecessor-version":[{"id":1250,"href":"https:\/\/www.bogensport-beier.de\/magazin\/wp-json\/wp\/v2\/pages\/1179\/revisions\/1250"}],"wp:attachment":[{"href":"https:\/\/www.bogensport-beier.de\/magazin\/wp-json\/wp\/v2\/media?parent=1179"}],"curies":[{"name":"wp","href":"https:\/\/api.w.org\/{rel}","templated":true}]}}