{"id":1116,"date":"2023-05-25T13:20:26","date_gmt":"2023-05-25T11:20:26","guid":{"rendered":"https:\/\/www.bogensport-beier.de\/magazin\/?page_id=1116"},"modified":"2023-05-25T13:20:26","modified_gmt":"2023-05-25T11:20:26","slug":"string-walking","status":"publish","type":"page","link":"https:\/\/www.bogensport-beier.de\/magazin\/string-walking\/","title":{"rendered":"String Walking"},"content":{"rendered":"<section  class='av_textblock_section av-li31irp2-5e2c87b66d19c085cfd9c1722dc6ca6d '   itemscope=\"itemscope\" itemtype=\"https:\/\/schema.org\/CreativeWork\" ><div class='avia_textblock'  itemprop=\"text\" ><h2>Zielen mittels String Walking<\/h2>\n<p>Beim <em>Sting Walking<\/em> wird mit nur einem ge\u00f6ffneten Auge das Ziel \u00fcber die Peilspitze anvisiert. Im Gegensatz zum reinen Zielen \u00fcber die Pfeilspitze, h\u00e4lt der Bogensch\u00fctze die Pfeilspitze immer direkt in das Ziel. Je nach Distanz zum Ziel wird die Zughand unterhalb der Pfeilnocke an der Sehne entlang nach unten, durch abz\u00e4hlen der Mittenwicklungen, entsprechend der gesch\u00e4tzten Entfernung zum Ziel, verschoben. Es wird hier ein externes Mittel zur Hilfe um zu zielen hergenommen, n\u00e4mlich die Pfeilspitze. Hier ist zu bedenken, dass der Bogen nie gleichm\u00e4\u00dfig belastet wird, sondern asymmetrisch. Das wirkt sich negativ auf die Lebensdauer des Bogens aus.<\/p>\n<\/div><\/section>\n","protected":false},"excerpt":{"rendered":"","protected":false},"author":1,"featured_media":0,"parent":0,"menu_order":0,"comment_status":"closed","ping_status":"closed","template":"","meta":{"footnotes":""},"class_list":["post-1116","page","type-page","status-publish","hentry"],"yoast_head":"<!-- This site is optimized with the Yoast SEO plugin v27.1.1 - https:\/\/yoast.com\/product\/yoast-seo-wordpress\/ -->\n<title>String Walking - Magazin - Bogensport Beier<\/title>\n<meta name=\"description\" content=\"Beim Sting Walking wird mit nur einem ge\u00f6ffneten Auge das Ziel \u00fcber die Peilspitze anvisiert. Mehr dazu hier -&gt;\" \/>\n<meta name=\"robots\" content=\"index, follow, max-snippet:-1, max-image-preview:large, max-video-preview:-1\" \/>\n<link rel=\"canonical\" href=\"https:\/\/www.bogensport-beier.de\/magazin\/string-walking\/\" \/>\n<meta property=\"og:locale\" content=\"de_DE\" \/>\n<meta property=\"og:type\" content=\"article\" \/>\n<meta property=\"og:title\" content=\"String Walking - Magazin - Bogensport Beier\" \/>\n<meta property=\"og:description\" content=\"Beim Sting Walking wird mit nur einem ge\u00f6ffneten Auge das Ziel \u00fcber die Peilspitze anvisiert. Mehr dazu hier -&gt;\" \/>\n<meta property=\"og:url\" content=\"https:\/\/www.bogensport-beier.de\/magazin\/string-walking\/\" \/>\n<meta property=\"og:site_name\" content=\"Magazin - Bogensport Beier\" \/>\n<meta name=\"twitter:card\" content=\"summary_large_image\" \/>\n<meta name=\"twitter:label1\" content=\"Gesch\u00e4tzte Lesezeit\" \/>\n\t<meta name=\"twitter:data1\" content=\"1\u00a0Minute\" \/>\n<script type=\"application\/ld+json\" class=\"yoast-schema-graph\">{\"@context\":\"https:\/\/schema.org\",\"@graph\":[{\"@type\":\"WebPage\",\"@id\":\"https:\/\/www.bogensport-beier.de\/magazin\/string-walking\/\",\"url\":\"https:\/\/www.bogensport-beier.de\/magazin\/string-walking\/\",\"name\":\"String Walking - Magazin - Bogensport Beier\",\"isPartOf\":{\"@id\":\"https:\/\/www.bogensport-beier.de\/magazin\/#website\"},\"datePublished\":\"2023-05-25T11:20:26+00:00\",\"description\":\"Beim Sting Walking wird mit nur einem ge\u00f6ffneten Auge das Ziel \u00fcber die Peilspitze anvisiert. Mehr dazu hier ->\",\"breadcrumb\":{\"@id\":\"https:\/\/www.bogensport-beier.de\/magazin\/string-walking\/#breadcrumb\"},\"inLanguage\":\"de\",\"potentialAction\":[{\"@type\":\"ReadAction\",\"target\":[\"https:\/\/www.bogensport-beier.de\/magazin\/string-walking\/\"]}]},{\"@type\":\"BreadcrumbList\",\"@id\":\"https:\/\/www.bogensport-beier.de\/magazin\/string-walking\/#breadcrumb\",\"itemListElement\":[{\"@type\":\"ListItem\",\"position\":1,\"name\":\"Startseite\",\"item\":\"https:\/\/www.bogensport-beier.de\/magazin\/\"},{\"@type\":\"ListItem\",\"position\":2,\"name\":\"String Walking\"}]},{\"@type\":\"WebSite\",\"@id\":\"https:\/\/www.bogensport-beier.de\/magazin\/#website\",\"url\":\"https:\/\/www.bogensport-beier.de\/magazin\/\",\"name\":\"Magazin - Bogensport Beier\",\"description\":\"Alles rund um den Bogensport\",\"potentialAction\":[{\"@type\":\"SearchAction\",\"target\":{\"@type\":\"EntryPoint\",\"urlTemplate\":\"https:\/\/www.bogensport-beier.de\/magazin\/?s={search_term_string}\"},\"query-input\":{\"@type\":\"PropertyValueSpecification\",\"valueRequired\":true,\"valueName\":\"search_term_string\"}}],\"inLanguage\":\"de\"}]}<\/script>\n<!-- \/ Yoast SEO plugin. -->","yoast_head_json":{"title":"String Walking - Magazin - Bogensport Beier","description":"Beim Sting Walking wird mit nur einem ge\u00f6ffneten Auge das Ziel \u00fcber die Peilspitze anvisiert. Mehr dazu hier ->","robots":{"index":"index","follow":"follow","max-snippet":"max-snippet:-1","max-image-preview":"max-image-preview:large","max-video-preview":"max-video-preview:-1"},"canonical":"https:\/\/www.bogensport-beier.de\/magazin\/string-walking\/","og_locale":"de_DE","og_type":"article","og_title":"String Walking - Magazin - Bogensport Beier","og_description":"Beim Sting Walking wird mit nur einem ge\u00f6ffneten Auge das Ziel \u00fcber die Peilspitze anvisiert. Mehr dazu hier ->","og_url":"https:\/\/www.bogensport-beier.de\/magazin\/string-walking\/","og_site_name":"Magazin - Bogensport Beier","twitter_card":"summary_large_image","twitter_misc":{"Gesch\u00e4tzte Lesezeit":"1\u00a0Minute"},"schema":{"@context":"https:\/\/schema.org","@graph":[{"@type":"WebPage","@id":"https:\/\/www.bogensport-beier.de\/magazin\/string-walking\/","url":"https:\/\/www.bogensport-beier.de\/magazin\/string-walking\/","name":"String Walking - Magazin - Bogensport Beier","isPartOf":{"@id":"https:\/\/www.bogensport-beier.de\/magazin\/#website"},"datePublished":"2023-05-25T11:20:26+00:00","description":"Beim Sting Walking wird mit nur einem ge\u00f6ffneten Auge das Ziel \u00fcber die Peilspitze anvisiert. Mehr dazu hier ->","breadcrumb":{"@id":"https:\/\/www.bogensport-beier.de\/magazin\/string-walking\/#breadcrumb"},"inLanguage":"de","potentialAction":[{"@type":"ReadAction","target":["https:\/\/www.bogensport-beier.de\/magazin\/string-walking\/"]}]},{"@type":"BreadcrumbList","@id":"https:\/\/www.bogensport-beier.de\/magazin\/string-walking\/#breadcrumb","itemListElement":[{"@type":"ListItem","position":1,"name":"Startseite","item":"https:\/\/www.bogensport-beier.de\/magazin\/"},{"@type":"ListItem","position":2,"name":"String Walking"}]},{"@type":"WebSite","@id":"https:\/\/www.bogensport-beier.de\/magazin\/#website","url":"https:\/\/www.bogensport-beier.de\/magazin\/","name":"Magazin - Bogensport Beier","description":"Alles rund um den Bogensport","potentialAction":[{"@type":"SearchAction","target":{"@type":"EntryPoint","urlTemplate":"https:\/\/www.bogensport-beier.de\/magazin\/?s={search_term_string}"},"query-input":{"@type":"PropertyValueSpecification","valueRequired":true,"valueName":"search_term_string"}}],"inLanguage":"de"}]}},"_links":{"self":[{"href":"https:\/\/www.bogensport-beier.de\/magazin\/wp-json\/wp\/v2\/pages\/1116","targetHints":{"allow":["GET"]}}],"collection":[{"href":"https:\/\/www.bogensport-beier.de\/magazin\/wp-json\/wp\/v2\/pages"}],"about":[{"href":"https:\/\/www.bogensport-beier.de\/magazin\/wp-json\/wp\/v2\/types\/page"}],"author":[{"embeddable":true,"href":"https:\/\/www.bogensport-beier.de\/magazin\/wp-json\/wp\/v2\/users\/1"}],"replies":[{"embeddable":true,"href":"https:\/\/www.bogensport-beier.de\/magazin\/wp-json\/wp\/v2\/comments?post=1116"}],"version-history":[{"count":2,"href":"https:\/\/www.bogensport-beier.de\/magazin\/wp-json\/wp\/v2\/pages\/1116\/revisions"}],"predecessor-version":[{"id":1395,"href":"https:\/\/www.bogensport-beier.de\/magazin\/wp-json\/wp\/v2\/pages\/1116\/revisions\/1395"}],"wp:attachment":[{"href":"https:\/\/www.bogensport-beier.de\/magazin\/wp-json\/wp\/v2\/media?parent=1116"}],"curies":[{"name":"wp","href":"https:\/\/api.w.org\/{rel}","templated":true}]}}